{"id":5311993,"date":"2026-01-19T13:39:12","date_gmt":"2026-01-19T11:39:12","guid":{"rendered":"https:\/\/gadgettravellers.eu\/shop\/base-da-soffitto-per-televisore-per-dimensioni-14-42-170611\/"},"modified":"2026-04-15T21:52:04","modified_gmt":"2026-04-15T19:52:04","slug":"base-da-soffitto-per-televisore-per-dimensioni-14-42-170611","status":"publish","type":"product","link":"https:\/\/gadgettravellers.eu\/it\/shop\/base-da-soffitto-per-televisore-per-dimensioni-14-42-170611\/","title":{"rendered":"Base da soffitto per televisore per dimensioni 14&#8243;-42&#8243; &#8211; 170611"},"content":{"rendered":"<p>Base da soffitto per TV, per televisori da 14-42\u2033, con possibilit\u00e0 di regolazione dell&#8217;inclinazione verticale e dell&#8217;altezza.<br \/>Struttura metallica robusta per massima stabilit\u00e0.<\/p>\n<p>Altezza regolabile: 46-88cm<\/p>\n<p>VESA:<br \/>75 x 75mm<br \/>100 x 100mm<br \/>200 x 100mm<br \/>200 x 200mm<\/p>\n<p>Sono inclusi tutti gli strumenti necessari per il montaggio.<\/p>\n","protected":false},"excerpt":{"rendered":"<p>Base a soffitto per televisori da 14\u201342\u2033 con altezza regolabile da 46 a 88 cm e possibilit\u00e0 di inclinazione verticale. Struttura metallica robusta, compatibile con VESA 75\u00d775, 100\u00d7100, 200\u00d7100 e 200\u00d7200, con tutti gli accessori di montaggio.<\/p>\n","protected":false},"featured_media":5186482,"comment_status":"closed","ping_status":"open","template":"","meta":[],"product_brand":[],"product_cat":[],"product_tag":[15],"class_list":{"0":"post-5311993","1":"product","2":"type-product","3":"status-publish","4":"has-post-thumbnail","6":"product_tag-uncategorized","8":"first","9":"onbackorder","10":"purchasable","11":"product-type-simple"},"jetpack_sharing_enabled":true,"_links":{"self":[{"href":"https:\/\/gadgettravellers.eu\/it\/wp-json\/wp\/v2\/product\/5311993","targetHints":{"allow":["GET"]}}],"collection":[{"href":"https:\/\/gadgettravellers.eu\/it\/wp-json\/wp\/v2\/product"}],"about":[{"href":"https:\/\/gadgettravellers.eu\/it\/wp-json\/wp\/v2\/types\/product"}],"replies":[{"embeddable":true,"href":"https:\/\/gadgettravellers.eu\/it\/wp-json\/wp\/v2\/comments?post=5311993"}],"wp:featuredmedia":[{"embeddable":true,"href":"https:\/\/gadgettravellers.eu\/it\/wp-json\/wp\/v2\/media\/5186482"}],"wp:attachment":[{"href":"https:\/\/gadgettravellers.eu\/it\/wp-json\/wp\/v2\/media?parent=5311993"}],"wp:term":[{"taxonomy":"product_brand","embeddable":true,"href":"https:\/\/gadgettravellers.eu\/it\/wp-json\/wp\/v2\/product_brand?post=5311993"},{"taxonomy":"product_cat","embeddable":true,"href":"https:\/\/gadgettravellers.eu\/it\/wp-json\/wp\/v2\/product_cat?post=5311993"},{"taxonomy":"product_tag","embeddable":true,"href":"https:\/\/gadgettravellers.eu\/it\/wp-json\/wp\/v2\/product_tag?post=5311993"}],"curies":[{"name":"wp","href":"https:\/\/api.w.org\/{rel}","templated":true}]}}