{"id":5312023,"date":"2026-01-19T13:39:49","date_gmt":"2026-01-19T11:39:49","guid":{"rendered":"https:\/\/gadgettravellers.eu\/shop\/monopattino-elettrico-con-sella-ert-010-35km-h-563801\/"},"modified":"2026-04-10T21:42:11","modified_gmt":"2026-04-10T19:42:11","slug":"monopattino-elettrico-con-sella-ert-010-35km-h-563801","status":"publish","type":"product","link":"https:\/\/gadgettravellers.eu\/it\/shop\/monopattino-elettrico-con-sella-ert-010-35km-h-563801\/","title":{"rendered":"Monopattino elettrico con sella &#8211; ERT-010 &#8211; 35km\/h &#8211; 563801"},"content":{"rendered":"<p>Accessibile e flessibile, il monopattino elettrico ERT-010 ti permetter\u00e0 di muoverti facilmente in citt\u00e0 e ti sar\u00e0 di grande aiuto per gli spostamenti quotidiani.<br \/>\u00c8 dotato di un motore da 350W che gli consente di raggiungere 3 velocit\u00e0: Slow fino a 15 km\/h, Mid fino a 25 km\/h, Fast fino a 35 km\/h.<br \/>Rappresenta un&#8217;ottima alternativa alla bicicletta o all&#8217;auto che sar\u00e0 amata dagli appassionati di tecnologia e gadget.<br \/>\u00c8 dotato di freno a disco anteriore manuale e freno a disco posteriore manuale, mentre il sistema di regolazione a tre punti permette un controllo fluido per un&#8217;esperienza di guida sicura.<br \/>Pu\u00f2 sopportare un peso fino a 120 kg.<br \/>Dispone di luci LED anteriori e posteriori e di un comodo meccanismo di piegatura.<br \/>L&#8217;autonomia dipende dal peso esatto e dalla superficie su cui viene utilizzato, ma in generale arriva fino a 38 km.<\/p>\n<p>Caratteristiche:<br \/>Regolazione della velocit\u00e0: 3 modalit\u00e0 di velocit\u00e0.<br \/>Peso: 15,5 kg<br \/>Diametro ruota: 10 pollici<br \/>Dimensioni monopattino: 110 x 56 x 120 cm<br \/>Velocit\u00e0 massima: 40 km\/h<br \/>Autonomia: fino a 40 km (a seconda del peso)<br \/>Carico massimo: 120 kg<br \/>Potenza: 350W<br \/>Batteria: 36V 10 AH<br \/>Tempo di ricarica: 5-8 ore<br \/>Materiale: alluminio, plastica, poliuretano<br \/>Sella: S\u00ec<br \/>Sistema frenante: freno anteriore e posteriore (freni a disco)<br \/>Illuminazione: Faro LED<br \/>Tipo di pneumatici: con camera d&#8217;aria<\/p>\n<p>Dimensioni confezione: 120 x 25 x 42 cm<\/p>\n","protected":false},"excerpt":{"rendered":"<p>Monopattino elettrico con sella, 350W e 3 regolazioni di velocit\u00e0 (fino a 35 km\/h). Autonomia fino a 38 km, design pieghevole, freni a disco e illuminazione LED \u2014 ideale per gli spostamenti in citt\u00e0.<\/p>\n","protected":false},"featured_media":5195642,"comment_status":"closed","ping_status":"open","template":"","meta":[],"product_brand":[],"product_cat":[],"product_tag":[15],"class_list":{"0":"post-5312023","1":"product","2":"type-product","3":"status-publish","4":"has-post-thumbnail","6":"product_tag-uncategorized","8":"first","9":"onbackorder","10":"purchasable","11":"product-type-simple"},"jetpack_sharing_enabled":true,"_links":{"self":[{"href":"https:\/\/gadgettravellers.eu\/it\/wp-json\/wp\/v2\/product\/5312023","targetHints":{"allow":["GET"]}}],"collection":[{"href":"https:\/\/gadgettravellers.eu\/it\/wp-json\/wp\/v2\/product"}],"about":[{"href":"https:\/\/gadgettravellers.eu\/it\/wp-json\/wp\/v2\/types\/product"}],"replies":[{"embeddable":true,"href":"https:\/\/gadgettravellers.eu\/it\/wp-json\/wp\/v2\/comments?post=5312023"}],"wp:featuredmedia":[{"embeddable":true,"href":"https:\/\/gadgettravellers.eu\/it\/wp-json\/wp\/v2\/media\/5195642"}],"wp:attachment":[{"href":"https:\/\/gadgettravellers.eu\/it\/wp-json\/wp\/v2\/media?parent=5312023"}],"wp:term":[{"taxonomy":"product_brand","embeddable":true,"href":"https:\/\/gadgettravellers.eu\/it\/wp-json\/wp\/v2\/product_brand?post=5312023"},{"taxonomy":"product_cat","embeddable":true,"href":"https:\/\/gadgettravellers.eu\/it\/wp-json\/wp\/v2\/product_cat?post=5312023"},{"taxonomy":"product_tag","embeddable":true,"href":"https:\/\/gadgettravellers.eu\/it\/wp-json\/wp\/v2\/product_tag?post=5312023"}],"curies":[{"name":"wp","href":"https:\/\/api.w.org\/{rel}","templated":true}]}}