{"id":5312138,"date":"2026-01-19T13:41:30","date_gmt":"2026-01-19T11:41:30","guid":{"rendered":"https:\/\/gadgettravellers.eu\/shop\/monopattino-elettrico-con-sella-10-c1-500w-45km-h-986025-nero\/"},"modified":"2026-04-10T21:43:07","modified_gmt":"2026-04-10T19:43:07","slug":"monopattino-elettrico-con-sella-10-c1-500w-45km-h-986025-nero","status":"publish","type":"product","link":"https:\/\/gadgettravellers.eu\/it\/shop\/monopattino-elettrico-con-sella-10-c1-500w-45km-h-986025-nero\/","title":{"rendered":"Monopattino elettrico con sella &#8211; 10&#8243; &#8211; C1 &#8211; 500W &#8211; 45km\/h &#8211; 986025 &#8211; Nero"},"content":{"rendered":"<p>Lo C1 \u00e8 uno scooter molto potente in quanto dispone di un motore Brushless 48V 500W che permette al proprietario di muoversi con agilit\u00e0 e velocit\u00e0. Dotato di un sistema di superpotenza, ha una grande potenza esplosiva ed \u00e8 lo scooter ideale per percorrere lunghe distanze.<\/p>\n<p>Grazie alla possibilit\u00e0 di piegarsi con un solo tocco, pu\u00f2 essere utilizzato quotidianamente dal proprietario per spostamenti sia brevi che lunghi, poich\u00e9 pu\u00f2 percorrere distanze fino a 40 chilometri con una sola carica.<\/p>\n<p>Il motore dello scooter C1 sfrutta nel miglior modo possibile la batteria al litio 48V10Ah di cui \u00e8 dotato e con ogni ricarica della durata di 4-6 ore pu\u00f2 percorrere circa 35 chilometri o muoversi per 40 minuti alla massima velocit\u00e0.<\/p>\n<p>La sua velocit\u00e0 massima pu\u00f2 raggiungere i 45 chilometri all&#8217;ora. Per rendere la guida pi\u00f9 sicura e stabile anche ad alte velocit\u00e0, lo scooter ha un baricentro molto basso e dispone di un freno a disco ventilato da 140 millimetri sulla ruota posteriore e di un tamburo di nuova generazione sulla ruota anteriore. La trasmissione del movimento alle ruote avviene tramite il motore Brushless silenzioso e gli pneumatici gonfiabili da 10 pollici da strada, in combinazione con la sospensione DualShock della ruota anteriore e posteriore, garantiscono uno spostamento sicuro e confortevole anche su strade accidentate.<\/p>\n<p><strong>Caratteristiche tecniche:<\/strong><\/p>\n<p>Freno a disco ventilato da 140 millimetri sulla ruota posteriore e tamburo di nuova generazione sulla ruota anteriore.<\/p>\n<p>Controller elettronico digitale impermeabile.<\/p>\n<p>Luci LED anteriori e posteriori.<\/p>\n<p>Schermo LCD per le indicazioni.<\/p>\n<p>Sistema a un tocco per la rapida piegatura e il facile trasporto dello scooter.<\/p>\n<p>Peso 30 chilogrammi con le batterie.<\/p>\n<p>Tipo di motore: Brushless 48V 500W<\/p>\n<p>Capacit\u00e0 di carico: fino a 120kg<\/p>\n<p><strong>**Disponibile in colore bianco<\/strong><\/p>\n","protected":false},"excerpt":{"rendered":"<p>Monopattino elettrico C1 con motore brushless 48V 500W, autonomia fino a 40 km e velocit\u00e0 massima di 45 km\/h. Pieghevole, con sospensione DualShock, pneumatici da 10&#8243; e freno a disco da 140mm per una guida sicura e confortevole.<\/p>\n","protected":false},"featured_media":5195900,"comment_status":"closed","ping_status":"open","template":"","meta":[],"product_brand":[],"product_cat":[],"product_tag":[15],"class_list":{"0":"post-5312138","1":"product","2":"type-product","3":"status-publish","4":"has-post-thumbnail","6":"product_tag-uncategorized","8":"first","9":"onbackorder","10":"purchasable","11":"product-type-simple"},"jetpack_sharing_enabled":true,"_links":{"self":[{"href":"https:\/\/gadgettravellers.eu\/it\/wp-json\/wp\/v2\/product\/5312138","targetHints":{"allow":["GET"]}}],"collection":[{"href":"https:\/\/gadgettravellers.eu\/it\/wp-json\/wp\/v2\/product"}],"about":[{"href":"https:\/\/gadgettravellers.eu\/it\/wp-json\/wp\/v2\/types\/product"}],"replies":[{"embeddable":true,"href":"https:\/\/gadgettravellers.eu\/it\/wp-json\/wp\/v2\/comments?post=5312138"}],"wp:featuredmedia":[{"embeddable":true,"href":"https:\/\/gadgettravellers.eu\/it\/wp-json\/wp\/v2\/media\/5195900"}],"wp:attachment":[{"href":"https:\/\/gadgettravellers.eu\/it\/wp-json\/wp\/v2\/media?parent=5312138"}],"wp:term":[{"taxonomy":"product_brand","embeddable":true,"href":"https:\/\/gadgettravellers.eu\/it\/wp-json\/wp\/v2\/product_brand?post=5312138"},{"taxonomy":"product_cat","embeddable":true,"href":"https:\/\/gadgettravellers.eu\/it\/wp-json\/wp\/v2\/product_cat?post=5312138"},{"taxonomy":"product_tag","embeddable":true,"href":"https:\/\/gadgettravellers.eu\/it\/wp-json\/wp\/v2\/product_tag?post=5312138"}],"curies":[{"name":"wp","href":"https:\/\/api.w.org\/{rel}","templated":true}]}}