{"id":5312149,"date":"2026-01-19T13:41:40","date_gmt":"2026-01-19T11:41:40","guid":{"rendered":"https:\/\/gadgettravellers.eu\/shop\/supporto-da-parete-per-bicicletta-sj-515-653043\/"},"modified":"2026-04-15T21:53:20","modified_gmt":"2026-04-15T19:53:20","slug":"supporto-da-parete-per-bicicletta-sj-515-653043","status":"publish","type":"product","link":"https:\/\/gadgettravellers.eu\/it\/shop\/supporto-da-parete-per-bicicletta-sj-515-653043\/","title":{"rendered":"Supporto da parete per bicicletta &#8211; SJ-515 &#8211; 653043"},"content":{"rendered":"<p>Base da parete per il posizionamento orizzontale della bicicletta. Si fissa saldamente al muro con tasselli e viti e la bicicletta pu\u00f2 essere sostenuta dal telaio sulla base speciale. \u00c8 pieghevole per risparmiare spazio quando non viene posizionata una bicicletta sopra. Pu\u00f2 anche essere utilizzata come supporto per la riparazione della bicicletta. Dispone di una copertura protettiva morbida per evitare danni alla bicicletta. <\/p>\n<p>Materiale del corpo: acciaio.<\/p>\n<p>Carico massimo: 20 kg<\/p>\n<p>Rivestimento protettivo morbido sui ganci<\/p>\n<p>Braccio pieghevole<\/p>\n","protected":false},"excerpt":{"rendered":"<p>Supporto pieghevole da parete per bicicletta in acciaio per montaggio orizzontale, con rivestimento protettivo morbido e carico massimo di 20 kg. Si fissa con tasselli e viti e pu\u00f2 essere utilizzato anche come supporto per riparazioni.<\/p>\n","protected":false},"featured_media":5195923,"comment_status":"closed","ping_status":"open","template":"","meta":[],"product_brand":[],"product_cat":[],"product_tag":[15],"class_list":{"0":"post-5312149","1":"product","2":"type-product","3":"status-publish","4":"has-post-thumbnail","6":"product_tag-uncategorized","8":"first","9":"onbackorder","10":"purchasable","11":"product-type-simple"},"jetpack_sharing_enabled":true,"_links":{"self":[{"href":"https:\/\/gadgettravellers.eu\/it\/wp-json\/wp\/v2\/product\/5312149","targetHints":{"allow":["GET"]}}],"collection":[{"href":"https:\/\/gadgettravellers.eu\/it\/wp-json\/wp\/v2\/product"}],"about":[{"href":"https:\/\/gadgettravellers.eu\/it\/wp-json\/wp\/v2\/types\/product"}],"replies":[{"embeddable":true,"href":"https:\/\/gadgettravellers.eu\/it\/wp-json\/wp\/v2\/comments?post=5312149"}],"wp:featuredmedia":[{"embeddable":true,"href":"https:\/\/gadgettravellers.eu\/it\/wp-json\/wp\/v2\/media\/5195923"}],"wp:attachment":[{"href":"https:\/\/gadgettravellers.eu\/it\/wp-json\/wp\/v2\/media?parent=5312149"}],"wp:term":[{"taxonomy":"product_brand","embeddable":true,"href":"https:\/\/gadgettravellers.eu\/it\/wp-json\/wp\/v2\/product_brand?post=5312149"},{"taxonomy":"product_cat","embeddable":true,"href":"https:\/\/gadgettravellers.eu\/it\/wp-json\/wp\/v2\/product_cat?post=5312149"},{"taxonomy":"product_tag","embeddable":true,"href":"https:\/\/gadgettravellers.eu\/it\/wp-json\/wp\/v2\/product_tag?post=5312149"}],"curies":[{"name":"wp","href":"https:\/\/api.w.org\/{rel}","templated":true}]}}