{"id":5312536,"date":"2026-01-19T13:47:45","date_gmt":"2026-01-19T11:47:45","guid":{"rendered":"https:\/\/gadgettravellers.eu\/shop\/doccia-telefono-con-interruttore-230937\/"},"modified":"2026-04-19T21:57:37","modified_gmt":"2026-04-19T19:57:37","slug":"doccia-telefono-con-interruttore-230937","status":"publish","type":"product","link":"https:\/\/gadgettravellers.eu\/it\/shop\/doccia-telefono-con-interruttore-230937\/","title":{"rendered":"Doccia telefono con interruttore &#8211; 230937"},"content":{"rendered":"<p>Doccetta con interruttore e design ergonomico moderno. Facile da collegare a tutti i comuni flessibili per doccia. Il design innovativo con elica aumenta la velocit\u00e0 del flusso d&#8217;acqua fino al 100%. Anche con un flusso d&#8217;acqua basso, \u00e8 possibile avere alta pressione, risparmiando fino al 30% di acqua. Alta qualit\u00e0 costruttiva con finitura cromata, di elevata resistenza.<\/p>\n","protected":false},"excerpt":{"rendered":"<p>Doccia telefonica con interruttore integrato, design ergonomico e finitura cromata. Aumenta il flusso fino al 100%, riduce il consumo fino al 30% e si adatta a tutti i comuni flessibili.<\/p>\n","protected":false},"featured_media":5197076,"comment_status":"closed","ping_status":"open","template":"","meta":[],"product_brand":[],"product_cat":[],"product_tag":[15],"class_list":{"0":"post-5312536","1":"product","2":"type-product","3":"status-publish","4":"has-post-thumbnail","6":"product_tag-uncategorized","8":"first","9":"onbackorder","10":"purchasable","11":"product-type-simple"},"jetpack_sharing_enabled":true,"_links":{"self":[{"href":"https:\/\/gadgettravellers.eu\/it\/wp-json\/wp\/v2\/product\/5312536","targetHints":{"allow":["GET"]}}],"collection":[{"href":"https:\/\/gadgettravellers.eu\/it\/wp-json\/wp\/v2\/product"}],"about":[{"href":"https:\/\/gadgettravellers.eu\/it\/wp-json\/wp\/v2\/types\/product"}],"replies":[{"embeddable":true,"href":"https:\/\/gadgettravellers.eu\/it\/wp-json\/wp\/v2\/comments?post=5312536"}],"wp:featuredmedia":[{"embeddable":true,"href":"https:\/\/gadgettravellers.eu\/it\/wp-json\/wp\/v2\/media\/5197076"}],"wp:attachment":[{"href":"https:\/\/gadgettravellers.eu\/it\/wp-json\/wp\/v2\/media?parent=5312536"}],"wp:term":[{"taxonomy":"product_brand","embeddable":true,"href":"https:\/\/gadgettravellers.eu\/it\/wp-json\/wp\/v2\/product_brand?post=5312536"},{"taxonomy":"product_cat","embeddable":true,"href":"https:\/\/gadgettravellers.eu\/it\/wp-json\/wp\/v2\/product_cat?post=5312536"},{"taxonomy":"product_tag","embeddable":true,"href":"https:\/\/gadgettravellers.eu\/it\/wp-json\/wp\/v2\/product_tag?post=5312536"}],"curies":[{"name":"wp","href":"https:\/\/api.w.org\/{rel}","templated":true}]}}