{"id":5312716,"date":"2026-01-19T13:51:00","date_gmt":"2026-01-19T11:51:00","guid":{"rendered":"https:\/\/gadgettravellers.eu\/shop\/auricolare-wireless-bluetooth-k55-231055-nero\/"},"modified":"2026-04-19T22:00:50","modified_gmt":"2026-04-19T20:00:50","slug":"auricolare-wireless-bluetooth-k55-231055-nero","status":"publish","type":"product","link":"https:\/\/gadgettravellers.eu\/it\/shop\/auricolare-wireless-bluetooth-k55-231055-nero\/","title":{"rendered":"Auricolare wireless Bluetooth &#8211; K55 &#8211; 231055 &#8211; Nero"},"content":{"rendered":"<p>Auricolare Bluetooth wireless con design elegante ed ergonomico, con clip per un uso quotidiano confortevole. <br \/>Con microfono integrato e pulsante di riavvolgimento, gli auricolari si ritirano facilmente all&#8217;interno del dispositivo quando non li usi. <br \/>Ideale per effettuare chiamate facilmente utilizzando un auricolare mono handsfree.<br \/>Un auricolare di qualit\u00e0 eccellente che ti faciliter\u00e0 nelle tue chiamate telefoniche, poich\u00e9 puoi guidare e rispondere al telefono con totale libert\u00e0 di movimento. <br \/>Il set wireless microfono-auricolare dispone di un display digitale LED, che ti permette di vedere l&#8217;uso dell&#8217;energia dell&#8217;auricolare. <br \/>Compatibile con la maggior parte dei dispositivi di riproduzione musicale compatibili con Bluetooth.<\/p>\n<p>Caratteristiche: <br \/>Distanza di trasmissione: 10m, <br \/>Tensione di carica: DC5V,<br \/>Tempo di conversazione: circa 20 ore, <br \/>Tempo di standby: circa 180 giorni, <br \/>Versione compatibile Bluetooth: V5.2, <br \/>Frequenza di trasmissione: 2.4GHZ, <br \/>Tempo di ricarica: circa 20 minuti, <br \/>Tempo di riproduzione musicale: circa 20 ore, <br \/>Capacit\u00e0 della batteria: 140mah, <br \/>Dimensioni corpo: 56 (lunghezza) x 25 (larghezza) x 13 (altezza) mm (inclusa l&#8217;altezza della clip 20mm), <br \/>Protocollo supportato: HANDSET HANDFREE A2 DPAVRCP.<\/p>\n","protected":false},"excerpt":{"rendered":"<p>Auricolare Bluetooth mono wireless con clip ergonomica, microfono integrato e indicatore LED della batteria. Bluetooth 5.2, ~20 ore di conversazione e ricarica rapida per chiamate comode in movimento.<\/p>\n","protected":false},"featured_media":5205009,"comment_status":"closed","ping_status":"open","template":"","meta":[],"product_brand":[],"product_cat":[],"product_tag":[15],"class_list":{"0":"post-5312716","1":"product","2":"type-product","3":"status-publish","4":"has-post-thumbnail","6":"product_tag-uncategorized","8":"first","9":"onbackorder","10":"purchasable","11":"product-type-simple"},"jetpack_sharing_enabled":true,"_links":{"self":[{"href":"https:\/\/gadgettravellers.eu\/it\/wp-json\/wp\/v2\/product\/5312716","targetHints":{"allow":["GET"]}}],"collection":[{"href":"https:\/\/gadgettravellers.eu\/it\/wp-json\/wp\/v2\/product"}],"about":[{"href":"https:\/\/gadgettravellers.eu\/it\/wp-json\/wp\/v2\/types\/product"}],"replies":[{"embeddable":true,"href":"https:\/\/gadgettravellers.eu\/it\/wp-json\/wp\/v2\/comments?post=5312716"}],"wp:featuredmedia":[{"embeddable":true,"href":"https:\/\/gadgettravellers.eu\/it\/wp-json\/wp\/v2\/media\/5205009"}],"wp:attachment":[{"href":"https:\/\/gadgettravellers.eu\/it\/wp-json\/wp\/v2\/media?parent=5312716"}],"wp:term":[{"taxonomy":"product_brand","embeddable":true,"href":"https:\/\/gadgettravellers.eu\/it\/wp-json\/wp\/v2\/product_brand?post=5312716"},{"taxonomy":"product_cat","embeddable":true,"href":"https:\/\/gadgettravellers.eu\/it\/wp-json\/wp\/v2\/product_cat?post=5312716"},{"taxonomy":"product_tag","embeddable":true,"href":"https:\/\/gadgettravellers.eu\/it\/wp-json\/wp\/v2\/product_tag?post=5312716"}],"curies":[{"name":"wp","href":"https:\/\/api.w.org\/{rel}","templated":true}]}}