{"id":5312781,"date":"2026-01-19T13:51:43","date_gmt":"2026-01-19T11:51:43","guid":{"rendered":"https:\/\/gadgettravellers.eu\/shop\/base-stand-di-supporto-per-bicicletta-da-pavimento-sj-512-652978\/"},"modified":"2026-04-10T21:48:36","modified_gmt":"2026-04-10T19:48:36","slug":"base-stand-di-supporto-per-bicicletta-da-pavimento-sj-512-652978","status":"publish","type":"product","link":"https:\/\/gadgettravellers.eu\/it\/shop\/base-stand-di-supporto-per-bicicletta-da-pavimento-sj-512-652978\/","title":{"rendered":"Base-Stand di supporto per bicicletta da pavimento &#8211; SJ-512 &#8211; 652978"},"content":{"rendered":"<p>Base-stand da pavimento per il supporto della tua bicicletta realizzata in acciaio, di assoluta stabilit\u00e0, con design ergonomico, con coperture speciali in gomma morbida per proteggere la bicicletta da usura e graffi. Pu\u00f2 essere utilizzata anche su biciclette con freno a disco. Il fissaggio pu\u00f2 essere effettuato su entrambe le ruote. Base antiscivolo. Per ruote da 16&#8243; a 29&#8243;.<\/p>\n","protected":false},"excerpt":{"rendered":"<p>Base fissa da pavimento per bicicletta in acciaio, con coperture protettive morbide e base antiscivolo. Compatibile con freni a disco, per ruote da 16&#8243; a 29&#8243; e supporto per ruota anteriore o posteriore.<\/p>\n","protected":false},"featured_media":5205200,"comment_status":"closed","ping_status":"open","template":"","meta":[],"product_brand":[],"product_cat":[],"product_tag":[15],"class_list":{"0":"post-5312781","1":"product","2":"type-product","3":"status-publish","4":"has-post-thumbnail","6":"product_tag-uncategorized","8":"first","9":"onbackorder","10":"purchasable","11":"product-type-simple"},"jetpack_sharing_enabled":true,"_links":{"self":[{"href":"https:\/\/gadgettravellers.eu\/it\/wp-json\/wp\/v2\/product\/5312781","targetHints":{"allow":["GET"]}}],"collection":[{"href":"https:\/\/gadgettravellers.eu\/it\/wp-json\/wp\/v2\/product"}],"about":[{"href":"https:\/\/gadgettravellers.eu\/it\/wp-json\/wp\/v2\/types\/product"}],"replies":[{"embeddable":true,"href":"https:\/\/gadgettravellers.eu\/it\/wp-json\/wp\/v2\/comments?post=5312781"}],"wp:featuredmedia":[{"embeddable":true,"href":"https:\/\/gadgettravellers.eu\/it\/wp-json\/wp\/v2\/media\/5205200"}],"wp:attachment":[{"href":"https:\/\/gadgettravellers.eu\/it\/wp-json\/wp\/v2\/media?parent=5312781"}],"wp:term":[{"taxonomy":"product_brand","embeddable":true,"href":"https:\/\/gadgettravellers.eu\/it\/wp-json\/wp\/v2\/product_brand?post=5312781"},{"taxonomy":"product_cat","embeddable":true,"href":"https:\/\/gadgettravellers.eu\/it\/wp-json\/wp\/v2\/product_cat?post=5312781"},{"taxonomy":"product_tag","embeddable":true,"href":"https:\/\/gadgettravellers.eu\/it\/wp-json\/wp\/v2\/product_tag?post=5312781"}],"curies":[{"name":"wp","href":"https:\/\/api.w.org\/{rel}","templated":true}]}}