{"id":5312854,"date":"2026-01-19T13:52:21","date_gmt":"2026-01-19T11:52:21","guid":{"rendered":"https:\/\/gadgettravellers.eu\/shop\/action-camera-v8r-4k-wifi-812822-3\/"},"modified":"2026-04-19T22:02:18","modified_gmt":"2026-04-19T20:02:18","slug":"action-camera-v8r-4k-wifi-812822-3","status":"publish","type":"product","link":"https:\/\/gadgettravellers.eu\/it\/shop\/action-camera-v8r-4k-wifi-812822-3\/","title":{"rendered":"Action camera &#8211; V8R &#8211; 4K &#8211; WiFi &#8211; 812822"},"content":{"rendered":"<p>Sensore: IMX386<br \/>Obiettivo grandangolare da 170 gradi<br \/>Schermo LCD touch da 2,0 pollici + schermo a doppio colore da 1,3 pollici<\/p>\n<p>Risoluzioni video:<br \/>4K@30fps\/60fps<br \/>2.7K @ 30fps<br \/>1080P@60fps (1920&#215;1080)<br \/>1080P@30fps (1920&#215;1080)<br \/>720P@120fps (1280&#215;720)<br \/>720P@60fps (1280&#215;720)<br \/>Codifica video: H.264<br \/>Formato file video: MOV (predefinito) o MP4<\/p>\n<p>Risoluzioni foto:<br \/>20M (5120&#215;3840)<br \/>16M (4640&#215;3480)<br \/>14M (4320&#215;3240)<br \/>10M (3648&#215;2736)<br \/>8M (3264&#215;2448)<br \/>5M (2592&#215;1944)<br \/>2M (1600&#215;1200)<br \/>Formato immagine: JPG<\/p>\n<p>WiFi: RTL8189FTV, compatibile con IEEE 802.11b\/g\/n<br \/>Impermeabile (custodia) fino a 30m<br \/>Stabilizzazione elettronica dell&#8217;immagine (EIS): Supportata (non disponibile per risoluzione 120fps)<br \/>Programma di registrazione: Supportato<br \/>Registrazione al rallentatore: Supportata<br \/>Registrazione rapida d&#8217;azione: Supportata<br \/>Registrazione in loop: Supportata (1 minuto, 3 minuti, 5 minuti)<br \/>Modalit\u00e0 di scatto: Scatto singolo, Scatto con timer, Scatto continuo<br \/>Foto a lunga esposizione: Supportata, tempo massimo 60 secondi<br \/>Zoom digitale: 4x<br \/>Campo visivo regolabile: Supportato<br \/>Modalit\u00e0 subacquea: Supportata<br \/>Correzione distorsione: Supportata<br \/>Spegnimento automatico: Supportato (1 minuto, 3 minuti, 5 minuti di inattivit\u00e0)<br \/>Protezione schermo: Supportata (1 minuto, 3 minuti, 5 minuti di inattivit\u00e0)<\/p>\n<p>Opzioni lingua: Inglese, Cinese semplificato, Cinese tradizionale, Francese, Spagnolo, Italiano, Portoghese, Tedesco, Olandese, Polacco, Russo, Giapponese.<\/p>\n<p>App: iSmart DV2<br \/>Scheda di memoria: Scheda Micro SDHC, U3, fino a 128GB (non inclusa)<br \/>Interfaccia USB: USB2.0, supporta modalit\u00e0 MSDC (equivalente a modalit\u00e0 unit\u00e0 USB), PCCAM<br \/>Connessione HDMI: Micro HDMI, risoluzione massima in uscita 1080P<br \/>Microfono: Integrato<br \/>Altoparlante: Integrato 8R 0.5W<br \/>Alimentazione: 5V\/1.0A<br \/>Compatibilit\u00e0 sistema: Windows 2000\/XP\/Vista\/Windows 7, per MAC OS x 10.3.6 o versione successiva<\/p>\n","protected":false},"excerpt":{"rendered":"<p>Action camera 4K con WiFi, schermo touch da 2&#8243; e custodia impermeabile fino a 30m. Supporta EIS, slow-motion 720p@120fps, microSD U3 fino a 128GB e uscita Micro HDMI.<\/p>\n","protected":false},"featured_media":5205338,"comment_status":"closed","ping_status":"open","template":"","meta":[],"product_brand":[],"product_cat":[],"product_tag":[15],"class_list":{"0":"post-5312854","1":"product","2":"type-product","3":"status-publish","4":"has-post-thumbnail","6":"product_tag-uncategorized","8":"first","9":"onbackorder","10":"purchasable","11":"product-type-simple"},"jetpack_sharing_enabled":true,"_links":{"self":[{"href":"https:\/\/gadgettravellers.eu\/it\/wp-json\/wp\/v2\/product\/5312854","targetHints":{"allow":["GET"]}}],"collection":[{"href":"https:\/\/gadgettravellers.eu\/it\/wp-json\/wp\/v2\/product"}],"about":[{"href":"https:\/\/gadgettravellers.eu\/it\/wp-json\/wp\/v2\/types\/product"}],"replies":[{"embeddable":true,"href":"https:\/\/gadgettravellers.eu\/it\/wp-json\/wp\/v2\/comments?post=5312854"}],"wp:featuredmedia":[{"embeddable":true,"href":"https:\/\/gadgettravellers.eu\/it\/wp-json\/wp\/v2\/media\/5205338"}],"wp:attachment":[{"href":"https:\/\/gadgettravellers.eu\/it\/wp-json\/wp\/v2\/media?parent=5312854"}],"wp:term":[{"taxonomy":"product_brand","embeddable":true,"href":"https:\/\/gadgettravellers.eu\/it\/wp-json\/wp\/v2\/product_brand?post=5312854"},{"taxonomy":"product_cat","embeddable":true,"href":"https:\/\/gadgettravellers.eu\/it\/wp-json\/wp\/v2\/product_cat?post=5312854"},{"taxonomy":"product_tag","embeddable":true,"href":"https:\/\/gadgettravellers.eu\/it\/wp-json\/wp\/v2\/product_tag?post=5312854"}],"curies":[{"name":"wp","href":"https:\/\/api.w.org\/{rel}","templated":true}]}}