{"id":5312871,"date":"2026-01-19T13:52:32","date_gmt":"2026-01-19T11:52:32","guid":{"rendered":"https:\/\/gadgettravellers.eu\/shop\/macina-caffe-ka3156-dsp-300179\/"},"modified":"2026-04-10T21:49:12","modified_gmt":"2026-04-10T19:49:12","slug":"macina-caffe-ka3156-dsp-300179","status":"publish","type":"product","link":"https:\/\/gadgettravellers.eu\/it\/shop\/macina-caffe-ka3156-dsp-300179\/","title":{"rendered":"Macina caff\u00e8 &#8211; KA3156 &#8211; DSP &#8211; 300179"},"content":{"rendered":"<p>Macina caff\u00e8 della DSP, di dimensioni pratiche, ideale per avere il proprio caff\u00e8 aromatico appena macinato nel comfort della propria casa.<\/p>\n<p>Caratteristiche:<\/p>\n<p>Tensione: 220-240V~ 50\/60Hz<br \/>Potenza: 500W<br \/>Capacit\u00e0: 80g<br \/>Motore 5415<br \/>Velocit\u00e0 di rotazione: 35000RPM<br \/>Materiale corpo: involucro in acciaio inox + ABS<br \/>Bicchiere di macinazione SUS304<br \/>Con copertura protettiva per evitare la fuoriuscita di caff\u00e8 macinato durante la macinatura<br \/>Adatto per macinare chicchi di caff\u00e8, vaniglia, spezie, cereali, frutta secca ecc.<br \/>Con sistema di sicurezza (microinterruttore)<br \/>Lama doppia in acciaio inox 304<br \/>Adatto per macinatura a secco<br \/>Piedini antiscivolo in silicone.<\/p>\n<p>Dimensioni: 10.5x21cm.<\/p>\n<p>Istruzioni per l&#8217;uso in inglese incluse. <\/p>\n","protected":false},"excerpt":{"rendered":"<p>Piccolo macinacaff\u00e8 elettrico 500W con bicchiere in SUS304 e capacit\u00e0 di 80g \u2014 ideale per chicchi freschi e spezie. Doppia lama, sistema di sicurezza con microinterruttore e piedini antiscivolo in silicone.<\/p>\n","protected":false},"featured_media":5205366,"comment_status":"closed","ping_status":"open","template":"","meta":[],"product_brand":[],"product_cat":[],"product_tag":[15],"class_list":{"0":"post-5312871","1":"product","2":"type-product","3":"status-publish","4":"has-post-thumbnail","6":"product_tag-uncategorized","8":"first","9":"onbackorder","10":"purchasable","11":"product-type-simple"},"jetpack_sharing_enabled":true,"_links":{"self":[{"href":"https:\/\/gadgettravellers.eu\/it\/wp-json\/wp\/v2\/product\/5312871","targetHints":{"allow":["GET"]}}],"collection":[{"href":"https:\/\/gadgettravellers.eu\/it\/wp-json\/wp\/v2\/product"}],"about":[{"href":"https:\/\/gadgettravellers.eu\/it\/wp-json\/wp\/v2\/types\/product"}],"replies":[{"embeddable":true,"href":"https:\/\/gadgettravellers.eu\/it\/wp-json\/wp\/v2\/comments?post=5312871"}],"wp:featuredmedia":[{"embeddable":true,"href":"https:\/\/gadgettravellers.eu\/it\/wp-json\/wp\/v2\/media\/5205366"}],"wp:attachment":[{"href":"https:\/\/gadgettravellers.eu\/it\/wp-json\/wp\/v2\/media?parent=5312871"}],"wp:term":[{"taxonomy":"product_brand","embeddable":true,"href":"https:\/\/gadgettravellers.eu\/it\/wp-json\/wp\/v2\/product_brand?post=5312871"},{"taxonomy":"product_cat","embeddable":true,"href":"https:\/\/gadgettravellers.eu\/it\/wp-json\/wp\/v2\/product_cat?post=5312871"},{"taxonomy":"product_tag","embeddable":true,"href":"https:\/\/gadgettravellers.eu\/it\/wp-json\/wp\/v2\/product_tag?post=5312871"}],"curies":[{"name":"wp","href":"https:\/\/api.w.org\/{rel}","templated":true}]}}