{"id":5313107,"date":"2026-01-19T13:55:24","date_gmt":"2026-01-19T11:55:24","guid":{"rendered":"https:\/\/gadgettravellers.eu\/shop\/radio-ricaricabile-px-61bt-617156-rosso\/"},"modified":"2026-04-21T20:49:39","modified_gmt":"2026-04-21T18:49:39","slug":"radio-ricaricabile-px-61bt-617156-rosso","status":"publish","type":"product","link":"https:\/\/gadgettravellers.eu\/it\/shop\/radio-ricaricabile-px-61bt-617156-rosso\/","title":{"rendered":"Radio ricaricabile &#8211; PX-61BT &#8211; 617156 &#8211; Rosso"},"content":{"rendered":"<p>Radio classico in design retr\u00f2 con controllo analogico, per cambiare stazioni radio utilizzando la classica rotella. \u00c8 ricaricabile e offre un suono di alta qualit\u00e0 senza interferenze. <br \/>La durata della ricarica \u00e8 fino a 5 ore e la durata dell&#8217;uso continuo fino a 3 ore.<\/p>\n<p>Dispone di Bluetooth e porte USB e TF Card.<br \/>Ha una torcia LED sul lato.<br \/>Frequenze supportate: AM \/ FM \/ SW. <br \/>Antenna pieghevole. <br \/>Maniglia per il trasporto. <\/p>\n<p>Dimensioni: 15,5 x 10,5 x 7,5 cm<\/p>\n","protected":false},"excerpt":{"rendered":"<p>Radio portatile ricaricabile con design retr\u00f2, controllo analogico e rotella. Dispone di Bluetooth, porte USB\/TF, torcia LED e antenna pieghevole. Ricarica fino a 5 ore, riproduzione fino a 3 ore.<\/p>\n","protected":false},"featured_media":5205861,"comment_status":"closed","ping_status":"open","template":"","meta":[],"product_brand":[],"product_cat":[],"product_tag":[15],"class_list":{"0":"post-5313107","1":"product","2":"type-product","3":"status-publish","4":"has-post-thumbnail","6":"product_tag-uncategorized","8":"first","9":"onbackorder","10":"purchasable","11":"product-type-simple"},"jetpack_sharing_enabled":true,"_links":{"self":[{"href":"https:\/\/gadgettravellers.eu\/it\/wp-json\/wp\/v2\/product\/5313107","targetHints":{"allow":["GET"]}}],"collection":[{"href":"https:\/\/gadgettravellers.eu\/it\/wp-json\/wp\/v2\/product"}],"about":[{"href":"https:\/\/gadgettravellers.eu\/it\/wp-json\/wp\/v2\/types\/product"}],"replies":[{"embeddable":true,"href":"https:\/\/gadgettravellers.eu\/it\/wp-json\/wp\/v2\/comments?post=5313107"}],"wp:featuredmedia":[{"embeddable":true,"href":"https:\/\/gadgettravellers.eu\/it\/wp-json\/wp\/v2\/media\/5205861"}],"wp:attachment":[{"href":"https:\/\/gadgettravellers.eu\/it\/wp-json\/wp\/v2\/media?parent=5313107"}],"wp:term":[{"taxonomy":"product_brand","embeddable":true,"href":"https:\/\/gadgettravellers.eu\/it\/wp-json\/wp\/v2\/product_brand?post=5313107"},{"taxonomy":"product_cat","embeddable":true,"href":"https:\/\/gadgettravellers.eu\/it\/wp-json\/wp\/v2\/product_cat?post=5313107"},{"taxonomy":"product_tag","embeddable":true,"href":"https:\/\/gadgettravellers.eu\/it\/wp-json\/wp\/v2\/product_tag?post=5313107"}],"curies":[{"name":"wp","href":"https:\/\/api.w.org\/{rel}","templated":true}]}}