{"id":5313130,"date":"2026-01-19T13:55:41","date_gmt":"2026-01-19T11:55:41","guid":{"rendered":"https:\/\/gadgettravellers.eu\/shop\/ricetrasmettitore-portatile-k61-pro-baofeng-009614\/"},"modified":"2026-04-19T22:05:47","modified_gmt":"2026-04-19T20:05:47","slug":"ricetrasmettitore-portatile-k61-pro-baofeng-009614","status":"publish","type":"product","link":"https:\/\/gadgettravellers.eu\/it\/shop\/ricetrasmettitore-portatile-k61-pro-baofeng-009614\/","title":{"rendered":"Ricetrasmettitore portatile &#8211; K61 PRO &#8211; Baofeng &#8211; 009614"},"content":{"rendered":"<p>6 bande di frequenza<br \/>FM 65-108 MHz (Solo RX) <br \/>AM 108-136 MHz (Ricezione frequenza aerea) <br \/>350-390 MHz (Solo RX) <br \/>136-174 MHz (TX\/RX) <br \/>220-260 MHz (TX\/RX) <br \/>400-520 MHz (TX\/RX) <br \/>520-600 MHz (Solo RX)<\/p>\n<p>Funzioni: <br \/>Frequenza di copia wireless <br \/>Canale memoria 999 <br \/>Doppio orologio DTMF <br \/>Radio FM <br \/>Modalit\u00e0 VOX <br \/>Modalit\u00e0 timer <br \/>Allerta meteo NOAA<br \/>Modalit\u00e0 allarme <br \/>Modalit\u00e0 scansione <br \/>Risparmio batteria <br \/>Programmazione PC <br \/>Torcia LED<br \/>Ricarica con USB Type-C (inclusa)<\/p>\n<p>Dimensioni: 12 x 5.5 x 3.5cm<\/p>\n","protected":false},"excerpt":{"rendered":"<p>6 bande di frequenzaFM 65-108 MHz (Solo RX) AM 108-136 MHz (Ricezione frequenza aerea) 350-390 MHz (Solo RX) 136-174 MHz (TX\/RX) 220-260 MHz (TX\/RX) 400-520 MHz (TX\/RX) 520-600 MHz (Solo RX) Funzioni: Frequenza di copia wireless Canale memoria 999 Doppio orologio DTMF Radio FM Modalit\u00e0 VOX Modalit\u00e0 timer Allerta meteo NOAAModalit\u00e0 allarme Modalit\u00e0 scansione Risparmio [&hellip;]<\/p>\n","protected":false},"featured_media":5124311,"comment_status":"closed","ping_status":"open","template":"","meta":[],"product_brand":[],"product_cat":[],"product_tag":[15],"class_list":{"0":"post-5313130","1":"product","2":"type-product","3":"status-publish","4":"has-post-thumbnail","6":"product_tag-uncategorized","8":"first","9":"onbackorder","10":"purchasable","11":"product-type-simple"},"jetpack_sharing_enabled":true,"_links":{"self":[{"href":"https:\/\/gadgettravellers.eu\/it\/wp-json\/wp\/v2\/product\/5313130","targetHints":{"allow":["GET"]}}],"collection":[{"href":"https:\/\/gadgettravellers.eu\/it\/wp-json\/wp\/v2\/product"}],"about":[{"href":"https:\/\/gadgettravellers.eu\/it\/wp-json\/wp\/v2\/types\/product"}],"replies":[{"embeddable":true,"href":"https:\/\/gadgettravellers.eu\/it\/wp-json\/wp\/v2\/comments?post=5313130"}],"wp:featuredmedia":[{"embeddable":true,"href":"https:\/\/gadgettravellers.eu\/it\/wp-json\/wp\/v2\/media\/5124311"}],"wp:attachment":[{"href":"https:\/\/gadgettravellers.eu\/it\/wp-json\/wp\/v2\/media?parent=5313130"}],"wp:term":[{"taxonomy":"product_brand","embeddable":true,"href":"https:\/\/gadgettravellers.eu\/it\/wp-json\/wp\/v2\/product_brand?post=5313130"},{"taxonomy":"product_cat","embeddable":true,"href":"https:\/\/gadgettravellers.eu\/it\/wp-json\/wp\/v2\/product_cat?post=5313130"},{"taxonomy":"product_tag","embeddable":true,"href":"https:\/\/gadgettravellers.eu\/it\/wp-json\/wp\/v2\/product_tag?post=5313130"}],"curies":[{"name":"wp","href":"https:\/\/api.w.org\/{rel}","templated":true}]}}