{"id":5313440,"date":"2026-01-19T13:58:30","date_gmt":"2026-01-19T11:58:30","guid":{"rendered":"https:\/\/gadgettravellers.eu\/shop\/bambola-bebe-con-seggiolone-663-917395\/"},"modified":"2026-04-22T22:08:44","modified_gmt":"2026-04-22T20:08:44","slug":"bambola-bebe-con-seggiolone-663-917395","status":"publish","type":"product","link":"https:\/\/gadgettravellers.eu\/it\/shop\/bambola-bebe-con-seggiolone-663-917395\/","title":{"rendered":"Bambola beb\u00e9 con seggiolone &#8211; 663 &#8211; 917395"},"content":{"rendered":"<p>Bambola mini baby con set seggiolone e biberon per prendertene cura come un vero beb\u00e8!<\/p>\n<p>Dimensioni: 22 x 13 x 11 cm.<\/p>\n<p>Conforme a tutte le norme di sicurezza. Adatto a bambini di et\u00e0 superiore ai 3 anni.<\/p>\n","protected":false},"excerpt":{"rendered":"<p>Piccola bambola beb\u00e9 con set seggiolone e biberon, dimensioni 22x13x11 cm. Ideale per il gioco di ruolo e lo sviluppo delle abilit\u00e0, adatta a bambini di et\u00e0 superiore a 3 anni.<\/p>\n","protected":false},"featured_media":5206575,"comment_status":"closed","ping_status":"open","template":"","meta":[],"product_brand":[],"product_cat":[],"product_tag":[15],"class_list":{"0":"post-5313440","1":"product","2":"type-product","3":"status-publish","4":"has-post-thumbnail","6":"product_tag-uncategorized","8":"first","9":"onbackorder","10":"purchasable","11":"product-type-simple"},"jetpack_sharing_enabled":true,"_links":{"self":[{"href":"https:\/\/gadgettravellers.eu\/it\/wp-json\/wp\/v2\/product\/5313440","targetHints":{"allow":["GET"]}}],"collection":[{"href":"https:\/\/gadgettravellers.eu\/it\/wp-json\/wp\/v2\/product"}],"about":[{"href":"https:\/\/gadgettravellers.eu\/it\/wp-json\/wp\/v2\/types\/product"}],"replies":[{"embeddable":true,"href":"https:\/\/gadgettravellers.eu\/it\/wp-json\/wp\/v2\/comments?post=5313440"}],"wp:featuredmedia":[{"embeddable":true,"href":"https:\/\/gadgettravellers.eu\/it\/wp-json\/wp\/v2\/media\/5206575"}],"wp:attachment":[{"href":"https:\/\/gadgettravellers.eu\/it\/wp-json\/wp\/v2\/media?parent=5313440"}],"wp:term":[{"taxonomy":"product_brand","embeddable":true,"href":"https:\/\/gadgettravellers.eu\/it\/wp-json\/wp\/v2\/product_brand?post=5313440"},{"taxonomy":"product_cat","embeddable":true,"href":"https:\/\/gadgettravellers.eu\/it\/wp-json\/wp\/v2\/product_cat?post=5313440"},{"taxonomy":"product_tag","embeddable":true,"href":"https:\/\/gadgettravellers.eu\/it\/wp-json\/wp\/v2\/product_tag?post=5313440"}],"curies":[{"name":"wp","href":"https:\/\/api.w.org\/{rel}","templated":true}]}}