{"id":5313509,"date":"2026-01-19T13:59:15","date_gmt":"2026-01-19T11:59:15","guid":{"rendered":"https:\/\/gadgettravellers.eu\/shop\/gioco-elettronico-di-velocita-pop-it-fidget-526a-917199-blu\/"},"modified":"2026-04-19T22:10:05","modified_gmt":"2026-04-19T20:10:05","slug":"gioco-elettronico-di-velocita-pop-it-fidget-526a-917199-blu","status":"publish","type":"product","link":"https:\/\/gadgettravellers.eu\/it\/shop\/gioco-elettronico-di-velocita-pop-it-fidget-526a-917199-blu\/","title":{"rendered":"Gioco elettronico di velocit\u00e0 &#8211; Pop it Fidget &#8211; 526A &#8211; 917199 &#8211; Blu"},"content":{"rendered":"<p>Il popolare gioco di velocit\u00e0 \u00e8 arrivato in esclusiva per entusiasmare grandi e piccini!<br \/>Premi il pi\u00f9 velocemente possibile le bolle che si illuminano e vinci contro tutti!<br \/>Allena i riflessi e la motricit\u00e0 fine, adatto per un gioco infinito con tutta la famiglia!<\/p>\n<p>Puoi scegliere tra 4 modalit\u00e0 di gioco:<\/p>\n<p>Modalit\u00e0 Missione: completamento di 30 missioni.<br \/>Modalit\u00e0 Memoria: completamento di 9 missioni di memoria.<br \/>Modalit\u00e0 Velocit\u00e0: missione in cui devi premere quante pi\u00f9 bolle illuminate possibile in 1 minuto.<br \/>Modalit\u00e0 Multigiocatore: modalit\u00e0 per pi\u00f9 giocatori, in cui ciascuno completa a turno un livello prima di passare la console al giocatore successivo.<br \/>La console \u00e8 realizzata in materiale siliconico di alta qualit\u00e0, sicuro da usare e senza odore sgradevole.<\/p>\n<p>I pulsanti sono flessibili e resistenti.<\/p>\n<p>Funziona con 3 batterie 1,5V AAA (non incluse).<\/p>\n<p>Dimensioni confezione: 13 x 13,5 x 6 cm.<\/p>\n<p>Soddisfa tutti gli standard di sicurezza. Adatto a bambini di et\u00e0 superiore ai 3 anni.<\/p>\n","protected":false},"excerpt":{"rendered":"<p>Gioco elettronico di velocit\u00e0 con bolle illuminate e 4 modalit\u00e0 di gioco (missione, memoria, velocit\u00e0, multiplayer). Adatto per et\u00e0 3+, migliora i riflessi e la motricit\u00e0 fine \u2014 funziona con 3x AAA<\/p>\n","protected":false},"featured_media":5208769,"comment_status":"closed","ping_status":"open","template":"","meta":[],"product_brand":[],"product_cat":[],"product_tag":[15],"class_list":{"0":"post-5313509","1":"product","2":"type-product","3":"status-publish","4":"has-post-thumbnail","6":"product_tag-uncategorized","8":"first","9":"onbackorder","10":"purchasable","11":"product-type-simple"},"jetpack_sharing_enabled":true,"_links":{"self":[{"href":"https:\/\/gadgettravellers.eu\/it\/wp-json\/wp\/v2\/product\/5313509","targetHints":{"allow":["GET"]}}],"collection":[{"href":"https:\/\/gadgettravellers.eu\/it\/wp-json\/wp\/v2\/product"}],"about":[{"href":"https:\/\/gadgettravellers.eu\/it\/wp-json\/wp\/v2\/types\/product"}],"replies":[{"embeddable":true,"href":"https:\/\/gadgettravellers.eu\/it\/wp-json\/wp\/v2\/comments?post=5313509"}],"wp:featuredmedia":[{"embeddable":true,"href":"https:\/\/gadgettravellers.eu\/it\/wp-json\/wp\/v2\/media\/5208769"}],"wp:attachment":[{"href":"https:\/\/gadgettravellers.eu\/it\/wp-json\/wp\/v2\/media?parent=5313509"}],"wp:term":[{"taxonomy":"product_brand","embeddable":true,"href":"https:\/\/gadgettravellers.eu\/it\/wp-json\/wp\/v2\/product_brand?post=5313509"},{"taxonomy":"product_cat","embeddable":true,"href":"https:\/\/gadgettravellers.eu\/it\/wp-json\/wp\/v2\/product_cat?post=5313509"},{"taxonomy":"product_tag","embeddable":true,"href":"https:\/\/gadgettravellers.eu\/it\/wp-json\/wp\/v2\/product_tag?post=5313509"}],"curies":[{"name":"wp","href":"https:\/\/api.w.org\/{rel}","templated":true}]}}