{"id":5313553,"date":"2026-01-19T13:59:52","date_gmt":"2026-01-19T11:59:52","guid":{"rendered":"https:\/\/gadgettravellers.eu\/shop\/radio-retro-ricaricabile-rx730d-717306-oro-chiaro\/"},"modified":"2026-04-22T22:09:43","modified_gmt":"2026-04-22T20:09:43","slug":"radio-retro-ricaricabile-rx730d-717306-oro-chiaro","status":"publish","type":"product","link":"https:\/\/gadgettravellers.eu\/it\/shop\/radio-retro-ricaricabile-rx730d-717306-oro-chiaro\/","title":{"rendered":"Radio retr\u00f2 ricaricabile &#8211; RX730D &#8211; 717306 &#8211; Oro chiaro"},"content":{"rendered":"<p>Radio portatile dal bellissimo design retr\u00f2 per gli amanti dello stile vintage.<br \/>\nOffre un&#8217;alta qualit\u00e0 del suono grazie agli altoparlanti stereo, mentre l&#8217;antenna pieghevole garantisce un segnale radio stabile.<br \/>\nPuoi portare la tua musica preferita ovunque, poich\u00e9 \u00e8 pratico e facile da trasportare, e pu\u00f2 anche essere posizionato come elemento decorativo nel tuo spazio.<\/p>\n<p>Caratteristiche:<\/p>\n<p>Batteria ricaricabile integrata da 1200mAh,<br \/>\nFrequenze radio: AM, FM, SW,<br \/>\nSintonizzatore: Analogico,<br \/>\nPorte: Micro SD, USB 2.0, Type-C,<br \/>\nBluetooth,<br \/>\nAutonomia della batteria: fino a 4 ore, Tipo di batteria: 18650,<br \/>\nManiglia per il trasporto, Include cavo di ricarica e batteria ricaricabile,<br \/>\nDimensioni: 17.5*18*10cm.<\/p>\n","protected":false},"excerpt":{"rendered":"<p>Radio portatile dal design retr\u00f2 con altoparlanti stereo e batteria ricaricabile integrata da 1200mAh. Sintonizzatore analogico AM\/FM\/SW, Bluetooth, Micro SD, USB 2.0 e Type-C. Autonomia fino a 4 ore.<\/p>\n","protected":false},"featured_media":5208970,"comment_status":"closed","ping_status":"open","template":"","meta":[],"product_brand":[],"product_cat":[],"product_tag":[15],"class_list":{"0":"post-5313553","1":"product","2":"type-product","3":"status-publish","4":"has-post-thumbnail","6":"product_tag-uncategorized","8":"first","9":"onbackorder","10":"purchasable","11":"product-type-simple"},"jetpack_sharing_enabled":true,"_links":{"self":[{"href":"https:\/\/gadgettravellers.eu\/it\/wp-json\/wp\/v2\/product\/5313553","targetHints":{"allow":["GET"]}}],"collection":[{"href":"https:\/\/gadgettravellers.eu\/it\/wp-json\/wp\/v2\/product"}],"about":[{"href":"https:\/\/gadgettravellers.eu\/it\/wp-json\/wp\/v2\/types\/product"}],"replies":[{"embeddable":true,"href":"https:\/\/gadgettravellers.eu\/it\/wp-json\/wp\/v2\/comments?post=5313553"}],"wp:featuredmedia":[{"embeddable":true,"href":"https:\/\/gadgettravellers.eu\/it\/wp-json\/wp\/v2\/media\/5208970"}],"wp:attachment":[{"href":"https:\/\/gadgettravellers.eu\/it\/wp-json\/wp\/v2\/media?parent=5313553"}],"wp:term":[{"taxonomy":"product_brand","embeddable":true,"href":"https:\/\/gadgettravellers.eu\/it\/wp-json\/wp\/v2\/product_brand?post=5313553"},{"taxonomy":"product_cat","embeddable":true,"href":"https:\/\/gadgettravellers.eu\/it\/wp-json\/wp\/v2\/product_cat?post=5313553"},{"taxonomy":"product_tag","embeddable":true,"href":"https:\/\/gadgettravellers.eu\/it\/wp-json\/wp\/v2\/product_tag?post=5313553"}],"curies":[{"name":"wp","href":"https:\/\/api.w.org\/{rel}","templated":true}]}}