{"id":5313555,"date":"2026-01-19T13:59:54","date_gmt":"2026-01-19T11:59:54","guid":{"rendered":"https:\/\/gadgettravellers.eu\/shop\/macchina-espresso-per-capsule-e-caffe-macinato-ka3118-dsp-616638\/"},"modified":"2026-04-22T22:09:44","modified_gmt":"2026-04-22T20:09:44","slug":"macchina-espresso-per-capsule-e-caffe-macinato-ka3118-dsp-616638","status":"publish","type":"product","link":"https:\/\/gadgettravellers.eu\/it\/shop\/macchina-espresso-per-capsule-e-caffe-macinato-ka3118-dsp-616638\/","title":{"rendered":"Macchina Espresso per capsule e caff\u00e8 macinato &#8211; KA3118 &#8211; DSP &#8211; 616638"},"content":{"rendered":"<p>Macchina da caff\u00e8 Espresso DSP 2 in 1 per capsule e caff\u00e8 macinato, di alta qualit\u00e0 nella costruzione e nelle prestazioni, ideale per un caff\u00e8 espresso professionale a casa tua.<\/p>\n<p>Caratteristiche: <br \/>Tensione: 220-240V~50\/60Hz <br \/>Potenza: 1400 W <br \/>Pressione: 20 bar<br \/>Serbatoio dell&#8217;acqua trasparente rimovibile con capacit\u00e0 di 0,7L, <br \/>2 diversi supporti per capsule per tutte le marche e 1 portafiltro per caff\u00e8 macinato per dose singola o doppia, <br \/>Tempo di preparazione: 40 s<br \/>Scocca lucida in acciaio inox <br \/>Protezione da surriscaldamento e sovrapressione, <br \/>Dimensioni del dispositivo: 21,5*25*28,8cm<\/p>\n<p>Istruzioni per l&#8217;uso incluse in inglese.<\/p>\n","protected":false},"excerpt":{"rendered":"<p>Macchina da espresso a doppia funzione per capsule e caff\u00e8 macinato, pressione 20 bar, 1400 W, serbatoio rimovibile da 0,7L e preriscaldamento 40s. Scocca in inox con protezioni da surriscaldamento\/sovrappressione per un risultato professionale nel<\/p>\n","protected":false},"featured_media":5116008,"comment_status":"closed","ping_status":"open","template":"","meta":[],"product_brand":[],"product_cat":[],"product_tag":[15],"class_list":{"0":"post-5313555","1":"product","2":"type-product","3":"status-publish","4":"has-post-thumbnail","6":"product_tag-uncategorized","8":"first","9":"onbackorder","10":"purchasable","11":"product-type-simple"},"jetpack_sharing_enabled":true,"_links":{"self":[{"href":"https:\/\/gadgettravellers.eu\/it\/wp-json\/wp\/v2\/product\/5313555","targetHints":{"allow":["GET"]}}],"collection":[{"href":"https:\/\/gadgettravellers.eu\/it\/wp-json\/wp\/v2\/product"}],"about":[{"href":"https:\/\/gadgettravellers.eu\/it\/wp-json\/wp\/v2\/types\/product"}],"replies":[{"embeddable":true,"href":"https:\/\/gadgettravellers.eu\/it\/wp-json\/wp\/v2\/comments?post=5313555"}],"wp:featuredmedia":[{"embeddable":true,"href":"https:\/\/gadgettravellers.eu\/it\/wp-json\/wp\/v2\/media\/5116008"}],"wp:attachment":[{"href":"https:\/\/gadgettravellers.eu\/it\/wp-json\/wp\/v2\/media?parent=5313555"}],"wp:term":[{"taxonomy":"product_brand","embeddable":true,"href":"https:\/\/gadgettravellers.eu\/it\/wp-json\/wp\/v2\/product_brand?post=5313555"},{"taxonomy":"product_cat","embeddable":true,"href":"https:\/\/gadgettravellers.eu\/it\/wp-json\/wp\/v2\/product_cat?post=5313555"},{"taxonomy":"product_tag","embeddable":true,"href":"https:\/\/gadgettravellers.eu\/it\/wp-json\/wp\/v2\/product_tag?post=5313555"}],"curies":[{"name":"wp","href":"https:\/\/api.w.org\/{rel}","templated":true}]}}