{"id":5313961,"date":"2026-01-19T14:04:15","date_gmt":"2026-01-19T12:04:15","guid":{"rendered":"https:\/\/gadgettravellers.eu\/shop\/auricolare-bluetooth-wireless-k100-153416-nero\/"},"modified":"2026-04-22T22:12:49","modified_gmt":"2026-04-22T20:12:49","slug":"auricolare-bluetooth-wireless-k100-153416-nero","status":"publish","type":"product","link":"https:\/\/gadgettravellers.eu\/it\/shop\/auricolare-bluetooth-wireless-k100-153416-nero\/","title":{"rendered":"Auricolare Bluetooth wireless &#8211; K100 &#8211; 153416 &#8211; Nero"},"content":{"rendered":"<p>Auricolare Bluetooth wireless handsfree con design elegante ed ergonomico, con clip per un uso quotidiano confortevole. <br \/>Con microfono integrato e pulsante di riavvolgimento, gli auricolari si ritirano facilmente all&#8217;interno del dispositivo quando non li usi.<br \/>Un auricolare di qualit\u00e0 eccellente che ti faciliter\u00e0 nelle chiamate telefoniche, poich\u00e9 puoi guidare e rispondere al telefono con totale libert\u00e0 di movimento. <br \/>Dispone di un display LED digitale che ti permette di vedere la carica residua della batteria.<\/p>\n<p>Caratteristiche:<br \/>Slot per scheda di memoria fino a 32GB<br \/>Distanza di trasmissione: 10m, <br \/>Tensione di ricarica: DC5V,<br \/>Tempo di conversazione: circa 20 ore, <br \/>Tempo di standby: circa 180 giorni, <br \/>Versione compatibile Bluetooth: V5.2, <br \/>Frequenza di trasmissione: 2.4GHZ, <br \/>Tempo di ricarica: circa 20 minuti, <br \/>Tempo di riproduzione musicale: circa 20 ore, <br \/>Capacit\u00e0 della batteria: 140mah, <br \/>Dimensioni: 56 x 25 x 13 mm<br \/>Protocollo supportato: HANDSET HANDFREE A2 DPAVRCP.<\/p>\n","protected":false},"excerpt":{"rendered":"<p>Auricolare wireless ergonomico Bluetooth V5.2 con microfono integrato, indicatore LED della batteria e slot microSD fino a 32GB. Offre fino a ~20 ore di conversazione\/musica e ricarica rapida (~20 minuti).<\/p>\n","protected":false},"featured_media":5292266,"comment_status":"closed","ping_status":"open","template":"","meta":[],"product_brand":[],"product_cat":[],"product_tag":[15],"class_list":{"0":"post-5313961","1":"product","2":"type-product","3":"status-publish","4":"has-post-thumbnail","6":"product_tag-uncategorized","8":"first","9":"onbackorder","10":"purchasable","11":"product-type-simple"},"jetpack_sharing_enabled":true,"_links":{"self":[{"href":"https:\/\/gadgettravellers.eu\/it\/wp-json\/wp\/v2\/product\/5313961","targetHints":{"allow":["GET"]}}],"collection":[{"href":"https:\/\/gadgettravellers.eu\/it\/wp-json\/wp\/v2\/product"}],"about":[{"href":"https:\/\/gadgettravellers.eu\/it\/wp-json\/wp\/v2\/types\/product"}],"replies":[{"embeddable":true,"href":"https:\/\/gadgettravellers.eu\/it\/wp-json\/wp\/v2\/comments?post=5313961"}],"wp:featuredmedia":[{"embeddable":true,"href":"https:\/\/gadgettravellers.eu\/it\/wp-json\/wp\/v2\/media\/5292266"}],"wp:attachment":[{"href":"https:\/\/gadgettravellers.eu\/it\/wp-json\/wp\/v2\/media?parent=5313961"}],"wp:term":[{"taxonomy":"product_brand","embeddable":true,"href":"https:\/\/gadgettravellers.eu\/it\/wp-json\/wp\/v2\/product_brand?post=5313961"},{"taxonomy":"product_cat","embeddable":true,"href":"https:\/\/gadgettravellers.eu\/it\/wp-json\/wp\/v2\/product_cat?post=5313961"},{"taxonomy":"product_tag","embeddable":true,"href":"https:\/\/gadgettravellers.eu\/it\/wp-json\/wp\/v2\/product_tag?post=5313961"}],"curies":[{"name":"wp","href":"https:\/\/api.w.org\/{rel}","templated":true}]}}