{"id":5313969,"date":"2026-01-19T14:04:23","date_gmt":"2026-01-19T12:04:23","guid":{"rendered":"https:\/\/gadgettravellers.eu\/shop\/gioco-educativo-di-costruzioni-fai-da-te-con-numeri-240-pezzi-sl-001-922333\/"},"modified":"2026-04-22T22:12:53","modified_gmt":"2026-04-22T20:12:53","slug":"gioco-educativo-di-costruzioni-fai-da-te-con-numeri-240-pezzi-sl-001-922333","status":"publish","type":"product","link":"https:\/\/gadgettravellers.eu\/it\/shop\/gioco-educativo-di-costruzioni-fai-da-te-con-numeri-240-pezzi-sl-001-922333\/","title":{"rendered":"Gioco educativo di costruzioni fai-da-te con numeri &#8211; 240 pezzi &#8211; SL-001 &#8211; 922333"},"content":{"rendered":"<p>Dimensioni della confezione: 38 x 25.6 x 6.5cm.<\/p>\n<p>Soddisfa tutti gli standard di sicurezza. <br \/>Adatto a bambini di et\u00e0 superiore ai 3 anni.<\/p>\n","protected":false},"excerpt":{"rendered":"<p>Set di costruzioni da 240 pezzi con numeri per bambini dai 3 anni in su. Sviluppa abilit\u00e0 di conteggio e motricit\u00e0 fine, potenzia la creativit\u00e0 e il pensiero logico; conforme agli standard di sicurezza.<\/p>\n","protected":false},"featured_media":5292287,"comment_status":"closed","ping_status":"open","template":"","meta":[],"product_brand":[],"product_cat":[],"product_tag":[15],"class_list":{"0":"post-5313969","1":"product","2":"type-product","3":"status-publish","4":"has-post-thumbnail","6":"product_tag-uncategorized","8":"first","9":"onbackorder","10":"purchasable","11":"product-type-simple"},"jetpack_sharing_enabled":true,"_links":{"self":[{"href":"https:\/\/gadgettravellers.eu\/it\/wp-json\/wp\/v2\/product\/5313969","targetHints":{"allow":["GET"]}}],"collection":[{"href":"https:\/\/gadgettravellers.eu\/it\/wp-json\/wp\/v2\/product"}],"about":[{"href":"https:\/\/gadgettravellers.eu\/it\/wp-json\/wp\/v2\/types\/product"}],"replies":[{"embeddable":true,"href":"https:\/\/gadgettravellers.eu\/it\/wp-json\/wp\/v2\/comments?post=5313969"}],"wp:featuredmedia":[{"embeddable":true,"href":"https:\/\/gadgettravellers.eu\/it\/wp-json\/wp\/v2\/media\/5292287"}],"wp:attachment":[{"href":"https:\/\/gadgettravellers.eu\/it\/wp-json\/wp\/v2\/media?parent=5313969"}],"wp:term":[{"taxonomy":"product_brand","embeddable":true,"href":"https:\/\/gadgettravellers.eu\/it\/wp-json\/wp\/v2\/product_brand?post=5313969"},{"taxonomy":"product_cat","embeddable":true,"href":"https:\/\/gadgettravellers.eu\/it\/wp-json\/wp\/v2\/product_cat?post=5313969"},{"taxonomy":"product_tag","embeddable":true,"href":"https:\/\/gadgettravellers.eu\/it\/wp-json\/wp\/v2\/product_tag?post=5313969"}],"curies":[{"name":"wp","href":"https:\/\/api.w.org\/{rel}","templated":true}]}}