{"id":5313979,"date":"2026-01-19T14:04:31","date_gmt":"2026-01-19T12:04:31","guid":{"rendered":"https:\/\/gadgettravellers.eu\/shop\/orologio-da-parete-sfondo-3d-o30x4cm-homie-321873\/"},"modified":"2026-04-22T22:29:49","modified_gmt":"2026-04-22T20:29:49","slug":"orologio-da-parete-sfondo-3d-o30x4cm-homie-321873","status":"publish","type":"product","link":"https:\/\/gadgettravellers.eu\/it\/shop\/orologio-da-parete-sfondo-3d-o30x4cm-homie-321873\/","title":{"rendered":"Orologio da Parete Sfondo 3D \u00f830x4cm Homie 321873"},"content":{"rendered":"<p>\u00f830x4cm<\/p>\n<div class='aiseo-faq-section' style='margin-top:30px; border-top:1px solid #eee; padding-top:20px;'>\n<h3>Domande Frequenti<\/h3>\n<details style='margin-bottom:10px; padding:10px; background:#f9f9f9; border-radius:5px;'>\n<summary style='font-weight:bold; cursor:pointer;'>Qual \u00e8 il diametro e lo spessore dell&#8217;orologio?<\/summary>\n<div style='margin-top:10px; color:#555;'>Il diametro \u00e8 di 30 cm e il profilo sottile ha uno spessore di 4 cm.<\/div>\n<\/details>\n<details style='margin-bottom:10px; padding:10px; background:#f9f9f9; border-radius:5px;'>\n<summary style='font-weight:bold; cursor:pointer;'>Cosa significa che ha uno sfondo tridimensionale?<\/summary>\n<div style='margin-top:10px; color:#555;'>Mostra che lo sfondo dispone di un elemento 3D che aggiunge profondit\u00e0 e un forte effetto decorativo alla parete.<\/div>\n<\/details>\n<details style='margin-bottom:10px; padding:10px; background:#f9f9f9; border-radius:5px;'>\n<summary style='font-weight:bold; cursor:pointer;'>In quali ambienti si adatta l&#8217;orologio?<\/summary>\n<div style='margin-top:10px; color:#555;'>\u00c8 ideale per soggiorno, camera da letto e ufficio, specialmente in spazi moderni.<\/div>\n<\/details>\n<details style='margin-bottom:10px; padding:10px; background:#f9f9f9; border-radius:5px;'>\n<summary style='font-weight:bold; cursor:pointer;'>\u00c8 difficile appendere l&#8217;orologio?<\/summary>\n<div style='margin-top:10px; color:#555;'>No, \u00e8 leggero e facile da appendere, offrendo un rapido rinnovamento estetico.<\/div>\n<\/details>\n<\/div>\n","protected":false},"excerpt":{"rendered":"<p>\u00f830x4cm Domande Frequenti Qual \u00e8 il diametro e lo spessore dell&#8217;orologio? Il diametro \u00e8 di 30 cm e il profilo sottile ha uno spessore di 4 cm. Cosa significa che ha uno sfondo tridimensionale? Mostra che lo sfondo dispone di un elemento 3D che aggiunge profondit\u00e0 e un forte effetto decorativo alla parete. In quali [&hellip;]<\/p>\n","protected":false},"featured_media":4313,"comment_status":"closed","ping_status":"open","template":"","meta":[],"product_brand":[],"product_cat":[],"product_tag":[15],"class_list":{"0":"post-5313979","1":"product","2":"type-product","3":"status-publish","4":"has-post-thumbnail","6":"product_tag-uncategorized","8":"first","9":"onbackorder","10":"purchasable","11":"product-type-simple"},"jetpack_sharing_enabled":true,"_links":{"self":[{"href":"https:\/\/gadgettravellers.eu\/it\/wp-json\/wp\/v2\/product\/5313979","targetHints":{"allow":["GET"]}}],"collection":[{"href":"https:\/\/gadgettravellers.eu\/it\/wp-json\/wp\/v2\/product"}],"about":[{"href":"https:\/\/gadgettravellers.eu\/it\/wp-json\/wp\/v2\/types\/product"}],"replies":[{"embeddable":true,"href":"https:\/\/gadgettravellers.eu\/it\/wp-json\/wp\/v2\/comments?post=5313979"}],"wp:featuredmedia":[{"embeddable":true,"href":"https:\/\/gadgettravellers.eu\/it\/wp-json\/wp\/v2\/media\/4313"}],"wp:attachment":[{"href":"https:\/\/gadgettravellers.eu\/it\/wp-json\/wp\/v2\/media?parent=5313979"}],"wp:term":[{"taxonomy":"product_brand","embeddable":true,"href":"https:\/\/gadgettravellers.eu\/it\/wp-json\/wp\/v2\/product_brand?post=5313979"},{"taxonomy":"product_cat","embeddable":true,"href":"https:\/\/gadgettravellers.eu\/it\/wp-json\/wp\/v2\/product_cat?post=5313979"},{"taxonomy":"product_tag","embeddable":true,"href":"https:\/\/gadgettravellers.eu\/it\/wp-json\/wp\/v2\/product_tag?post=5313979"}],"curies":[{"name":"wp","href":"https:\/\/api.w.org\/{rel}","templated":true}]}}