{"id":5313984,"date":"2026-01-19T14:04:34","date_gmt":"2026-01-19T12:04:34","guid":{"rendered":"https:\/\/gadgettravellers.eu\/shop\/cornice-in-polyresina-rotonda-dorata-%cf%8611cm-o11cm-homie-321905\/"},"modified":"2026-04-22T22:29:52","modified_gmt":"2026-04-22T20:29:52","slug":"cornice-in-polyresina-rotonda-dorata-%cf%8611cm-o11cm-homie-321905","status":"publish","type":"product","link":"https:\/\/gadgettravellers.eu\/it\/shop\/cornice-in-polyresina-rotonda-dorata-%cf%8611cm-o11cm-homie-321905\/","title":{"rendered":"Cornice in Polyresina Rotonda Dorata \u03c611cm \u00f811cm Homie 321905"},"content":{"rendered":"<p>Polyresin \u00f811cm<\/p>\n<div class='aiseo-faq-section' style='margin-top:30px; border-top:1px solid #eee; padding-top:20px;'>\n<h3>Domande Frequenti<\/h3>\n<details style='margin-bottom:10px; padding:10px; background:#f9f9f9; border-radius:5px;'>\n<summary style='font-weight:bold; cursor:pointer;'>Di che materiale \u00e8 realizzata la cornice?<\/summary>\n<div style='margin-top:10px; color:#555;'>La cornice \u00e8 realizzata in polyresin.<\/div>\n<\/details>\n<details style='margin-bottom:10px; padding:10px; background:#f9f9f9; border-radius:5px;'>\n<summary style='font-weight:bold; cursor:pointer;'>Qual \u00e8 il diametro della cornice?<\/summary>\n<div style='margin-top:10px; color:#555;'>Il diametro \u00e8 11 cm.<\/div>\n<\/details>\n<details style='margin-bottom:10px; padding:10px; background:#f9f9f9; border-radius:5px;'>\n<summary style='font-weight:bold; cursor:pointer;'>\u00c8 adatta per la decorazione da tavolo?<\/summary>\n<div style='margin-top:10px; color:#555;'>S\u00ec, \u00e8 progettata per l&#8217;uso da tavolo e come regalo.<\/div>\n<\/details>\n<details style='margin-bottom:10px; padding:10px; background:#f9f9f9; border-radius:5px;'>\n<summary style='font-weight:bold; cursor:pointer;'>\u00c8 pesante o leggera da trasportare?<\/summary>\n<div style='margin-top:10px; color:#555;'>\u00c8 leggera e allo stesso tempo resistente, adatta per un facile spostamento.<\/div>\n<\/details>\n<\/div>\n","protected":false},"excerpt":{"rendered":"<p>Polyresin \u00f811cm Domande Frequenti Di che materiale \u00e8 realizzata la cornice? La cornice \u00e8 realizzata in polyresin. Qual \u00e8 il diametro della cornice? Il diametro \u00e8 11 cm. \u00c8 adatta per la decorazione da tavolo? S\u00ec, \u00e8 progettata per l&#8217;uso da tavolo e come regalo. \u00c8 pesante o leggera da trasportare? \u00c8 leggera e allo [&hellip;]<\/p>\n","protected":false},"featured_media":4327,"comment_status":"closed","ping_status":"open","template":"","meta":[],"product_brand":[],"product_cat":[],"product_tag":[15],"class_list":{"0":"post-5313984","1":"product","2":"type-product","3":"status-publish","4":"has-post-thumbnail","6":"product_tag-uncategorized","8":"first","9":"onbackorder","10":"purchasable","11":"product-type-simple"},"jetpack_sharing_enabled":true,"_links":{"self":[{"href":"https:\/\/gadgettravellers.eu\/it\/wp-json\/wp\/v2\/product\/5313984","targetHints":{"allow":["GET"]}}],"collection":[{"href":"https:\/\/gadgettravellers.eu\/it\/wp-json\/wp\/v2\/product"}],"about":[{"href":"https:\/\/gadgettravellers.eu\/it\/wp-json\/wp\/v2\/types\/product"}],"replies":[{"embeddable":true,"href":"https:\/\/gadgettravellers.eu\/it\/wp-json\/wp\/v2\/comments?post=5313984"}],"wp:featuredmedia":[{"embeddable":true,"href":"https:\/\/gadgettravellers.eu\/it\/wp-json\/wp\/v2\/media\/4327"}],"wp:attachment":[{"href":"https:\/\/gadgettravellers.eu\/it\/wp-json\/wp\/v2\/media?parent=5313984"}],"wp:term":[{"taxonomy":"product_brand","embeddable":true,"href":"https:\/\/gadgettravellers.eu\/it\/wp-json\/wp\/v2\/product_brand?post=5313984"},{"taxonomy":"product_cat","embeddable":true,"href":"https:\/\/gadgettravellers.eu\/it\/wp-json\/wp\/v2\/product_cat?post=5313984"},{"taxonomy":"product_tag","embeddable":true,"href":"https:\/\/gadgettravellers.eu\/it\/wp-json\/wp\/v2\/product_tag?post=5313984"}],"curies":[{"name":"wp","href":"https:\/\/api.w.org\/{rel}","templated":true}]}}