{"id":5314000,"date":"2026-01-19T14:04:47","date_gmt":"2026-01-19T12:04:47","guid":{"rendered":"https:\/\/gadgettravellers.eu\/shop\/decorazione-da-parete-auguri-30cm-homie-322022\/"},"modified":"2026-04-22T22:29:59","modified_gmt":"2026-04-22T20:29:59","slug":"decorazione-da-parete-auguri-30cm-homie-322022","status":"publish","type":"product","link":"https:\/\/gadgettravellers.eu\/it\/shop\/decorazione-da-parete-auguri-30cm-homie-322022\/","title":{"rendered":"Decorazione da Parete Auguri 30cm Homie 322022"},"content":{"rendered":"<p>Sospeso 30cm<\/p>\n<div class='aiseo-faq-section' style='margin-top:30px; border-top:1px solid #eee; padding-top:20px;'>\n<h3>Domande Frequenti<\/h3>\n<details style='margin-bottom:10px; padding:10px; background:#f9f9f9; border-radius:5px;'>\n<summary style='font-weight:bold; cursor:pointer;'>Dove pu\u00f2 essere appeso questo ornamento?<\/summary>\n<div style='margin-top:10px; color:#555;'>Pu\u00f2 essere appeso in salotti, ingressi, camere dei bambini o sulla porta.<\/div>\n<\/details>\n<details style='margin-bottom:10px; padding:10px; background:#f9f9f9; border-radius:5px;'>\n<summary style='font-weight:bold; cursor:pointer;'>Qual \u00e8 il diametro della decorazione?<\/summary>\n<div style='margin-top:10px; color:#555;'>Il diametro \u00e8 di 30 cm.<\/div>\n<\/details>\n<details style='margin-bottom:10px; padding:10px; background:#f9f9f9; border-radius:5px;'>\n<summary style='font-weight:bold; cursor:pointer;'>\u00c8 difficile da appendere o richiede un&#8217;installazione speciale?<\/summary>\n<div style='margin-top:10px; color:#555;'>\u00c8 leggero e facile da appendere, senza requisiti di installazione.<\/div>\n<\/details>\n<details style='margin-bottom:10px; padding:10px; background:#f9f9f9; border-radius:5px;'>\n<summary style='font-weight:bold; cursor:pointer;'>Pu\u00f2 essere usato come regalo per le feste?<\/summary>\n<div style='margin-top:10px; color:#555;'>S\u00ec, \u00e8 ideale come regalo per feste e occasioni speciali.<\/div>\n<\/details>\n<\/div>\n","protected":false},"excerpt":{"rendered":"<p>Sospeso 30cm Domande Frequenti Dove pu\u00f2 essere appeso questo ornamento? Pu\u00f2 essere appeso in salotti, ingressi, camere dei bambini o sulla porta. Qual \u00e8 il diametro della decorazione? Il diametro \u00e8 di 30 cm. \u00c8 difficile da appendere o richiede un&#8217;installazione speciale? \u00c8 leggero e facile da appendere, senza requisiti di installazione. Pu\u00f2 essere usato [&hellip;]<\/p>\n","protected":false},"featured_media":4395,"comment_status":"closed","ping_status":"open","template":"","meta":[],"product_brand":[],"product_cat":[],"product_tag":[15],"class_list":{"0":"post-5314000","1":"product","2":"type-product","3":"status-publish","4":"has-post-thumbnail","6":"product_tag-uncategorized","8":"first","9":"onbackorder","10":"purchasable","11":"product-type-simple"},"jetpack_sharing_enabled":true,"_links":{"self":[{"href":"https:\/\/gadgettravellers.eu\/it\/wp-json\/wp\/v2\/product\/5314000","targetHints":{"allow":["GET"]}}],"collection":[{"href":"https:\/\/gadgettravellers.eu\/it\/wp-json\/wp\/v2\/product"}],"about":[{"href":"https:\/\/gadgettravellers.eu\/it\/wp-json\/wp\/v2\/types\/product"}],"replies":[{"embeddable":true,"href":"https:\/\/gadgettravellers.eu\/it\/wp-json\/wp\/v2\/comments?post=5314000"}],"wp:featuredmedia":[{"embeddable":true,"href":"https:\/\/gadgettravellers.eu\/it\/wp-json\/wp\/v2\/media\/4395"}],"wp:attachment":[{"href":"https:\/\/gadgettravellers.eu\/it\/wp-json\/wp\/v2\/media?parent=5314000"}],"wp:term":[{"taxonomy":"product_brand","embeddable":true,"href":"https:\/\/gadgettravellers.eu\/it\/wp-json\/wp\/v2\/product_brand?post=5314000"},{"taxonomy":"product_cat","embeddable":true,"href":"https:\/\/gadgettravellers.eu\/it\/wp-json\/wp\/v2\/product_cat?post=5314000"},{"taxonomy":"product_tag","embeddable":true,"href":"https:\/\/gadgettravellers.eu\/it\/wp-json\/wp\/v2\/product_tag?post=5314000"}],"curies":[{"name":"wp","href":"https:\/\/api.w.org\/{rel}","templated":true}]}}