{"id":5314007,"date":"2026-01-19T14:04:53","date_gmt":"2026-01-19T12:04:53","guid":{"rendered":"https:\/\/gadgettravellers.eu\/shop\/orologio-da-parete-grande-con-ingranaggi-o35cm-homie-322038\/"},"modified":"2026-04-22T22:30:02","modified_gmt":"2026-04-22T20:30:02","slug":"orologio-da-parete-grande-con-ingranaggi-o35cm-homie-322038","status":"publish","type":"product","link":"https:\/\/gadgettravellers.eu\/it\/shop\/orologio-da-parete-grande-con-ingranaggi-o35cm-homie-322038\/","title":{"rendered":"Orologio da Parete Grande con Ingranaggi \u00f835cm Homie 322038"},"content":{"rendered":"<p>\u00f835cm<\/p>\n<div class='aiseo-faq-section' style='margin-top:30px; border-top:1px solid #eee; padding-top:20px;'>\n<h3>Domande Frequenti<\/h3>\n<details style='margin-bottom:10px; padding:10px; background:#f9f9f9; border-radius:5px;'>\n<summary style='font-weight:bold; cursor:pointer;'>Qual \u00e8 il diametro dell&#8217;orologio?<\/summary>\n<div style='margin-top:10px; color:#555;'>Il diametro \u00e8 \u00f835cm.<\/div>\n<\/details>\n<details style='margin-bottom:10px; padding:10px; background:#f9f9f9; border-radius:5px;'>\n<summary style='font-weight:bold; cursor:pointer;'>Che estetica ha l&#8217;orologio?<\/summary>\n<div style='margin-top:10px; color:#555;'>Ha un&#8217;estetica industriale con ingranaggi impressionanti.<\/div>\n<\/details>\n<details style='margin-bottom:10px; padding:10px; background:#f9f9f9; border-radius:5px;'>\n<summary style='font-weight:bold; cursor:pointer;'>In quali ambienti si adatta?<\/summary>\n<div style='margin-top:10px; color:#555;'>Adatto per soggiorno, ufficio o sale d&#8217;attesa.<\/div>\n<\/details>\n<details style='margin-bottom:10px; padding:10px; background:#f9f9f9; border-radius:5px;'>\n<summary style='font-weight:bold; cursor:pointer;'>\u00c8 facile da installare?<\/summary>\n<div style='margin-top:10px; color:#555;'>S\u00ec, \u00e8 stabile e facile da posizionare.<\/div>\n<\/details>\n<details style='margin-bottom:10px; padding:10px; background:#f9f9f9; border-radius:5px;'>\n<summary style='font-weight:bold; cursor:pointer;'>Pu\u00f2 essere offerto come regalo?<\/summary>\n<div style='margin-top:10px; color:#555;'>S\u00ec, \u00e8 ideale come regalo o per rinnovare uno spazio.<\/div>\n<\/details>\n<\/div>\n","protected":false},"excerpt":{"rendered":"<p>\u00f835cm Domande Frequenti Qual \u00e8 il diametro dell&#8217;orologio? Il diametro \u00e8 \u00f835cm. Che estetica ha l&#8217;orologio? Ha un&#8217;estetica industriale con ingranaggi impressionanti. In quali ambienti si adatta? Adatto per soggiorno, ufficio o sale d&#8217;attesa. \u00c8 facile da installare? S\u00ec, \u00e8 stabile e facile da posizionare. Pu\u00f2 essere offerto come regalo? S\u00ec, \u00e8 ideale come regalo [&hellip;]<\/p>\n","protected":false},"featured_media":4454,"comment_status":"closed","ping_status":"open","template":"","meta":[],"product_brand":[],"product_cat":[],"product_tag":[15],"class_list":{"0":"post-5314007","1":"product","2":"type-product","3":"status-publish","4":"has-post-thumbnail","6":"product_tag-uncategorized","8":"first","9":"onbackorder","10":"purchasable","11":"product-type-simple"},"jetpack_sharing_enabled":true,"_links":{"self":[{"href":"https:\/\/gadgettravellers.eu\/it\/wp-json\/wp\/v2\/product\/5314007","targetHints":{"allow":["GET"]}}],"collection":[{"href":"https:\/\/gadgettravellers.eu\/it\/wp-json\/wp\/v2\/product"}],"about":[{"href":"https:\/\/gadgettravellers.eu\/it\/wp-json\/wp\/v2\/types\/product"}],"replies":[{"embeddable":true,"href":"https:\/\/gadgettravellers.eu\/it\/wp-json\/wp\/v2\/comments?post=5314007"}],"wp:featuredmedia":[{"embeddable":true,"href":"https:\/\/gadgettravellers.eu\/it\/wp-json\/wp\/v2\/media\/4454"}],"wp:attachment":[{"href":"https:\/\/gadgettravellers.eu\/it\/wp-json\/wp\/v2\/media?parent=5314007"}],"wp:term":[{"taxonomy":"product_brand","embeddable":true,"href":"https:\/\/gadgettravellers.eu\/it\/wp-json\/wp\/v2\/product_brand?post=5314007"},{"taxonomy":"product_cat","embeddable":true,"href":"https:\/\/gadgettravellers.eu\/it\/wp-json\/wp\/v2\/product_cat?post=5314007"},{"taxonomy":"product_tag","embeddable":true,"href":"https:\/\/gadgettravellers.eu\/it\/wp-json\/wp\/v2\/product_tag?post=5314007"}],"curies":[{"name":"wp","href":"https:\/\/api.w.org\/{rel}","templated":true}]}}