{"id":5314058,"date":"2026-01-19T14:05:29","date_gmt":"2026-01-19T12:05:29","guid":{"rendered":"https:\/\/gadgettravellers.eu\/shop\/orologio-antico-auto-moto-o29x4cm-homie-322096\/"},"modified":"2026-04-22T22:30:25","modified_gmt":"2026-04-22T20:30:25","slug":"orologio-antico-auto-moto-o29x4cm-homie-322096","status":"publish","type":"product","link":"https:\/\/gadgettravellers.eu\/it\/shop\/orologio-antico-auto-moto-o29x4cm-homie-322096\/","title":{"rendered":"Orologio Antico Auto &#038; Moto \u00f829x4cm Homie 322096"},"content":{"rendered":"<p>\u00f829x4cm<\/p>\n<div class='aiseo-faq-section' style='margin-top:30px; border-top:1px solid #eee; padding-top:20px;'>\n<h3>Domande Frequenti<\/h3>\n<details style='margin-bottom:10px; padding:10px; background:#f9f9f9; border-radius:5px;'>\n<summary style='font-weight:bold; cursor:pointer;'>Qual \u00e8 la dimensione dell&#8217;orologio?<\/summary>\n<div style='margin-top:10px; color:#555;'>Diametro \u00f829x4cm.<\/div>\n<\/details>\n<details style='margin-bottom:10px; padding:10px; background:#f9f9f9; border-radius:5px;'>\n<summary style='font-weight:bold; cursor:pointer;'>In quali ambienti si adatta questo orologio?<\/summary>\n<div style='margin-top:10px; color:#555;'>Ideale per la decorazione di case, garage o spazi professionali.<\/div>\n<\/details>\n<details style='margin-bottom:10px; padding:10px; background:#f9f9f9; border-radius:5px;'>\n<summary style='font-weight:bold; cursor:pointer;'>\u00c8 difficile l&#8217;installazione a parete?<\/summary>\n<div style='margin-top:10px; color:#555;'>No, ha un facile montaggio a parete.<\/div>\n<\/details>\n<details style='margin-bottom:10px; padding:10px; background:#f9f9f9; border-radius:5px;'>\n<summary style='font-weight:bold; cursor:pointer;'>\u00c8 una buona scelta come regalo?<\/summary>\n<div style='margin-top:10px; color:#555;'>S\u00ec, \u00e8 adatto come regalo per gli amanti di automobili e motociclette.<\/div>\n<\/details>\n<\/div>\n","protected":false},"excerpt":{"rendered":"<p>\u00f829x4cm Domande Frequenti Qual \u00e8 la dimensione dell&#8217;orologio? Diametro \u00f829x4cm. In quali ambienti si adatta questo orologio? Ideale per la decorazione di case, garage o spazi professionali. \u00c8 difficile l&#8217;installazione a parete? No, ha un facile montaggio a parete. \u00c8 una buona scelta come regalo? S\u00ec, \u00e8 adatto come regalo per gli amanti di automobili [&hellip;]<\/p>\n","protected":false},"featured_media":4804,"comment_status":"closed","ping_status":"open","template":"","meta":[],"product_brand":[],"product_cat":[],"product_tag":[15],"class_list":{"0":"post-5314058","1":"product","2":"type-product","3":"status-publish","4":"has-post-thumbnail","6":"product_tag-uncategorized","8":"first","9":"onbackorder","10":"purchasable","11":"product-type-simple"},"jetpack_sharing_enabled":true,"_links":{"self":[{"href":"https:\/\/gadgettravellers.eu\/it\/wp-json\/wp\/v2\/product\/5314058","targetHints":{"allow":["GET"]}}],"collection":[{"href":"https:\/\/gadgettravellers.eu\/it\/wp-json\/wp\/v2\/product"}],"about":[{"href":"https:\/\/gadgettravellers.eu\/it\/wp-json\/wp\/v2\/types\/product"}],"replies":[{"embeddable":true,"href":"https:\/\/gadgettravellers.eu\/it\/wp-json\/wp\/v2\/comments?post=5314058"}],"wp:featuredmedia":[{"embeddable":true,"href":"https:\/\/gadgettravellers.eu\/it\/wp-json\/wp\/v2\/media\/4804"}],"wp:attachment":[{"href":"https:\/\/gadgettravellers.eu\/it\/wp-json\/wp\/v2\/media?parent=5314058"}],"wp:term":[{"taxonomy":"product_brand","embeddable":true,"href":"https:\/\/gadgettravellers.eu\/it\/wp-json\/wp\/v2\/product_brand?post=5314058"},{"taxonomy":"product_cat","embeddable":true,"href":"https:\/\/gadgettravellers.eu\/it\/wp-json\/wp\/v2\/product_cat?post=5314058"},{"taxonomy":"product_tag","embeddable":true,"href":"https:\/\/gadgettravellers.eu\/it\/wp-json\/wp\/v2\/product_tag?post=5314058"}],"curies":[{"name":"wp","href":"https:\/\/api.w.org\/{rel}","templated":true}]}}