{"id":5314060,"date":"2026-01-19T14:05:30","date_gmt":"2026-01-19T12:05:30","guid":{"rendered":"https:\/\/gadgettravellers.eu\/shop\/lanterna-solare-inox-365x55cm-homie-32379\/"},"modified":"2026-04-22T22:30:26","modified_gmt":"2026-04-22T20:30:26","slug":"lanterna-solare-inox-365x55cm-homie-32379","status":"publish","type":"product","link":"https:\/\/gadgettravellers.eu\/it\/shop\/lanterna-solare-inox-365x55cm-homie-32379\/","title":{"rendered":"Lanterna Solare Inox 36,5&#215;5,5cm Homie 32379"},"content":{"rendered":"<p>Inox con luce bianca 36,5&#215;5,5cm<\/p>\n<div class='aiseo-faq-section' style='margin-top:30px; border-top:1px solid #eee; padding-top:20px;'>\n<h3>Domande Frequenti<\/h3>\n<details style='margin-bottom:10px; padding:10px; background:#f9f9f9; border-radius:5px;'>\n<summary style='font-weight:bold; cursor:pointer;'>Di quale materiale \u00e8 fatto il faro?<\/summary>\n<div style='margin-top:10px; color:#555;'>\u00c8 realizzato in acciaio inossidabile (Inox).<\/div>\n<\/details>\n<details style='margin-bottom:10px; padding:10px; background:#f9f9f9; border-radius:5px;'>\n<summary style='font-weight:bold; cursor:pointer;'>Che tipo di illuminazione fornisce?<\/summary>\n<div style='margin-top:10px; color:#555;'>Fornisce luce LED bianca.<\/div>\n<\/details>\n<details style='margin-bottom:10px; padding:10px; background:#f9f9f9; border-radius:5px;'>\n<summary style='font-weight:bold; cursor:pointer;'>\u00c8 energeticamente indipendente?<\/summary>\n<div style='margin-top:10px; color:#555;'>S\u00ec, funziona con energia solare ed \u00e8 energeticamente indipendente.<\/div>\n<\/details>\n<details style='margin-bottom:10px; padding:10px; background:#f9f9f9; border-radius:5px;'>\n<summary style='font-weight:bold; cursor:pointer;'>In quali ambienti \u00e8 adatto?<\/summary>\n<div style='margin-top:10px; color:#555;'>\u00c8 adatto per esterni come giardini, balconi e sentieri.<\/div>\n<\/details>\n<details style='margin-bottom:10px; padding:10px; background:#f9f9f9; border-radius:5px;'>\n<summary style='font-weight:bold; cursor:pointer;'>Quali sono le sue dimensioni?<\/summary>\n<div style='margin-top:10px; color:#555;'>Le dimensioni sono 36,5 x 5,5 cm.<\/div>\n<\/details>\n<\/div>\n","protected":false},"excerpt":{"rendered":"<p>Inox con luce bianca 36,5&#215;5,5cm Domande Frequenti Di quale materiale \u00e8 fatto il faro? \u00c8 realizzato in acciaio inossidabile (Inox). Che tipo di illuminazione fornisce? Fornisce luce LED bianca. \u00c8 energeticamente indipendente? S\u00ec, funziona con energia solare ed \u00e8 energeticamente indipendente. In quali ambienti \u00e8 adatto? \u00c8 adatto per esterni come giardini, balconi e sentieri. [&hellip;]<\/p>\n","protected":false},"featured_media":4813,"comment_status":"closed","ping_status":"open","template":"","meta":[],"product_brand":[],"product_cat":[],"product_tag":[15],"class_list":{"0":"post-5314060","1":"product","2":"type-product","3":"status-publish","4":"has-post-thumbnail","6":"product_tag-uncategorized","8":"first","9":"onbackorder","10":"purchasable","11":"product-type-simple"},"jetpack_sharing_enabled":true,"_links":{"self":[{"href":"https:\/\/gadgettravellers.eu\/it\/wp-json\/wp\/v2\/product\/5314060","targetHints":{"allow":["GET"]}}],"collection":[{"href":"https:\/\/gadgettravellers.eu\/it\/wp-json\/wp\/v2\/product"}],"about":[{"href":"https:\/\/gadgettravellers.eu\/it\/wp-json\/wp\/v2\/types\/product"}],"replies":[{"embeddable":true,"href":"https:\/\/gadgettravellers.eu\/it\/wp-json\/wp\/v2\/comments?post=5314060"}],"wp:featuredmedia":[{"embeddable":true,"href":"https:\/\/gadgettravellers.eu\/it\/wp-json\/wp\/v2\/media\/4813"}],"wp:attachment":[{"href":"https:\/\/gadgettravellers.eu\/it\/wp-json\/wp\/v2\/media?parent=5314060"}],"wp:term":[{"taxonomy":"product_brand","embeddable":true,"href":"https:\/\/gadgettravellers.eu\/it\/wp-json\/wp\/v2\/product_brand?post=5314060"},{"taxonomy":"product_cat","embeddable":true,"href":"https:\/\/gadgettravellers.eu\/it\/wp-json\/wp\/v2\/product_cat?post=5314060"},{"taxonomy":"product_tag","embeddable":true,"href":"https:\/\/gadgettravellers.eu\/it\/wp-json\/wp\/v2\/product_tag?post=5314060"}],"curies":[{"name":"wp","href":"https:\/\/api.w.org\/{rel}","templated":true}]}}