{"id":5314149,"date":"2026-01-19T14:06:53","date_gmt":"2026-01-19T12:06:53","guid":{"rendered":"https:\/\/gadgettravellers.eu\/shop\/carta-per-fax-termica-30mx21cm-justnote-38272\/"},"modified":"2026-04-22T22:31:04","modified_gmt":"2026-04-22T20:31:04","slug":"carta-per-fax-termica-30mx21cm-justnote-38272","status":"publish","type":"product","link":"https:\/\/gadgettravellers.eu\/it\/shop\/carta-per-fax-termica-30mx21cm-justnote-38272\/","title":{"rendered":"Carta per fax Termica 30mx21cm JustNote 38272"},"content":{"rendered":"<p>Carta fax termica 30mx21cm<\/p>\n<div class='aiseo-faq-section' style='margin-top:30px; border-top:1px solid #eee; padding-top:20px;'>\n<h3>Domande Frequenti<\/h3>\n<details style='margin-bottom:10px; padding:10px; background:#f9f9f9; border-radius:5px;'>\n<summary style='font-weight:bold; cursor:pointer;'>Quali sono le dimensioni del rotolo?<\/summary>\n<div style='margin-top:10px; color:#555;'>30 m di lunghezza e 21 cm di larghezza in rotolo.<\/div>\n<\/details>\n<details style='margin-bottom:10px; padding:10px; background:#f9f9f9; border-radius:5px;'>\n<summary style='font-weight:bold; cursor:pointer;'>Che tipo di carta \u00e8?<\/summary>\n<div style='margin-top:10px; color:#555;'>Carta termica progettata per l&#8217;uso in fax.<\/div>\n<\/details>\n<details style='margin-bottom:10px; padding:10px; background:#f9f9f9; border-radius:5px;'>\n<summary style='font-weight:bold; cursor:pointer;'>\u00c8 compatibile con le macchine fax?<\/summary>\n<div style='margin-top:10px; color:#555;'>S\u00ec, \u00e8 adatto per fax professionali e domestici.<\/div>\n<\/details>\n<details style='margin-bottom:10px; padding:10px; background:#f9f9f9; border-radius:5px;'>\n<summary style='font-weight:bold; cursor:pointer;'>Qual \u00e8 il vantaggio principale del prodotto?<\/summary>\n<div style='margin-top:10px; color:#555;'>Fornisce una stampa nitida e prestazioni affidabili nell&#8217;uso quotidiano.<\/div>\n<\/details>\n<\/div>\n","protected":false},"excerpt":{"rendered":"<p>Carta fax termica 30mx21cm Domande Frequenti Quali sono le dimensioni del rotolo? 30 m di lunghezza e 21 cm di larghezza in rotolo. Che tipo di carta \u00e8? Carta termica progettata per l&#8217;uso in fax. \u00c8 compatibile con le macchine fax? S\u00ec, \u00e8 adatto per fax professionali e domestici. Qual \u00e8 il vantaggio principale del [&hellip;]<\/p>\n","protected":false},"featured_media":5592,"comment_status":"closed","ping_status":"open","template":"","meta":[],"product_brand":[],"product_cat":[],"product_tag":[15],"class_list":{"0":"post-5314149","1":"product","2":"type-product","3":"status-publish","4":"has-post-thumbnail","6":"product_tag-uncategorized","8":"first","9":"onbackorder","10":"purchasable","11":"product-type-simple"},"jetpack_sharing_enabled":true,"_links":{"self":[{"href":"https:\/\/gadgettravellers.eu\/it\/wp-json\/wp\/v2\/product\/5314149","targetHints":{"allow":["GET"]}}],"collection":[{"href":"https:\/\/gadgettravellers.eu\/it\/wp-json\/wp\/v2\/product"}],"about":[{"href":"https:\/\/gadgettravellers.eu\/it\/wp-json\/wp\/v2\/types\/product"}],"replies":[{"embeddable":true,"href":"https:\/\/gadgettravellers.eu\/it\/wp-json\/wp\/v2\/comments?post=5314149"}],"wp:featuredmedia":[{"embeddable":true,"href":"https:\/\/gadgettravellers.eu\/it\/wp-json\/wp\/v2\/media\/5592"}],"wp:attachment":[{"href":"https:\/\/gadgettravellers.eu\/it\/wp-json\/wp\/v2\/media?parent=5314149"}],"wp:term":[{"taxonomy":"product_brand","embeddable":true,"href":"https:\/\/gadgettravellers.eu\/it\/wp-json\/wp\/v2\/product_brand?post=5314149"},{"taxonomy":"product_cat","embeddable":true,"href":"https:\/\/gadgettravellers.eu\/it\/wp-json\/wp\/v2\/product_cat?post=5314149"},{"taxonomy":"product_tag","embeddable":true,"href":"https:\/\/gadgettravellers.eu\/it\/wp-json\/wp\/v2\/product_tag?post=5314149"}],"curies":[{"name":"wp","href":"https:\/\/api.w.org\/{rel}","templated":true}]}}