{"id":5314163,"date":"2026-01-19T14:07:08","date_gmt":"2026-01-19T12:07:08","guid":{"rendered":"https:\/\/gadgettravellers.eu\/shop\/blocco-ristorante-autografico-2x50-fogli-172x8-1cm-justnote-38380\/"},"modified":"2026-04-22T22:31:10","modified_gmt":"2026-04-22T20:31:10","slug":"blocco-ristorante-autografico-2x50-fogli-172x8-1cm-justnote-38380","status":"publish","type":"product","link":"https:\/\/gadgettravellers.eu\/it\/shop\/blocco-ristorante-autografico-2x50-fogli-172x8-1cm-justnote-38380\/","title":{"rendered":"Blocco Ristorante Autografico 2&#215;50 Fogli 17,2&#215;8.1cm JustNote 38380"},"content":{"rendered":"<p>Blocco autografo per ristorante 2&#215;50 fogli 17,2&#215;8.1cm<\/p>\n<div class='aiseo-faq-section' style='margin-top:30px; border-top:1px solid #eee; padding-top:20px;'>\n<h3>Domande Frequenti<\/h3>\n<details style='margin-bottom:10px; padding:10px; background:#f9f9f9; border-radius:5px;'>\n<summary style='font-weight:bold; cursor:pointer;'>Quante pagine ha il blocco?<\/summary>\n<div style='margin-top:10px; color:#555;'>Il blocco contiene 2&#215;50 fogli autografi, cio\u00e8 50 pagine con due copie per pagina.<\/div>\n<\/details>\n<details style='margin-bottom:10px; padding:10px; background:#f9f9f9; border-radius:5px;'>\n<summary style='font-weight:bold; cursor:pointer;'>Quali sono le sue dimensioni?<\/summary>\n<div style='margin-top:10px; color:#555;'>Le dimensioni sono 17,2 x 8,1 cm.<\/div>\n<\/details>\n<details style='margin-bottom:10px; padding:10px; background:#f9f9f9; border-radius:5px;'>\n<summary style='font-weight:bold; cursor:pointer;'>Per quale uso \u00e8 destinato?<\/summary>\n<div style='margin-top:10px; color:#555;'>\u00c8 ideale per ordini e ricevute in locali di ristorazione, compatto e pratico.<\/div>\n<\/details>\n<details style='margin-bottom:10px; padding:10px; background:#f9f9f9; border-radius:5px;'>\n<summary style='font-weight:bold; cursor:pointer;'>\u00c8 adatto per uso professionale?<\/summary>\n<div style='margin-top:10px; color:#555;'>S\u00ec, \u00e8 stato progettato per uso professionale in locali di ristorazione.<\/div>\n<\/details>\n<\/div>\n","protected":false},"excerpt":{"rendered":"<p>Blocco autografo per ristorante 2&#215;50 fogli 17,2&#215;8.1cm Domande Frequenti Quante pagine ha il blocco? Il blocco contiene 2&#215;50 fogli autografi, cio\u00e8 50 pagine con due copie per pagina. Quali sono le sue dimensioni? Le dimensioni sono 17,2 x 8,1 cm. Per quale uso \u00e8 destinato? \u00c8 ideale per ordini e ricevute in locali di ristorazione, [&hellip;]<\/p>\n","protected":false},"featured_media":5693,"comment_status":"closed","ping_status":"open","template":"","meta":[],"product_brand":[],"product_cat":[],"product_tag":[15],"class_list":{"0":"post-5314163","1":"product","2":"type-product","3":"status-publish","4":"has-post-thumbnail","6":"product_tag-uncategorized","8":"first","9":"onbackorder","10":"purchasable","11":"product-type-simple"},"jetpack_sharing_enabled":true,"_links":{"self":[{"href":"https:\/\/gadgettravellers.eu\/it\/wp-json\/wp\/v2\/product\/5314163","targetHints":{"allow":["GET"]}}],"collection":[{"href":"https:\/\/gadgettravellers.eu\/it\/wp-json\/wp\/v2\/product"}],"about":[{"href":"https:\/\/gadgettravellers.eu\/it\/wp-json\/wp\/v2\/types\/product"}],"replies":[{"embeddable":true,"href":"https:\/\/gadgettravellers.eu\/it\/wp-json\/wp\/v2\/comments?post=5314163"}],"wp:featuredmedia":[{"embeddable":true,"href":"https:\/\/gadgettravellers.eu\/it\/wp-json\/wp\/v2\/media\/5693"}],"wp:attachment":[{"href":"https:\/\/gadgettravellers.eu\/it\/wp-json\/wp\/v2\/media?parent=5314163"}],"wp:term":[{"taxonomy":"product_brand","embeddable":true,"href":"https:\/\/gadgettravellers.eu\/it\/wp-json\/wp\/v2\/product_brand?post=5314163"},{"taxonomy":"product_cat","embeddable":true,"href":"https:\/\/gadgettravellers.eu\/it\/wp-json\/wp\/v2\/product_cat?post=5314163"},{"taxonomy":"product_tag","embeddable":true,"href":"https:\/\/gadgettravellers.eu\/it\/wp-json\/wp\/v2\/product_tag?post=5314163"}],"curies":[{"name":"wp","href":"https:\/\/api.w.org\/{rel}","templated":true}]}}