{"id":5314210,"date":"2026-01-19T14:07:47","date_gmt":"2026-01-19T12:07:47","guid":{"rendered":"https:\/\/gadgettravellers.eu\/shop\/borsa-regalo-kraft-14x11x6cm-130gsm-14x11x6cm-justnote-39208\/"},"modified":"2026-04-22T22:31:30","modified_gmt":"2026-04-22T20:31:30","slug":"borsa-regalo-kraft-14x11x6cm-130gsm-14x11x6cm-justnote-39208","status":"publish","type":"product","link":"https:\/\/gadgettravellers.eu\/it\/shop\/borsa-regalo-kraft-14x11x6cm-130gsm-14x11x6cm-justnote-39208\/","title":{"rendered":"Borsa regalo Kraft 14x11x6cm 130gsm 14x11x6cm JustNote 39208"},"content":{"rendered":"<p>Carta-craft 130gsm 14x11x6cm<\/p>\n<div class='aiseo-faq-section' style='margin-top:30px; border-top:1px solid #eee; padding-top:20px;'>\n<h3>Domande Frequenti<\/h3>\n<details style='margin-bottom:10px; padding:10px; background:#f9f9f9; border-radius:5px;'>\n<summary style='font-weight:bold; cursor:pointer;'>Di che materiale \u00e8 fatta la borsa?<\/summary>\n<div style='margin-top:10px; color:#555;'>\u00c8 di carta, materiale kraft con uno spessore di 130gsm.<\/div>\n<\/details>\n<details style='margin-bottom:10px; padding:10px; background:#f9f9f9; border-radius:5px;'>\n<summary style='font-weight:bold; cursor:pointer;'>Quali sono le dimensioni della borsa?<\/summary>\n<div style='margin-top:10px; color:#555;'>Le dimensioni sono 14x11x6 cm, adatte per piccoli regali.<\/div>\n<\/details>\n<details style='margin-bottom:10px; padding:10px; background:#f9f9f9; border-radius:5px;'>\n<summary style='font-weight:bold; cursor:pointer;'>\u00c8 adatta per un imballaggio ecologico?<\/summary>\n<div style='margin-top:10px; color:#555;'>S\u00ec, si tratta di carta kraft ed \u00e8 riciclabile, ideale per un imballaggio ecologico.<\/div>\n<\/details>\n<details style='margin-bottom:10px; padding:10px; background:#f9f9f9; border-radius:5px;'>\n<summary style='font-weight:bold; cursor:pointer;'>\u00c8 resistente per l&#8217;uso nell&#8217;imballaggio dei prodotti?<\/summary>\n<div style='margin-top:10px; color:#555;'>S\u00ec, il 130gsm offre una buona resistenza per l&#8217;imballaggio su piccola scala e la protezione degli oggetti.<\/div>\n<\/details>\n<\/div>\n","protected":false},"excerpt":{"rendered":"<p>Carta-craft 130gsm 14x11x6cm Domande Frequenti Di che materiale \u00e8 fatta la borsa? \u00c8 di carta, materiale kraft con uno spessore di 130gsm. Quali sono le dimensioni della borsa? Le dimensioni sono 14x11x6 cm, adatte per piccoli regali. \u00c8 adatta per un imballaggio ecologico? S\u00ec, si tratta di carta kraft ed \u00e8 riciclabile, ideale per un [&hellip;]<\/p>\n","protected":false},"featured_media":6064,"comment_status":"closed","ping_status":"open","template":"","meta":[],"product_brand":[],"product_cat":[],"product_tag":[15],"class_list":{"0":"post-5314210","1":"product","2":"type-product","3":"status-publish","4":"has-post-thumbnail","6":"product_tag-uncategorized","8":"first","9":"onbackorder","10":"purchasable","11":"product-type-simple"},"jetpack_sharing_enabled":true,"_links":{"self":[{"href":"https:\/\/gadgettravellers.eu\/it\/wp-json\/wp\/v2\/product\/5314210","targetHints":{"allow":["GET"]}}],"collection":[{"href":"https:\/\/gadgettravellers.eu\/it\/wp-json\/wp\/v2\/product"}],"about":[{"href":"https:\/\/gadgettravellers.eu\/it\/wp-json\/wp\/v2\/types\/product"}],"replies":[{"embeddable":true,"href":"https:\/\/gadgettravellers.eu\/it\/wp-json\/wp\/v2\/comments?post=5314210"}],"wp:featuredmedia":[{"embeddable":true,"href":"https:\/\/gadgettravellers.eu\/it\/wp-json\/wp\/v2\/media\/6064"}],"wp:attachment":[{"href":"https:\/\/gadgettravellers.eu\/it\/wp-json\/wp\/v2\/media?parent=5314210"}],"wp:term":[{"taxonomy":"product_brand","embeddable":true,"href":"https:\/\/gadgettravellers.eu\/it\/wp-json\/wp\/v2\/product_brand?post=5314210"},{"taxonomy":"product_cat","embeddable":true,"href":"https:\/\/gadgettravellers.eu\/it\/wp-json\/wp\/v2\/product_cat?post=5314210"},{"taxonomy":"product_tag","embeddable":true,"href":"https:\/\/gadgettravellers.eu\/it\/wp-json\/wp\/v2\/product_tag?post=5314210"}],"curies":[{"name":"wp","href":"https:\/\/api.w.org\/{rel}","templated":true}]}}