{"id":5314211,"date":"2026-01-19T14:07:48","date_gmt":"2026-01-19T12:07:48","guid":{"rendered":"https:\/\/gadgettravellers.eu\/shop\/borsa-regalo-kraft-23x17x8cm-justnote-39209\/"},"modified":"2026-04-22T22:31:31","modified_gmt":"2026-04-22T20:31:31","slug":"borsa-regalo-kraft-23x17x8cm-justnote-39209","status":"publish","type":"product","link":"https:\/\/gadgettravellers.eu\/it\/shop\/borsa-regalo-kraft-23x17x8cm-justnote-39209\/","title":{"rendered":"Borsa Regalo Kraft 23x17x8cm JustNote 39209"},"content":{"rendered":"<p>Carta-craft 23x17x8cm<\/p>\n<div class='aiseo-faq-section' style='margin-top:30px; border-top:1px solid #eee; padding-top:20px;'>\n<h3>Domande Frequenti<\/h3>\n<details style='margin-bottom:10px; padding:10px; background:#f9f9f9; border-radius:5px;'>\n<summary style='font-weight:bold; cursor:pointer;'>Quali sono le dimensioni della borsa?<\/summary>\n<div style='margin-top:10px; color:#555;'>Le dimensioni sono 23x17x8 cm.<\/div>\n<\/details>\n<details style='margin-bottom:10px; padding:10px; background:#f9f9f9; border-radius:5px;'>\n<summary style='font-weight:bold; cursor:pointer;'>Di che materiale \u00e8 fatta?<\/summary>\n<div style='margin-top:10px; color:#555;'>\u00c8 realizzato in materiale kraft di carta.<\/div>\n<\/details>\n<details style='margin-bottom:10px; padding:10px; background:#f9f9f9; border-radius:5px;'>\n<summary style='font-weight:bold; cursor:pointer;'>Per quali usi \u00e8 adatta?<\/summary>\n<div style='margin-top:10px; color:#555;'>Ideale per confezionare piccoli regali, uso in negozi ed eventi.<\/div>\n<\/details>\n<details style='margin-bottom:10px; padding:10px; background:#f9f9f9; border-radius:5px;'>\n<summary style='font-weight:bold; cursor:pointer;'>\u00c8 ecologica e resistente?<\/summary>\n<div style='margin-top:10px; color:#555;'>S\u00ec, \u00e8 ecologica e progettata per essere resistente per piccoli regali.<\/div>\n<\/details>\n<\/div>\n","protected":false},"excerpt":{"rendered":"<p>Carta-craft 23x17x8cm Domande Frequenti Quali sono le dimensioni della borsa? Le dimensioni sono 23x17x8 cm. Di che materiale \u00e8 fatta? \u00c8 realizzato in materiale kraft di carta. Per quali usi \u00e8 adatta? Ideale per confezionare piccoli regali, uso in negozi ed eventi. \u00c8 ecologica e resistente? S\u00ec, \u00e8 ecologica e progettata per essere resistente per [&hellip;]<\/p>\n","protected":false},"featured_media":6069,"comment_status":"closed","ping_status":"open","template":"","meta":[],"product_brand":[],"product_cat":[],"product_tag":[15],"class_list":{"0":"post-5314211","1":"product","2":"type-product","3":"status-publish","4":"has-post-thumbnail","6":"product_tag-uncategorized","8":"first","9":"onbackorder","10":"purchasable","11":"product-type-simple"},"jetpack_sharing_enabled":true,"_links":{"self":[{"href":"https:\/\/gadgettravellers.eu\/it\/wp-json\/wp\/v2\/product\/5314211","targetHints":{"allow":["GET"]}}],"collection":[{"href":"https:\/\/gadgettravellers.eu\/it\/wp-json\/wp\/v2\/product"}],"about":[{"href":"https:\/\/gadgettravellers.eu\/it\/wp-json\/wp\/v2\/types\/product"}],"replies":[{"embeddable":true,"href":"https:\/\/gadgettravellers.eu\/it\/wp-json\/wp\/v2\/comments?post=5314211"}],"wp:featuredmedia":[{"embeddable":true,"href":"https:\/\/gadgettravellers.eu\/it\/wp-json\/wp\/v2\/media\/6069"}],"wp:attachment":[{"href":"https:\/\/gadgettravellers.eu\/it\/wp-json\/wp\/v2\/media?parent=5314211"}],"wp:term":[{"taxonomy":"product_brand","embeddable":true,"href":"https:\/\/gadgettravellers.eu\/it\/wp-json\/wp\/v2\/product_brand?post=5314211"},{"taxonomy":"product_cat","embeddable":true,"href":"https:\/\/gadgettravellers.eu\/it\/wp-json\/wp\/v2\/product_cat?post=5314211"},{"taxonomy":"product_tag","embeddable":true,"href":"https:\/\/gadgettravellers.eu\/it\/wp-json\/wp\/v2\/product_tag?post=5314211"}],"curies":[{"name":"wp","href":"https:\/\/api.w.org\/{rel}","templated":true}]}}