{"id":5314215,"date":"2026-01-19T14:07:54","date_gmt":"2026-01-19T12:07:54","guid":{"rendered":"https:\/\/gadgettravellers.eu\/shop\/borsa-regalo-kraft-455x33x10cm-455x33x10cm-justnote-39211\/"},"modified":"2026-04-22T22:31:32","modified_gmt":"2026-04-22T20:31:32","slug":"borsa-regalo-kraft-455x33x10cm-455x33x10cm-justnote-39211","status":"publish","type":"product","link":"https:\/\/gadgettravellers.eu\/it\/shop\/borsa-regalo-kraft-455x33x10cm-455x33x10cm-justnote-39211\/","title":{"rendered":"Borsa Regalo Kraft 45,5x33x10cm 45,5x33x10cm JustNote 39211"},"content":{"rendered":"<p>Carta-craft 45,5x33x10cm<\/p>\n<div class='aiseo-faq-section' style='margin-top:30px; border-top:1px solid #eee; padding-top:20px;'>\n<h3>Domande Frequenti<\/h3>\n<details style='margin-bottom:10px; padding:10px; background:#f9f9f9; border-radius:5px;'>\n<summary style='font-weight:bold; cursor:pointer;'>Di che materiale \u00e8 la borsa?<\/summary>\n<div style='margin-top:10px; color:#555;'>La borsa \u00e8 di carta tipo kraft.<\/div>\n<\/details>\n<details style='margin-bottom:10px; padding:10px; background:#f9f9f9; border-radius:5px;'>\n<summary style='font-weight:bold; cursor:pointer;'>Quali sono le sue dimensioni?<\/summary>\n<div style='margin-top:10px; color:#555;'>Le dimensioni sono 45,5 x 33 x 10 cm.<\/div>\n<\/details>\n<details style='margin-bottom:10px; padding:10px; background:#f9f9f9; border-radius:5px;'>\n<summary style='font-weight:bold; cursor:pointer;'>\u00c8 adatta per uso professionale nei negozi?<\/summary>\n<div style='margin-top:10px; color:#555;'>S\u00ec, \u00e8 adatta per l&#8217;imballaggio di prodotti nei negozi e per eventi.<\/div>\n<\/details>\n<details style='margin-bottom:10px; padding:10px; background:#f9f9f9; border-radius:5px;'>\n<summary style='font-weight:bold; cursor:pointer;'>La borsa \u00e8 ecologica?<\/summary>\n<div style='margin-top:10px; color:#555;'>S\u00ec, \u00e8 riciclabile e rispettosa dell&#8217;ambiente.<\/div>\n<\/details>\n<\/div>\n","protected":false},"excerpt":{"rendered":"<p>Carta-craft 45,5x33x10cm Domande Frequenti Di che materiale \u00e8 la borsa? La borsa \u00e8 di carta tipo kraft. Quali sono le sue dimensioni? Le dimensioni sono 45,5 x 33 x 10 cm. \u00c8 adatta per uso professionale nei negozi? S\u00ec, \u00e8 adatta per l&#8217;imballaggio di prodotti nei negozi e per eventi. La borsa \u00e8 ecologica? S\u00ec, [&hellip;]<\/p>\n","protected":false},"featured_media":6078,"comment_status":"closed","ping_status":"open","template":"","meta":[],"product_brand":[],"product_cat":[],"product_tag":[15],"class_list":{"0":"post-5314215","1":"product","2":"type-product","3":"status-publish","4":"has-post-thumbnail","6":"product_tag-uncategorized","8":"first","9":"onbackorder","10":"purchasable","11":"product-type-simple"},"jetpack_sharing_enabled":true,"_links":{"self":[{"href":"https:\/\/gadgettravellers.eu\/it\/wp-json\/wp\/v2\/product\/5314215","targetHints":{"allow":["GET"]}}],"collection":[{"href":"https:\/\/gadgettravellers.eu\/it\/wp-json\/wp\/v2\/product"}],"about":[{"href":"https:\/\/gadgettravellers.eu\/it\/wp-json\/wp\/v2\/types\/product"}],"replies":[{"embeddable":true,"href":"https:\/\/gadgettravellers.eu\/it\/wp-json\/wp\/v2\/comments?post=5314215"}],"wp:featuredmedia":[{"embeddable":true,"href":"https:\/\/gadgettravellers.eu\/it\/wp-json\/wp\/v2\/media\/6078"}],"wp:attachment":[{"href":"https:\/\/gadgettravellers.eu\/it\/wp-json\/wp\/v2\/media?parent=5314215"}],"wp:term":[{"taxonomy":"product_brand","embeddable":true,"href":"https:\/\/gadgettravellers.eu\/it\/wp-json\/wp\/v2\/product_brand?post=5314215"},{"taxonomy":"product_cat","embeddable":true,"href":"https:\/\/gadgettravellers.eu\/it\/wp-json\/wp\/v2\/product_cat?post=5314215"},{"taxonomy":"product_tag","embeddable":true,"href":"https:\/\/gadgettravellers.eu\/it\/wp-json\/wp\/v2\/product_tag?post=5314215"}],"curies":[{"name":"wp","href":"https:\/\/api.w.org\/{rel}","templated":true}]}}