{"id":5314216,"date":"2026-01-19T14:07:54","date_gmt":"2026-01-19T12:07:54","guid":{"rendered":"https:\/\/gadgettravellers.eu\/shop\/borsa-regalo-kraft-33x26x12cm-32x26x12cm-justnote-39210\/"},"modified":"2026-04-22T22:31:33","modified_gmt":"2026-04-22T20:31:33","slug":"borsa-regalo-kraft-33x26x12cm-32x26x12cm-justnote-39210","status":"publish","type":"product","link":"https:\/\/gadgettravellers.eu\/it\/shop\/borsa-regalo-kraft-33x26x12cm-32x26x12cm-justnote-39210\/","title":{"rendered":"Borsa Regalo Kraft 33x26x12cm 32x26x12cm JustNote 39210"},"content":{"rendered":"<p>Carta-craft 32x26x12cm<\/p>\n<div class='aiseo-faq-section' style='margin-top:30px; border-top:1px solid #eee; padding-top:20px;'>\n<h3>Domande Frequenti<\/h3>\n<details style='margin-bottom:10px; padding:10px; background:#f9f9f9; border-radius:5px;'>\n<summary style='font-weight:bold; cursor:pointer;'>Quali sono le dimensioni della borsa?<\/summary>\n<div style='margin-top:10px; color:#555;'>Le dimensioni sono 32x26x12 cm come indicato nella descrizione.<\/div>\n<\/details>\n<details style='margin-bottom:10px; padding:10px; background:#f9f9f9; border-radius:5px;'>\n<summary style='font-weight:bold; cursor:pointer;'>Di che materiale \u00e8 fatta?<\/summary>\n<div style='margin-top:10px; color:#555;'>\u00c8 una borsa di carta tipo kraft (carta da imballaggio).<\/div>\n<\/details>\n<details style='margin-bottom:10px; padding:10px; background:#f9f9f9; border-radius:5px;'>\n<summary style='font-weight:bold; cursor:pointer;'>\u00c8 adatta per confezioni regalo e presentazioni al dettaglio?<\/summary>\n<div style='margin-top:10px; color:#555;'>S\u00ec, \u00e8 resistente, leggera con una base stabile ed \u00e8 ideale per confezioni regalo e presentazioni al dettaglio.<\/div>\n<\/details>\n<\/div>\n","protected":false},"excerpt":{"rendered":"<p>Carta-craft 32x26x12cm Domande Frequenti Quali sono le dimensioni della borsa? Le dimensioni sono 32x26x12 cm come indicato nella descrizione. Di che materiale \u00e8 fatta? \u00c8 una borsa di carta tipo kraft (carta da imballaggio). \u00c8 adatta per confezioni regalo e presentazioni al dettaglio? S\u00ec, \u00e8 resistente, leggera con una base stabile ed \u00e8 ideale per [&hellip;]<\/p>\n","protected":false},"featured_media":6075,"comment_status":"closed","ping_status":"open","template":"","meta":[],"product_brand":[],"product_cat":[],"product_tag":[15],"class_list":{"0":"post-5314216","1":"product","2":"type-product","3":"status-publish","4":"has-post-thumbnail","6":"product_tag-uncategorized","8":"first","9":"onbackorder","10":"purchasable","11":"product-type-simple"},"jetpack_sharing_enabled":true,"_links":{"self":[{"href":"https:\/\/gadgettravellers.eu\/it\/wp-json\/wp\/v2\/product\/5314216","targetHints":{"allow":["GET"]}}],"collection":[{"href":"https:\/\/gadgettravellers.eu\/it\/wp-json\/wp\/v2\/product"}],"about":[{"href":"https:\/\/gadgettravellers.eu\/it\/wp-json\/wp\/v2\/types\/product"}],"replies":[{"embeddable":true,"href":"https:\/\/gadgettravellers.eu\/it\/wp-json\/wp\/v2\/comments?post=5314216"}],"wp:featuredmedia":[{"embeddable":true,"href":"https:\/\/gadgettravellers.eu\/it\/wp-json\/wp\/v2\/media\/6075"}],"wp:attachment":[{"href":"https:\/\/gadgettravellers.eu\/it\/wp-json\/wp\/v2\/media?parent=5314216"}],"wp:term":[{"taxonomy":"product_brand","embeddable":true,"href":"https:\/\/gadgettravellers.eu\/it\/wp-json\/wp\/v2\/product_brand?post=5314216"},{"taxonomy":"product_cat","embeddable":true,"href":"https:\/\/gadgettravellers.eu\/it\/wp-json\/wp\/v2\/product_cat?post=5314216"},{"taxonomy":"product_tag","embeddable":true,"href":"https:\/\/gadgettravellers.eu\/it\/wp-json\/wp\/v2\/product_tag?post=5314216"}],"curies":[{"name":"wp","href":"https:\/\/api.w.org\/{rel}","templated":true}]}}