{"id":5314243,"date":"2026-01-19T14:08:19","date_gmt":"2026-01-19T12:08:19","guid":{"rendered":"https:\/\/gadgettravellers.eu\/shop\/borsa-regalo-di-carta-kraft-32x30x21cm-justnote-39351\/"},"modified":"2026-04-22T22:31:43","modified_gmt":"2026-04-22T20:31:43","slug":"borsa-regalo-di-carta-kraft-32x30x21cm-justnote-39351","status":"publish","type":"product","link":"https:\/\/gadgettravellers.eu\/it\/shop\/borsa-regalo-di-carta-kraft-32x30x21cm-justnote-39351\/","title":{"rendered":"Borsa Regalo di Carta Kraft 32x30x21cm JustNote 39351"},"content":{"rendered":"<p>Carta-craft 32x30x21cm<\/p>\n<div class='aiseo-faq-section' style='margin-top:30px; border-top:1px solid #eee; padding-top:20px;'>\n<h3>Domande Frequenti<\/h3>\n<details style='margin-bottom:10px; padding:10px; background:#f9f9f9; border-radius:5px;'>\n<summary style='font-weight:bold; cursor:pointer;'>Di che materiale \u00e8 la borsa?<\/summary>\n<div style='margin-top:10px; color:#555;'>La borsa \u00e8 di carta tipo kraft.<\/div>\n<\/details>\n<details style='margin-bottom:10px; padding:10px; background:#f9f9f9; border-radius:5px;'>\n<summary style='font-weight:bold; cursor:pointer;'>Quali sono le sue dimensioni?<\/summary>\n<div style='margin-top:10px; color:#555;'>Le dimensioni sono 32x30x21 cm, come indicato nella descrizione.<\/div>\n<\/details>\n<details style='margin-bottom:10px; padding:10px; background:#f9f9f9; border-radius:5px;'>\n<summary style='font-weight:bold; cursor:pointer;'>\u00c8 ecologica?<\/summary>\n<div style='margin-top:10px; color:#555;'>S\u00ec, \u00e8 descritta come ecologica.<\/div>\n<\/details>\n<details style='margin-bottom:10px; padding:10px; background:#f9f9f9; border-radius:5px;'>\n<summary style='font-weight:bold; cursor:pointer;'>Per quali usi \u00e8 consigliata la borsa?<\/summary>\n<div style='margin-top:10px; color:#555;'>\u00c8 ideale per confezionare regali, per l&#8217;uso in negozi e eventi.<\/div>\n<\/details>\n<\/div>\n","protected":false},"excerpt":{"rendered":"<p>Carta-craft 32x30x21cm Domande Frequenti Di che materiale \u00e8 la borsa? La borsa \u00e8 di carta tipo kraft. Quali sono le sue dimensioni? Le dimensioni sono 32x30x21 cm, come indicato nella descrizione. \u00c8 ecologica? S\u00ec, \u00e8 descritta come ecologica. Per quali usi \u00e8 consigliata la borsa? \u00c8 ideale per confezionare regali, per l&#8217;uso in negozi e [&hellip;]<\/p>\n","protected":false},"featured_media":6367,"comment_status":"closed","ping_status":"open","template":"","meta":[],"product_brand":[],"product_cat":[],"product_tag":[15],"class_list":{"0":"post-5314243","1":"product","2":"type-product","3":"status-publish","4":"has-post-thumbnail","6":"product_tag-uncategorized","8":"first","9":"onbackorder","10":"purchasable","11":"product-type-simple"},"jetpack_sharing_enabled":true,"_links":{"self":[{"href":"https:\/\/gadgettravellers.eu\/it\/wp-json\/wp\/v2\/product\/5314243","targetHints":{"allow":["GET"]}}],"collection":[{"href":"https:\/\/gadgettravellers.eu\/it\/wp-json\/wp\/v2\/product"}],"about":[{"href":"https:\/\/gadgettravellers.eu\/it\/wp-json\/wp\/v2\/types\/product"}],"replies":[{"embeddable":true,"href":"https:\/\/gadgettravellers.eu\/it\/wp-json\/wp\/v2\/comments?post=5314243"}],"wp:featuredmedia":[{"embeddable":true,"href":"https:\/\/gadgettravellers.eu\/it\/wp-json\/wp\/v2\/media\/6367"}],"wp:attachment":[{"href":"https:\/\/gadgettravellers.eu\/it\/wp-json\/wp\/v2\/media?parent=5314243"}],"wp:term":[{"taxonomy":"product_brand","embeddable":true,"href":"https:\/\/gadgettravellers.eu\/it\/wp-json\/wp\/v2\/product_brand?post=5314243"},{"taxonomy":"product_cat","embeddable":true,"href":"https:\/\/gadgettravellers.eu\/it\/wp-json\/wp\/v2\/product_cat?post=5314243"},{"taxonomy":"product_tag","embeddable":true,"href":"https:\/\/gadgettravellers.eu\/it\/wp-json\/wp\/v2\/product_tag?post=5314243"}],"curies":[{"name":"wp","href":"https:\/\/api.w.org\/{rel}","templated":true}]}}