{"id":5314253,"date":"2026-01-19T14:08:27","date_gmt":"2026-01-19T12:08:27","guid":{"rendered":"https:\/\/gadgettravellers.eu\/shop\/cordoncino-oro-rotolo20m-3mm-x20m-justnote-39396\/"},"modified":"2026-04-22T22:31:48","modified_gmt":"2026-04-22T20:31:48","slug":"cordoncino-oro-rotolo20m-3mm-x20m-justnote-39396","status":"publish","type":"product","link":"https:\/\/gadgettravellers.eu\/it\/shop\/cordoncino-oro-rotolo20m-3mm-x20m-justnote-39396\/","title":{"rendered":"Cordoncino Oro Rotolo=20m 3mm X20m JustNote 39396"},"content":{"rendered":"<p>Cordino 3mm x20m<\/p>\n<div class='aiseo-faq-section' style='margin-top:30px; border-top:1px solid #eee; padding-top:20px;'>\n<h3>Domande Frequenti<\/h3>\n<details style='margin-bottom:10px; padding:10px; background:#f9f9f9; border-radius:5px;'>\n<summary style='font-weight:bold; cursor:pointer;'>Quali sono le dimensioni del cordoncino?<\/summary>\n<div style='margin-top:10px; color:#555;'>Il cordino ha un diametro di 3 mm e una lunghezza di 20 m.<\/div>\n<\/details>\n<details style='margin-bottom:10px; padding:10px; background:#f9f9f9; border-radius:5px;'>\n<summary style='font-weight:bold; cursor:pointer;'>Per quali usi \u00e8 indicato?<\/summary>\n<div style='margin-top:10px; color:#555;'>\u00c8 ideale per lavori manuali, confezionamento di regali e creazione di gioielli.<\/div>\n<\/details>\n<details style='margin-bottom:10px; padding:10px; background:#f9f9f9; border-radius:5px;'>\n<summary style='font-weight:bold; cursor:pointer;'>\u00c8 facile da tagliare e legare?<\/summary>\n<div style='margin-top:10px; color:#555;'>S\u00ec, \u00e8 flessibile, resistente e facile da tagliare e legare.<\/div>\n<\/details>\n<details style='margin-bottom:10px; padding:10px; background:#f9f9f9; border-radius:5px;'>\n<summary style='font-weight:bold; cursor:pointer;'>Qual \u00e8 il colore del prodotto?<\/summary>\n<div style='margin-top:10px; color:#555;'>Il prodotto \u00e8 di colore oro.<\/div>\n<\/details>\n<\/div>\n","protected":false},"excerpt":{"rendered":"<p>Cordino 3mm x20m Domande Frequenti Quali sono le dimensioni del cordoncino? Il cordino ha un diametro di 3 mm e una lunghezza di 20 m. Per quali usi \u00e8 indicato? \u00c8 ideale per lavori manuali, confezionamento di regali e creazione di gioielli. \u00c8 facile da tagliare e legare? S\u00ec, \u00e8 flessibile, resistente e facile da [&hellip;]<\/p>\n","protected":false},"featured_media":5180435,"comment_status":"closed","ping_status":"open","template":"","meta":[],"product_brand":[],"product_cat":[],"product_tag":[15],"class_list":{"0":"post-5314253","1":"product","2":"type-product","3":"status-publish","4":"has-post-thumbnail","6":"product_tag-uncategorized","8":"first","9":"onbackorder","10":"purchasable","11":"product-type-simple"},"jetpack_sharing_enabled":true,"_links":{"self":[{"href":"https:\/\/gadgettravellers.eu\/it\/wp-json\/wp\/v2\/product\/5314253","targetHints":{"allow":["GET"]}}],"collection":[{"href":"https:\/\/gadgettravellers.eu\/it\/wp-json\/wp\/v2\/product"}],"about":[{"href":"https:\/\/gadgettravellers.eu\/it\/wp-json\/wp\/v2\/types\/product"}],"replies":[{"embeddable":true,"href":"https:\/\/gadgettravellers.eu\/it\/wp-json\/wp\/v2\/comments?post=5314253"}],"wp:featuredmedia":[{"embeddable":true,"href":"https:\/\/gadgettravellers.eu\/it\/wp-json\/wp\/v2\/media\/5180435"}],"wp:attachment":[{"href":"https:\/\/gadgettravellers.eu\/it\/wp-json\/wp\/v2\/media?parent=5314253"}],"wp:term":[{"taxonomy":"product_brand","embeddable":true,"href":"https:\/\/gadgettravellers.eu\/it\/wp-json\/wp\/v2\/product_brand?post=5314253"},{"taxonomy":"product_cat","embeddable":true,"href":"https:\/\/gadgettravellers.eu\/it\/wp-json\/wp\/v2\/product_cat?post=5314253"},{"taxonomy":"product_tag","embeddable":true,"href":"https:\/\/gadgettravellers.eu\/it\/wp-json\/wp\/v2\/product_tag?post=5314253"}],"curies":[{"name":"wp","href":"https:\/\/api.w.org\/{rel}","templated":true}]}}