{"id":5314266,"date":"2026-01-19T14:08:37","date_gmt":"2026-01-19T12:08:37","guid":{"rendered":"https:\/\/gadgettravellers.eu\/shop\/colla-stick-per-carta-9gr-justnote-39412\/"},"modified":"2026-04-22T22:31:53","modified_gmt":"2026-04-22T20:31:53","slug":"colla-stick-per-carta-9gr-justnote-39412","status":"publish","type":"product","link":"https:\/\/gadgettravellers.eu\/it\/shop\/colla-stick-per-carta-9gr-justnote-39412\/","title":{"rendered":"Colla Stick per Carta 9gr JustNote 39412"},"content":{"rendered":"<p>Colla per carta 9gr<\/p>\n<div class='aiseo-faq-section' style='margin-top:30px; border-top:1px solid #eee; padding-top:20px;'>\n<h3>Domande Frequenti<\/h3>\n<details style='margin-bottom:10px; padding:10px; background:#f9f9f9; border-radius:5px;'>\n<summary style='font-weight:bold; cursor:pointer;'>Per quale materiale \u00e8 destinata questa colla?<\/summary>\n<div style='margin-top:10px; color:#555;'>\u00c8 destinato alla saldatura della carta.<\/div>\n<\/details>\n<details style='margin-bottom:10px; padding:10px; background:#f9f9f9; border-radius:5px;'>\n<summary style='font-weight:bold; cursor:pointer;'>Qual \u00e8 la quantit\u00e0 del prodotto?<\/summary>\n<div style='margin-top:10px; color:#555;'>La colla contiene 9 gr.<\/div>\n<\/details>\n<details style='margin-bottom:10px; padding:10px; background:#f9f9f9; border-radius:5px;'>\n<summary style='font-weight:bold; cursor:pointer;'>\u00c8 adatta per l&#8217;uso scolastico?<\/summary>\n<div style='margin-top:10px; color:#555;'>S\u00ec, \u00e8 ideale per uso scolastico e d&#8217;ufficio.<\/div>\n<\/details>\n<details style='margin-bottom:10px; padding:10px; background:#f9f9f9; border-radius:5px;'>\n<summary style='font-weight:bold; cursor:pointer;'>Forma gocce durante l&#8217;applicazione?<\/summary>\n<div style='margin-top:10px; color:#555;'>No, offre un&#8217;applicazione pulita senza gocce.<\/div>\n<\/details>\n<\/div>\n","protected":false},"excerpt":{"rendered":"<p>Colla per carta 9gr Domande Frequenti Per quale materiale \u00e8 destinata questa colla? \u00c8 destinato alla saldatura della carta. Qual \u00e8 la quantit\u00e0 del prodotto? La colla contiene 9 gr. \u00c8 adatta per l&#8217;uso scolastico? S\u00ec, \u00e8 ideale per uso scolastico e d&#8217;ufficio. Forma gocce durante l&#8217;applicazione? No, offre un&#8217;applicazione pulita senza gocce.<\/p>\n","protected":false},"featured_media":5026806,"comment_status":"closed","ping_status":"open","template":"","meta":[],"product_brand":[],"product_cat":[],"product_tag":[15],"class_list":{"0":"post-5314266","1":"product","2":"type-product","3":"status-publish","4":"has-post-thumbnail","6":"product_tag-uncategorized","8":"first","9":"onbackorder","10":"purchasable","11":"product-type-simple"},"jetpack_sharing_enabled":true,"_links":{"self":[{"href":"https:\/\/gadgettravellers.eu\/it\/wp-json\/wp\/v2\/product\/5314266","targetHints":{"allow":["GET"]}}],"collection":[{"href":"https:\/\/gadgettravellers.eu\/it\/wp-json\/wp\/v2\/product"}],"about":[{"href":"https:\/\/gadgettravellers.eu\/it\/wp-json\/wp\/v2\/types\/product"}],"replies":[{"embeddable":true,"href":"https:\/\/gadgettravellers.eu\/it\/wp-json\/wp\/v2\/comments?post=5314266"}],"wp:featuredmedia":[{"embeddable":true,"href":"https:\/\/gadgettravellers.eu\/it\/wp-json\/wp\/v2\/media\/5026806"}],"wp:attachment":[{"href":"https:\/\/gadgettravellers.eu\/it\/wp-json\/wp\/v2\/media?parent=5314266"}],"wp:term":[{"taxonomy":"product_brand","embeddable":true,"href":"https:\/\/gadgettravellers.eu\/it\/wp-json\/wp\/v2\/product_brand?post=5314266"},{"taxonomy":"product_cat","embeddable":true,"href":"https:\/\/gadgettravellers.eu\/it\/wp-json\/wp\/v2\/product_cat?post=5314266"},{"taxonomy":"product_tag","embeddable":true,"href":"https:\/\/gadgettravellers.eu\/it\/wp-json\/wp\/v2\/product_tag?post=5314266"}],"curies":[{"name":"wp","href":"https:\/\/api.w.org\/{rel}","templated":true}]}}