{"id":5314268,"date":"2026-01-19T14:08:42","date_gmt":"2026-01-19T12:08:42","guid":{"rendered":"https:\/\/gadgettravellers.eu\/shop\/etichette-prezzo-rotolo500pz-21x12cm-justnote-39414\/"},"modified":"2026-04-22T22:31:54","modified_gmt":"2026-04-22T20:31:54","slug":"etichette-prezzo-rotolo500pz-21x12cm-justnote-39414","status":"publish","type":"product","link":"https:\/\/gadgettravellers.eu\/it\/shop\/etichette-prezzo-rotolo500pz-21x12cm-justnote-39414\/","title":{"rendered":"Etichette Prezzo rotolo=500pz 2,1&#215;1,2cm JustNote 39414"},"content":{"rendered":"<p>Rotolo=500 valori 2,1&#215;1,2cm<\/p>\n<div class='aiseo-faq-section' style='margin-top:30px; border-top:1px solid #eee; padding-top:20px;'>\n<h3>Domande Frequenti<\/h3>\n<details style='margin-bottom:10px; padding:10px; background:#f9f9f9; border-radius:5px;'>\n<summary style='font-weight:bold; cursor:pointer;'>Quante etichette contiene il rotolo?<\/summary>\n<div style='margin-top:10px; color:#555;'>Il rotolo contiene 500 pezzi.<\/div>\n<\/details>\n<details style='margin-bottom:10px; padding:10px; background:#f9f9f9; border-radius:5px;'>\n<summary style='font-weight:bold; cursor:pointer;'>Qual \u00e8 la dimensione di ogni etichetta?<\/summary>\n<div style='margin-top:10px; color:#555;'>La dimensione \u00e8 2,1 x 1,2 cm.<\/div>\n<\/details>\n<details style='margin-bottom:10px; padding:10px; background:#f9f9f9; border-radius:5px;'>\n<summary style='font-weight:bold; cursor:pointer;'>Le etichette sono adesive?<\/summary>\n<div style='margin-top:10px; color:#555;'>S\u00ec, si tratta di etichette adesive per i prezzi.<\/div>\n<\/details>\n<details style='margin-bottom:10px; padding:10px; background:#f9f9f9; border-radius:5px;'>\n<summary style='font-weight:bold; cursor:pointer;'>Dove sono adatte queste etichette?<\/summary>\n<div style='margin-top:10px; color:#555;'>Ideali per una rapida etichettatura e fatturazione in negozi, magazzini e punti vendita.<\/div>\n<\/details>\n<\/div>\n","protected":false},"excerpt":{"rendered":"<p>Rotolo=500 valori 2,1&#215;1,2cm Domande Frequenti Quante etichette contiene il rotolo? Il rotolo contiene 500 pezzi. Qual \u00e8 la dimensione di ogni etichetta? La dimensione \u00e8 2,1 x 1,2 cm. Le etichette sono adesive? S\u00ec, si tratta di etichette adesive per i prezzi. Dove sono adatte queste etichette? Ideali per una rapida etichettatura e fatturazione in [&hellip;]<\/p>\n","protected":false},"featured_media":5180443,"comment_status":"closed","ping_status":"open","template":"","meta":[],"product_brand":[],"product_cat":[],"product_tag":[15],"class_list":{"0":"post-5314268","1":"product","2":"type-product","3":"status-publish","4":"has-post-thumbnail","6":"product_tag-uncategorized","8":"first","9":"onbackorder","10":"purchasable","11":"product-type-simple"},"jetpack_sharing_enabled":true,"_links":{"self":[{"href":"https:\/\/gadgettravellers.eu\/it\/wp-json\/wp\/v2\/product\/5314268","targetHints":{"allow":["GET"]}}],"collection":[{"href":"https:\/\/gadgettravellers.eu\/it\/wp-json\/wp\/v2\/product"}],"about":[{"href":"https:\/\/gadgettravellers.eu\/it\/wp-json\/wp\/v2\/types\/product"}],"replies":[{"embeddable":true,"href":"https:\/\/gadgettravellers.eu\/it\/wp-json\/wp\/v2\/comments?post=5314268"}],"wp:featuredmedia":[{"embeddable":true,"href":"https:\/\/gadgettravellers.eu\/it\/wp-json\/wp\/v2\/media\/5180443"}],"wp:attachment":[{"href":"https:\/\/gadgettravellers.eu\/it\/wp-json\/wp\/v2\/media?parent=5314268"}],"wp:term":[{"taxonomy":"product_brand","embeddable":true,"href":"https:\/\/gadgettravellers.eu\/it\/wp-json\/wp\/v2\/product_brand?post=5314268"},{"taxonomy":"product_cat","embeddable":true,"href":"https:\/\/gadgettravellers.eu\/it\/wp-json\/wp\/v2\/product_cat?post=5314268"},{"taxonomy":"product_tag","embeddable":true,"href":"https:\/\/gadgettravellers.eu\/it\/wp-json\/wp\/v2\/product_tag?post=5314268"}],"curies":[{"name":"wp","href":"https:\/\/api.w.org\/{rel}","templated":true}]}}