{"id":5314272,"date":"2026-01-19T14:08:45","date_gmt":"2026-01-19T12:08:45","guid":{"rendered":"https:\/\/gadgettravellers.eu\/shop\/colla-per-incarto-xmas-51x75cm-justnote-3967\/"},"modified":"2026-04-22T22:31:56","modified_gmt":"2026-04-22T20:31:56","slug":"colla-per-incarto-xmas-51x75cm-justnote-3967","status":"publish","type":"product","link":"https:\/\/gadgettravellers.eu\/it\/shop\/colla-per-incarto-xmas-51x75cm-justnote-3967\/","title":{"rendered":"Colla per Incarto Xmas 51x75cm JustNote 3967"},"content":{"rendered":"<p>(Per disegno) colla per avvolgimento plastificata 51x75cm<\/p>\n<div class='aiseo-faq-section' style='margin-top:30px; border-top:1px solid #eee; padding-top:20px;'>\n<h3>Domande Frequenti<\/h3>\n<details style='margin-bottom:10px; padding:10px; background:#f9f9f9; border-radius:5px;'>\n<summary style='font-weight:bold; cursor:pointer;'>Quali sono le dimensioni della carta?<\/summary>\n<div style='margin-top:10px; color:#555;'>51&#215;75 cm.<\/div>\n<\/details>\n<details style='margin-bottom:10px; padding:10px; background:#f9f9f9; border-radius:5px;'>\n<summary style='font-weight:bold; cursor:pointer;'>La confezione \u00e8 adesiva?<\/summary>\n<div style='margin-top:10px; color:#555;'>S\u00ec, \u00e8 adesivo e plastificato.<\/div>\n<\/details>\n<details style='margin-bottom:10px; padding:10px; background:#f9f9f9; border-radius:5px;'>\n<summary style='font-weight:bold; cursor:pointer;'>\u00c8 impermeabile e resistente?<\/summary>\n<div style='margin-top:10px; color:#555;'>S\u00ec, \u00e8 impermeabile e progettato per un uso resistente.<\/div>\n<\/details>\n<details style='margin-bottom:10px; padding:10px; background:#f9f9f9; border-radius:5px;'>\n<summary style='font-weight:bold; cursor:pointer;'>Per quale uso \u00e8 destinato?<\/summary>\n<div style='margin-top:10px; color:#555;'>Ideale per l&#8217;involucro dei regali, specialmente con disegni natalizi.<\/div>\n<\/details>\n<details style='margin-bottom:10px; padding:10px; background:#f9f9f9; border-radius:5px;'>\n<summary style='font-weight:bold; cursor:pointer;'>\u00c8 facile da usare?<\/summary>\n<div style='margin-top:10px; color:#555;'>S\u00ec, offre un&#8217;applicazione facile grazie alla superficie adesiva.<\/div>\n<\/details>\n<\/div>\n","protected":false},"excerpt":{"rendered":"<p>(Per disegno) colla per avvolgimento plastificata 51x75cm Domande Frequenti Quali sono le dimensioni della carta? 51&#215;75 cm. La confezione \u00e8 adesiva? S\u00ec, \u00e8 adesivo e plastificato. \u00c8 impermeabile e resistente? S\u00ec, \u00e8 impermeabile e progettato per un uso resistente. Per quale uso \u00e8 destinato? Ideale per l&#8217;involucro dei regali, specialmente con disegni natalizi. \u00c8 facile [&hellip;]<\/p>\n","protected":false},"featured_media":5180447,"comment_status":"closed","ping_status":"open","template":"","meta":[],"product_brand":[],"product_cat":[],"product_tag":[15],"class_list":{"0":"post-5314272","1":"product","2":"type-product","3":"status-publish","4":"has-post-thumbnail","6":"product_tag-uncategorized","8":"first","9":"onbackorder","10":"purchasable","11":"product-type-simple"},"jetpack_sharing_enabled":true,"_links":{"self":[{"href":"https:\/\/gadgettravellers.eu\/it\/wp-json\/wp\/v2\/product\/5314272","targetHints":{"allow":["GET"]}}],"collection":[{"href":"https:\/\/gadgettravellers.eu\/it\/wp-json\/wp\/v2\/product"}],"about":[{"href":"https:\/\/gadgettravellers.eu\/it\/wp-json\/wp\/v2\/types\/product"}],"replies":[{"embeddable":true,"href":"https:\/\/gadgettravellers.eu\/it\/wp-json\/wp\/v2\/comments?post=5314272"}],"wp:featuredmedia":[{"embeddable":true,"href":"https:\/\/gadgettravellers.eu\/it\/wp-json\/wp\/v2\/media\/5180447"}],"wp:attachment":[{"href":"https:\/\/gadgettravellers.eu\/it\/wp-json\/wp\/v2\/media?parent=5314272"}],"wp:term":[{"taxonomy":"product_brand","embeddable":true,"href":"https:\/\/gadgettravellers.eu\/it\/wp-json\/wp\/v2\/product_brand?post=5314272"},{"taxonomy":"product_cat","embeddable":true,"href":"https:\/\/gadgettravellers.eu\/it\/wp-json\/wp\/v2\/product_cat?post=5314272"},{"taxonomy":"product_tag","embeddable":true,"href":"https:\/\/gadgettravellers.eu\/it\/wp-json\/wp\/v2\/product_tag?post=5314272"}],"curies":[{"name":"wp","href":"https:\/\/api.w.org\/{rel}","templated":true}]}}