{"id":5314301,"date":"2026-01-19T14:09:09","date_gmt":"2026-01-19T12:09:09","guid":{"rendered":"https:\/\/gadgettravellers.eu\/shop\/sciarpa-con-paisley-frange-130x20cm-4teen4ty-401089\/"},"modified":"2026-04-22T22:32:10","modified_gmt":"2026-04-22T20:32:10","slug":"sciarpa-con-paisley-frange-130x20cm-4teen4ty-401089","status":"publish","type":"product","link":"https:\/\/gadgettravellers.eu\/it\/shop\/sciarpa-con-paisley-frange-130x20cm-4teen4ty-401089\/","title":{"rendered":"Sciarpa con Paisley &#038; Frange 130x20cm 4teen4ty 401089"},"content":{"rendered":"<p>Sciarpa reversibile 130x20cm<\/p>\n<div class='aiseo-faq-section' style='margin-top:30px; border-top:1px solid #eee; padding-top:20px;'>\n<h3>Domande Frequenti<\/h3>\n<details style='margin-bottom:10px; padding:10px; background:#f9f9f9; border-radius:5px;'>\n<summary style='font-weight:bold; cursor:pointer;'>Quali sono le dimensioni del foulard?<\/summary>\n<div style='margin-top:10px; color:#555;'>Le dimensioni sono 130&#215;20 cm.<\/div>\n<\/details>\n<details style='margin-bottom:10px; padding:10px; background:#f9f9f9; border-radius:5px;'>\n<summary style='font-weight:bold; cursor:pointer;'>Cosa significa che la sciarpa \u00e8 a doppia faccia?<\/summary>\n<div style='margin-top:10px; color:#555;'>Pu\u00f2 essere indossato da entrambi i lati, offrendo un aspetto\/motivo diverso a seconda dello styling.<\/div>\n<\/details>\n<details style='margin-bottom:10px; padding:10px; background:#f9f9f9; border-radius:5px;'>\n<summary style='font-weight:bold; cursor:pointer;'>Qual \u00e8 il motivo della sciarpa?<\/summary>\n<div style='margin-top:10px; color:#555;'>La sciarpa ha motivi a rombi e nappine decorative.<\/div>\n<\/details>\n<details style='margin-bottom:10px; padding:10px; background:#f9f9f9; border-radius:5px;'>\n<summary style='font-weight:bold; cursor:pointer;'>Per quale uso \u00e8 consigliato il foulard?<\/summary>\n<div style='margin-top:10px; color:#555;'>\u00c8 ideale per l&#8217;uso quotidiano e come regalo, poich\u00e9 \u00e8 leggero, elegante e facile da abbinare.<\/div>\n<\/details>\n<\/div>\n","protected":false},"excerpt":{"rendered":"<p>Sciarpa reversibile 130x20cm Domande Frequenti Quali sono le dimensioni del foulard? Le dimensioni sono 130&#215;20 cm. Cosa significa che la sciarpa \u00e8 a doppia faccia? Pu\u00f2 essere indossato da entrambi i lati, offrendo un aspetto\/motivo diverso a seconda dello styling. Qual \u00e8 il motivo della sciarpa? La sciarpa ha motivi a rombi e nappine decorative. [&hellip;]<\/p>\n","protected":false},"featured_media":6838,"comment_status":"closed","ping_status":"open","template":"","meta":[],"product_brand":[],"product_cat":[],"product_tag":[15],"class_list":{"0":"post-5314301","1":"product","2":"type-product","3":"status-publish","4":"has-post-thumbnail","6":"product_tag-uncategorized","8":"first","9":"onbackorder","10":"purchasable","11":"product-type-simple"},"jetpack_sharing_enabled":true,"_links":{"self":[{"href":"https:\/\/gadgettravellers.eu\/it\/wp-json\/wp\/v2\/product\/5314301","targetHints":{"allow":["GET"]}}],"collection":[{"href":"https:\/\/gadgettravellers.eu\/it\/wp-json\/wp\/v2\/product"}],"about":[{"href":"https:\/\/gadgettravellers.eu\/it\/wp-json\/wp\/v2\/types\/product"}],"replies":[{"embeddable":true,"href":"https:\/\/gadgettravellers.eu\/it\/wp-json\/wp\/v2\/comments?post=5314301"}],"wp:featuredmedia":[{"embeddable":true,"href":"https:\/\/gadgettravellers.eu\/it\/wp-json\/wp\/v2\/media\/6838"}],"wp:attachment":[{"href":"https:\/\/gadgettravellers.eu\/it\/wp-json\/wp\/v2\/media?parent=5314301"}],"wp:term":[{"taxonomy":"product_brand","embeddable":true,"href":"https:\/\/gadgettravellers.eu\/it\/wp-json\/wp\/v2\/product_brand?post=5314301"},{"taxonomy":"product_cat","embeddable":true,"href":"https:\/\/gadgettravellers.eu\/it\/wp-json\/wp\/v2\/product_cat?post=5314301"},{"taxonomy":"product_tag","embeddable":true,"href":"https:\/\/gadgettravellers.eu\/it\/wp-json\/wp\/v2\/product_tag?post=5314301"}],"curies":[{"name":"wp","href":"https:\/\/api.w.org\/{rel}","templated":true}]}}