{"id":5314317,"date":"2026-01-19T14:09:25","date_gmt":"2026-01-19T12:09:25","guid":{"rendered":"https:\/\/gadgettravellers.eu\/shop\/ombrello-frozen-ii-o70cm-disney-wd20714\/"},"modified":"2026-04-22T22:32:17","modified_gmt":"2026-04-22T20:32:17","slug":"ombrello-frozen-ii-o70cm-disney-wd20714","status":"publish","type":"product","link":"https:\/\/gadgettravellers.eu\/it\/shop\/ombrello-frozen-ii-o70cm-disney-wd20714\/","title":{"rendered":"Ombrello Frozen II \u00f870cm Disney WD20714"},"content":{"rendered":"<p>Frozen II \u00f870cm<\/p>\n<div class='aiseo-faq-section' style='margin-top:30px; border-top:1px solid #eee; padding-top:20px;'>\n<h3>Domande Frequenti<\/h3>\n<details style='margin-bottom:10px; padding:10px; background:#f9f9f9; border-radius:5px;'>\n<summary style='font-weight:bold; cursor:pointer;'>Qual \u00e8 il diametro dell&#8217;ombrello?<\/summary>\n<div style='margin-top:10px; color:#555;'>Il diametro \u00e8 70 cm.<\/div>\n<\/details>\n<details style='margin-bottom:10px; padding:10px; background:#f9f9f9; border-radius:5px;'>\n<summary style='font-weight:bold; cursor:pointer;'>L&#8217;ombrello \u00e8 adatto ai bambini?<\/summary>\n<div style='margin-top:10px; color:#555;'>S\u00ec, \u00e8 ideale per i bambini con una costruzione leggera e una presa facile.<\/div>\n<\/details>\n<details style='margin-bottom:10px; padding:10px; background:#f9f9f9; border-radius:5px;'>\n<summary style='font-weight:bold; cursor:pointer;'>Offre protezione dalla pioggia?<\/summary>\n<div style='margin-top:10px; color:#555;'>S\u00ec, offre una protezione affidabile dalla pioggia.<\/div>\n<\/details>\n<details style='margin-bottom:10px; padding:10px; background:#f9f9f9; border-radius:5px;'>\n<summary style='font-weight:bold; cursor:pointer;'>Il disegno \u00e8 autentico?<\/summary>\n<div style='margin-top:10px; color:#555;'>S\u00ec, dispone di un design originale Disney (Frozen II).<\/div>\n<\/details>\n<\/div>\n","protected":false},"excerpt":{"rendered":"<p>Frozen II \u00f870cm Domande Frequenti Qual \u00e8 il diametro dell&#8217;ombrello? Il diametro \u00e8 70 cm. L&#8217;ombrello \u00e8 adatto ai bambini? S\u00ec, \u00e8 ideale per i bambini con una costruzione leggera e una presa facile. Offre protezione dalla pioggia? S\u00ec, offre una protezione affidabile dalla pioggia. Il disegno \u00e8 autentico? S\u00ec, dispone di un design originale [&hellip;]<\/p>\n","protected":false},"featured_media":6989,"comment_status":"closed","ping_status":"open","template":"","meta":[],"product_brand":[],"product_cat":[],"product_tag":[15],"class_list":{"0":"post-5314317","1":"product","2":"type-product","3":"status-publish","4":"has-post-thumbnail","6":"product_tag-uncategorized","8":"first","9":"onbackorder","10":"purchasable","11":"product-type-simple"},"jetpack_sharing_enabled":true,"_links":{"self":[{"href":"https:\/\/gadgettravellers.eu\/it\/wp-json\/wp\/v2\/product\/5314317","targetHints":{"allow":["GET"]}}],"collection":[{"href":"https:\/\/gadgettravellers.eu\/it\/wp-json\/wp\/v2\/product"}],"about":[{"href":"https:\/\/gadgettravellers.eu\/it\/wp-json\/wp\/v2\/types\/product"}],"replies":[{"embeddable":true,"href":"https:\/\/gadgettravellers.eu\/it\/wp-json\/wp\/v2\/comments?post=5314317"}],"wp:featuredmedia":[{"embeddable":true,"href":"https:\/\/gadgettravellers.eu\/it\/wp-json\/wp\/v2\/media\/6989"}],"wp:attachment":[{"href":"https:\/\/gadgettravellers.eu\/it\/wp-json\/wp\/v2\/media?parent=5314317"}],"wp:term":[{"taxonomy":"product_brand","embeddable":true,"href":"https:\/\/gadgettravellers.eu\/it\/wp-json\/wp\/v2\/product_brand?post=5314317"},{"taxonomy":"product_cat","embeddable":true,"href":"https:\/\/gadgettravellers.eu\/it\/wp-json\/wp\/v2\/product_cat?post=5314317"},{"taxonomy":"product_tag","embeddable":true,"href":"https:\/\/gadgettravellers.eu\/it\/wp-json\/wp\/v2\/product_tag?post=5314317"}],"curies":[{"name":"wp","href":"https:\/\/api.w.org\/{rel}","templated":true}]}}