{"id":5314319,"date":"2026-01-19T14:09:28","date_gmt":"2026-01-19T12:09:28","guid":{"rendered":"https:\/\/gadgettravellers.eu\/shop\/ombrello-mickey-blu-righe-h60cm-o70cm-disney-wd21486\/"},"modified":"2026-04-22T22:32:18","modified_gmt":"2026-04-22T20:32:18","slug":"ombrello-mickey-blu-righe-h60cm-o70cm-disney-wd21486","status":"publish","type":"product","link":"https:\/\/gadgettravellers.eu\/it\/shop\/ombrello-mickey-blu-righe-h60cm-o70cm-disney-wd21486\/","title":{"rendered":"Ombrello Mickey Blu-Righe H60cm \u00f870cm Disney WD21486"},"content":{"rendered":"<p>Mickey H60cm \u00f870cm<\/p>\n<div class='aiseo-faq-section' style='margin-top:30px; border-top:1px solid #eee; padding-top:20px;'>\n<h3>Domande Frequenti<\/h3>\n<details style='margin-bottom:10px; padding:10px; background:#f9f9f9; border-radius:5px;'>\n<summary style='font-weight:bold; cursor:pointer;'>Qual \u00e8 la dimensione di questo ombrello?<\/summary>\n<div style='margin-top:10px; color:#555;'>Altezza 60 cm e diametro 70 cm.<\/div>\n<\/details>\n<details style='margin-bottom:10px; padding:10px; background:#f9f9f9; border-radius:5px;'>\n<summary style='font-weight:bold; cursor:pointer;'>Per chi \u00e8 adatto?<\/summary>\n<div style='margin-top:10px; color:#555;'>Ideale per bambini grazie alle dimensioni e al design.<\/div>\n<\/details>\n<details style='margin-bottom:10px; padding:10px; background:#f9f9f9; border-radius:5px;'>\n<summary style='font-weight:bold; cursor:pointer;'>Offre protezione dalla pioggia?<\/summary>\n<div style='margin-top:10px; color:#555;'>S\u00ec, \u00e8 progettata per fornire protezione dalla pioggia.<\/div>\n<\/details>\n<details style='margin-bottom:10px; padding:10px; background:#f9f9f9; border-radius:5px;'>\n<summary style='font-weight:bold; cursor:pointer;'>Qual \u00e8 il modello e il colore?<\/summary>\n<div style='margin-top:10px; color:#555;'>Righe blu con personaggio Mickey.<\/div>\n<\/details>\n<\/div>\n","protected":false},"excerpt":{"rendered":"<p>Mickey H60cm \u00f870cm Domande Frequenti Qual \u00e8 la dimensione di questo ombrello? Altezza 60 cm e diametro 70 cm. Per chi \u00e8 adatto? Ideale per bambini grazie alle dimensioni e al design. Offre protezione dalla pioggia? S\u00ec, \u00e8 progettata per fornire protezione dalla pioggia. Qual \u00e8 il modello e il colore? Righe blu con personaggio [&hellip;]<\/p>\n","protected":false},"featured_media":6993,"comment_status":"closed","ping_status":"open","template":"","meta":[],"product_brand":[],"product_cat":[],"product_tag":[15],"class_list":{"0":"post-5314319","1":"product","2":"type-product","3":"status-publish","4":"has-post-thumbnail","6":"product_tag-uncategorized","8":"first","9":"onbackorder","10":"purchasable","11":"product-type-simple"},"jetpack_sharing_enabled":true,"_links":{"self":[{"href":"https:\/\/gadgettravellers.eu\/it\/wp-json\/wp\/v2\/product\/5314319","targetHints":{"allow":["GET"]}}],"collection":[{"href":"https:\/\/gadgettravellers.eu\/it\/wp-json\/wp\/v2\/product"}],"about":[{"href":"https:\/\/gadgettravellers.eu\/it\/wp-json\/wp\/v2\/types\/product"}],"replies":[{"embeddable":true,"href":"https:\/\/gadgettravellers.eu\/it\/wp-json\/wp\/v2\/comments?post=5314319"}],"wp:featuredmedia":[{"embeddable":true,"href":"https:\/\/gadgettravellers.eu\/it\/wp-json\/wp\/v2\/media\/6993"}],"wp:attachment":[{"href":"https:\/\/gadgettravellers.eu\/it\/wp-json\/wp\/v2\/media?parent=5314319"}],"wp:term":[{"taxonomy":"product_brand","embeddable":true,"href":"https:\/\/gadgettravellers.eu\/it\/wp-json\/wp\/v2\/product_brand?post=5314319"},{"taxonomy":"product_cat","embeddable":true,"href":"https:\/\/gadgettravellers.eu\/it\/wp-json\/wp\/v2\/product_cat?post=5314319"},{"taxonomy":"product_tag","embeddable":true,"href":"https:\/\/gadgettravellers.eu\/it\/wp-json\/wp\/v2\/product_tag?post=5314319"}],"curies":[{"name":"wp","href":"https:\/\/api.w.org\/{rel}","templated":true}]}}