{"id":5314348,"date":"2026-01-19T14:09:54","date_gmt":"2026-01-19T12:09:54","guid":{"rendered":"https:\/\/gadgettravellers.eu\/shop\/ombrello-per-bambini-unicorno-o84cm-4teen4ty-401328\/"},"modified":"2026-04-22T22:32:30","modified_gmt":"2026-04-22T20:32:30","slug":"ombrello-per-bambini-unicorno-o84cm-4teen4ty-401328","status":"publish","type":"product","link":"https:\/\/gadgettravellers.eu\/it\/shop\/ombrello-per-bambini-unicorno-o84cm-4teen4ty-401328\/","title":{"rendered":"Ombrello per bambini Unicorno \u00f884cm 4teen4ty 401328"},"content":{"rendered":"<p>\u00f884cm<\/p>\n<div class='aiseo-faq-section' style='margin-top:30px; border-top:1px solid #eee; padding-top:20px;'>\n<h3>Domande Frequenti<\/h3>\n<details style='margin-bottom:10px; padding:10px; background:#f9f9f9; border-radius:5px;'>\n<summary style='font-weight:bold; cursor:pointer;'>Quanta copertura offre questo ombrello?<\/summary>\n<div style='margin-top:10px; color:#555;'>L&#8217;ombrello ha un diametro di 84 cm e offre una copertura adeguata per il bambino a scuola e durante le passeggiate.<\/div>\n<\/details>\n<details style='margin-bottom:10px; padding:10px; background:#f9f9f9; border-radius:5px;'>\n<summary style='font-weight:bold; cursor:pointer;'>\u00c8 adatta per l&#8217;uso quotidiano?<\/summary>\n<div style='margin-top:10px; color:#555;'>S\u00ec, l&#8217;ombrello \u00e8 pratico, facile da trasportare e adatto agli spostamenti quotidiani.<\/div>\n<\/details>\n<details style='margin-bottom:10px; padding:10px; background:#f9f9f9; border-radius:5px;'>\n<summary style='font-weight:bold; cursor:pointer;'>Pu\u00f2 essere usato come regalo?<\/summary>\n<div style='margin-top:10px; color:#555;'>S\u00ec, il disegno del unicorno per bambini lo rende una scelta allettante come regalo per i bambini.<\/div>\n<\/details>\n<details style='margin-bottom:10px; padding:10px; background:#f9f9f9; border-radius:5px;'>\n<summary style='font-weight:bold; cursor:pointer;'>Protegge dalla pioggia?<\/summary>\n<div style='margin-top:10px; color:#555;'>S\u00ec, l&#8217;ombrello \u00e8 progettato per proteggere dalla pioggia durante gli spostamenti quotidiani.<\/div>\n<\/details>\n<\/div>\n","protected":false},"excerpt":{"rendered":"<p>\u00f884cm Domande Frequenti Quanta copertura offre questo ombrello? L&#8217;ombrello ha un diametro di 84 cm e offre una copertura adeguata per il bambino a scuola e durante le passeggiate. \u00c8 adatta per l&#8217;uso quotidiano? S\u00ec, l&#8217;ombrello \u00e8 pratico, facile da trasportare e adatto agli spostamenti quotidiani. Pu\u00f2 essere usato come regalo? S\u00ec, il disegno del [&hellip;]<\/p>\n","protected":false},"featured_media":7341,"comment_status":"closed","ping_status":"open","template":"","meta":[],"product_brand":[],"product_cat":[],"product_tag":[15],"class_list":{"0":"post-5314348","1":"product","2":"type-product","3":"status-publish","4":"has-post-thumbnail","6":"product_tag-uncategorized","8":"first","9":"onbackorder","10":"purchasable","11":"product-type-simple"},"jetpack_sharing_enabled":true,"_links":{"self":[{"href":"https:\/\/gadgettravellers.eu\/it\/wp-json\/wp\/v2\/product\/5314348","targetHints":{"allow":["GET"]}}],"collection":[{"href":"https:\/\/gadgettravellers.eu\/it\/wp-json\/wp\/v2\/product"}],"about":[{"href":"https:\/\/gadgettravellers.eu\/it\/wp-json\/wp\/v2\/types\/product"}],"replies":[{"embeddable":true,"href":"https:\/\/gadgettravellers.eu\/it\/wp-json\/wp\/v2\/comments?post=5314348"}],"wp:featuredmedia":[{"embeddable":true,"href":"https:\/\/gadgettravellers.eu\/it\/wp-json\/wp\/v2\/media\/7341"}],"wp:attachment":[{"href":"https:\/\/gadgettravellers.eu\/it\/wp-json\/wp\/v2\/media?parent=5314348"}],"wp:term":[{"taxonomy":"product_brand","embeddable":true,"href":"https:\/\/gadgettravellers.eu\/it\/wp-json\/wp\/v2\/product_brand?post=5314348"},{"taxonomy":"product_cat","embeddable":true,"href":"https:\/\/gadgettravellers.eu\/it\/wp-json\/wp\/v2\/product_cat?post=5314348"},{"taxonomy":"product_tag","embeddable":true,"href":"https:\/\/gadgettravellers.eu\/it\/wp-json\/wp\/v2\/product_tag?post=5314348"}],"curies":[{"name":"wp","href":"https:\/\/api.w.org\/{rel}","templated":true}]}}