{"id":5314377,"date":"2026-01-19T14:10:19","date_gmt":"2026-01-19T12:10:19","guid":{"rendered":"https:\/\/gadgettravellers.eu\/shop\/ombrello-barbie-fucsia-rosa-h60cm-o70cm-barbie\/"},"modified":"2026-04-22T22:32:42","modified_gmt":"2026-04-22T20:32:42","slug":"ombrello-barbie-fucsia-rosa-h60cm-o70cm-barbie","status":"publish","type":"product","link":"https:\/\/gadgettravellers.eu\/it\/shop\/ombrello-barbie-fucsia-rosa-h60cm-o70cm-barbie\/","title":{"rendered":"Ombrello Barbie Fucsia-Rosa H60cm \u00f870cm Barbie"},"content":{"rendered":"<p>Barbie H60cm \u00f870cm<\/p>\n<div class='aiseo-faq-section' style='margin-top:30px; border-top:1px solid #eee; padding-top:20px;'>\n<h3>Domande Frequenti<\/h3>\n<details style='margin-bottom:10px; padding:10px; background:#f9f9f9; border-radius:5px;'>\n<summary style='font-weight:bold; cursor:pointer;'>Qual \u00e8 l&#8217;altezza e il diametro dell&#8217;ombrello?<\/summary>\n<div style='margin-top:10px; color:#555;'>Altezza 60 cm e diametro 70 cm.<\/div>\n<\/details>\n<details style='margin-bottom:10px; padding:10px; background:#f9f9f9; border-radius:5px;'>\n<summary style='font-weight:bold; cursor:pointer;'>\u00c8 adatto per i bambini?<\/summary>\n<div style='margin-top:10px; color:#555;'>S\u00ec, l&#8217;ombrello \u00e8 ideale per i bambini.<\/div>\n<\/details>\n<details style='margin-bottom:10px; padding:10px; background:#f9f9f9; border-radius:5px;'>\n<summary style='font-weight:bold; cursor:pointer;'>Cosa offre questo ombrello?<\/summary>\n<div style='margin-top:10px; color:#555;'>Offre ombra pratica e protezione per piccole attivit\u00e0 all&#8217;aperto.<\/div>\n<\/details>\n<\/div>\n","protected":false},"excerpt":{"rendered":"<p>Barbie H60cm \u00f870cm Domande Frequenti Qual \u00e8 l&#8217;altezza e il diametro dell&#8217;ombrello? Altezza 60 cm e diametro 70 cm. \u00c8 adatto per i bambini? S\u00ec, l&#8217;ombrello \u00e8 ideale per i bambini. Cosa offre questo ombrello? Offre ombra pratica e protezione per piccole attivit\u00e0 all&#8217;aperto.<\/p>\n","protected":false},"featured_media":7615,"comment_status":"closed","ping_status":"open","template":"","meta":[],"product_brand":[],"product_cat":[],"product_tag":[15],"class_list":{"0":"post-5314377","1":"product","2":"type-product","3":"status-publish","4":"has-post-thumbnail","6":"product_tag-uncategorized","8":"first","9":"onbackorder","10":"purchasable","11":"product-type-simple"},"jetpack_sharing_enabled":true,"_links":{"self":[{"href":"https:\/\/gadgettravellers.eu\/it\/wp-json\/wp\/v2\/product\/5314377","targetHints":{"allow":["GET"]}}],"collection":[{"href":"https:\/\/gadgettravellers.eu\/it\/wp-json\/wp\/v2\/product"}],"about":[{"href":"https:\/\/gadgettravellers.eu\/it\/wp-json\/wp\/v2\/types\/product"}],"replies":[{"embeddable":true,"href":"https:\/\/gadgettravellers.eu\/it\/wp-json\/wp\/v2\/comments?post=5314377"}],"wp:featuredmedia":[{"embeddable":true,"href":"https:\/\/gadgettravellers.eu\/it\/wp-json\/wp\/v2\/media\/7615"}],"wp:attachment":[{"href":"https:\/\/gadgettravellers.eu\/it\/wp-json\/wp\/v2\/media?parent=5314377"}],"wp:term":[{"taxonomy":"product_brand","embeddable":true,"href":"https:\/\/gadgettravellers.eu\/it\/wp-json\/wp\/v2\/product_brand?post=5314377"},{"taxonomy":"product_cat","embeddable":true,"href":"https:\/\/gadgettravellers.eu\/it\/wp-json\/wp\/v2\/product_cat?post=5314377"},{"taxonomy":"product_tag","embeddable":true,"href":"https:\/\/gadgettravellers.eu\/it\/wp-json\/wp\/v2\/product_tag?post=5314377"}],"curies":[{"name":"wp","href":"https:\/\/api.w.org\/{rel}","templated":true}]}}