{"id":5314386,"date":"2026-01-19T14:10:27","date_gmt":"2026-01-19T12:10:27","guid":{"rendered":"https:\/\/gadgettravellers.eu\/shop\/borsa-a-tracolla-a-doppia-zip-32x17x5cm-4teen4ty-401397\/"},"modified":"2026-04-22T22:32:46","modified_gmt":"2026-04-22T20:32:46","slug":"borsa-a-tracolla-a-doppia-zip-32x17x5cm-4teen4ty-401397","status":"publish","type":"product","link":"https:\/\/gadgettravellers.eu\/it\/shop\/borsa-a-tracolla-a-doppia-zip-32x17x5cm-4teen4ty-401397\/","title":{"rendered":"Borsa a tracolla a doppia zip 32x17x5cm 4teen4ty 401397"},"content":{"rendered":"<p>2 zip 32x17x5cm<\/p>\n<div class='aiseo-faq-section' style='margin-top:30px; border-top:1px solid #eee; padding-top:20px;'>\n<h3>Domande Frequenti<\/h3>\n<details style='margin-bottom:10px; padding:10px; background:#f9f9f9; border-radius:5px;'>\n<summary style='font-weight:bold; cursor:pointer;'>Quali sono le dimensioni della borsetta?<\/summary>\n<div style='margin-top:10px; color:#555;'>Le dimensioni sono 32x17x5 cm.<\/div>\n<\/details>\n<details style='margin-bottom:10px; padding:10px; background:#f9f9f9; border-radius:5px;'>\n<summary style='font-weight:bold; cursor:pointer;'>Quante cerniere ha?<\/summary>\n<div style='margin-top:10px; color:#555;'>Dispone di due cerniere per scomparti separati e una migliore organizzazione.<\/div>\n<\/details>\n<details style='margin-bottom:10px; padding:10px; background:#f9f9f9; border-radius:5px;'>\n<summary style='font-weight:bold; cursor:pointer;'>\u00c8 adatto per l&#8217;uso quotidiano?<\/summary>\n<div style='margin-top:10px; color:#555;'>S\u00ec, \u00e8 leggero e pratico, ideale per l&#8217;uso quotidiano.<\/div>\n<\/details>\n<details style='margin-bottom:10px; padding:10px; background:#f9f9f9; border-radius:5px;'>\n<summary style='font-weight:bold; cursor:pointer;'>Cosa pu\u00f2 trasportare in sicurezza?<\/summary>\n<div style='margin-top:10px; color:#555;'>Trasporta effetti personali in modo sicuro e organizzato grazie alle due tasche separate con cerniera.<\/div>\n<\/details>\n<\/div>\n","protected":false},"excerpt":{"rendered":"<p>2 zip 32x17x5cm Domande Frequenti Quali sono le dimensioni della borsetta? Le dimensioni sono 32x17x5 cm. Quante cerniere ha? Dispone di due cerniere per scomparti separati e una migliore organizzazione. \u00c8 adatto per l&#8217;uso quotidiano? S\u00ec, \u00e8 leggero e pratico, ideale per l&#8217;uso quotidiano. Cosa pu\u00f2 trasportare in sicurezza? Trasporta effetti personali in modo sicuro [&hellip;]<\/p>\n","protected":false},"featured_media":7653,"comment_status":"closed","ping_status":"open","template":"","meta":[],"product_brand":[],"product_cat":[],"product_tag":[15],"class_list":{"0":"post-5314386","1":"product","2":"type-product","3":"status-publish","4":"has-post-thumbnail","6":"product_tag-uncategorized","8":"first","9":"onbackorder","10":"purchasable","11":"product-type-simple"},"jetpack_sharing_enabled":true,"_links":{"self":[{"href":"https:\/\/gadgettravellers.eu\/it\/wp-json\/wp\/v2\/product\/5314386","targetHints":{"allow":["GET"]}}],"collection":[{"href":"https:\/\/gadgettravellers.eu\/it\/wp-json\/wp\/v2\/product"}],"about":[{"href":"https:\/\/gadgettravellers.eu\/it\/wp-json\/wp\/v2\/types\/product"}],"replies":[{"embeddable":true,"href":"https:\/\/gadgettravellers.eu\/it\/wp-json\/wp\/v2\/comments?post=5314386"}],"wp:featuredmedia":[{"embeddable":true,"href":"https:\/\/gadgettravellers.eu\/it\/wp-json\/wp\/v2\/media\/7653"}],"wp:attachment":[{"href":"https:\/\/gadgettravellers.eu\/it\/wp-json\/wp\/v2\/media?parent=5314386"}],"wp:term":[{"taxonomy":"product_brand","embeddable":true,"href":"https:\/\/gadgettravellers.eu\/it\/wp-json\/wp\/v2\/product_brand?post=5314386"},{"taxonomy":"product_cat","embeddable":true,"href":"https:\/\/gadgettravellers.eu\/it\/wp-json\/wp\/v2\/product_cat?post=5314386"},{"taxonomy":"product_tag","embeddable":true,"href":"https:\/\/gadgettravellers.eu\/it\/wp-json\/wp\/v2\/product_tag?post=5314386"}],"curies":[{"name":"wp","href":"https:\/\/api.w.org\/{rel}","templated":true}]}}