{"id":5314439,"date":"2026-01-19T14:11:11","date_gmt":"2026-01-19T12:11:11","guid":{"rendered":"https:\/\/gadgettravellers.eu\/shop\/guanti-monocromatici-donna-ragazza-4teen4ty-40526\/"},"modified":"2026-04-22T22:33:09","modified_gmt":"2026-04-22T20:33:09","slug":"guanti-monocromatici-donna-ragazza-4teen4ty-40526","status":"publish","type":"product","link":"https:\/\/gadgettravellers.eu\/it\/shop\/guanti-monocromatici-donna-ragazza-4teen4ty-40526\/","title":{"rendered":"Guanti Monocromatici Donna\/ragazza 4teen4ty 40526"},"content":{"rendered":"<p>Femminile, adolescenziale<\/p>\n<div class='aiseo-faq-section' style='margin-top:30px; border-top:1px solid #eee; padding-top:20px;'>\n<h3>Domande Frequenti<\/h3>\n<details style='margin-bottom:10px; padding:10px; background:#f9f9f9; border-radius:5px;'>\n<summary style='font-weight:bold; cursor:pointer;'>A chi sono destinati questi guanti?<\/summary>\n<div style='margin-top:10px; color:#555;'>Sono destinati a donne e adolescenti e sono adatti per l&#8217;uso quotidiano.<\/div>\n<\/details>\n<details style='margin-bottom:10px; padding:10px; background:#f9f9f9; border-radius:5px;'>\n<summary style='font-weight:bold; cursor:pointer;'>I guanti sono monocolore?<\/summary>\n<div style='margin-top:10px; color:#555;'>S\u00ec, il prodotto \u00e8 descritto come monocolore.<\/div>\n<\/details>\n<details style='margin-bottom:10px; padding:10px; background:#f9f9f9; border-radius:5px;'>\n<summary style='font-weight:bold; cursor:pointer;'>Qual \u00e8 lo stile d&#8217;uso per questi guanti?<\/summary>\n<div style='margin-top:10px; color:#555;'>Sono destinati a look casual e all&#8217;uso quotidiano.<\/div>\n<\/details>\n<details style='margin-bottom:10px; padding:10px; background:#f9f9f9; border-radius:5px;'>\n<summary style='font-weight:bold; cursor:pointer;'>Forniscono una vestibilit\u00e0 comoda?<\/summary>\n<div style='margin-top:10px; color:#555;'>S\u00ec, secondo la descrizione hanno una vestibilit\u00e0 comoda.<\/div>\n<\/details>\n<\/div>\n","protected":false},"excerpt":{"rendered":"<p>Femminile, adolescenziale Domande Frequenti A chi sono destinati questi guanti? Sono destinati a donne e adolescenti e sono adatti per l&#8217;uso quotidiano. I guanti sono monocolore? S\u00ec, il prodotto \u00e8 descritto come monocolore. Qual \u00e8 lo stile d&#8217;uso per questi guanti? Sono destinati a look casual e all&#8217;uso quotidiano. Forniscono una vestibilit\u00e0 comoda? S\u00ec, secondo [&hellip;]<\/p>\n","protected":false},"featured_media":8081,"comment_status":"closed","ping_status":"open","template":"","meta":[],"product_brand":[],"product_cat":[],"product_tag":[15],"class_list":{"0":"post-5314439","1":"product","2":"type-product","3":"status-publish","4":"has-post-thumbnail","6":"product_tag-uncategorized","8":"first","9":"onbackorder","10":"purchasable","11":"product-type-simple"},"jetpack_sharing_enabled":true,"_links":{"self":[{"href":"https:\/\/gadgettravellers.eu\/it\/wp-json\/wp\/v2\/product\/5314439","targetHints":{"allow":["GET"]}}],"collection":[{"href":"https:\/\/gadgettravellers.eu\/it\/wp-json\/wp\/v2\/product"}],"about":[{"href":"https:\/\/gadgettravellers.eu\/it\/wp-json\/wp\/v2\/types\/product"}],"replies":[{"embeddable":true,"href":"https:\/\/gadgettravellers.eu\/it\/wp-json\/wp\/v2\/comments?post=5314439"}],"wp:featuredmedia":[{"embeddable":true,"href":"https:\/\/gadgettravellers.eu\/it\/wp-json\/wp\/v2\/media\/8081"}],"wp:attachment":[{"href":"https:\/\/gadgettravellers.eu\/it\/wp-json\/wp\/v2\/media?parent=5314439"}],"wp:term":[{"taxonomy":"product_brand","embeddable":true,"href":"https:\/\/gadgettravellers.eu\/it\/wp-json\/wp\/v2\/product_brand?post=5314439"},{"taxonomy":"product_cat","embeddable":true,"href":"https:\/\/gadgettravellers.eu\/it\/wp-json\/wp\/v2\/product_cat?post=5314439"},{"taxonomy":"product_tag","embeddable":true,"href":"https:\/\/gadgettravellers.eu\/it\/wp-json\/wp\/v2\/product_tag?post=5314439"}],"curies":[{"name":"wp","href":"https:\/\/api.w.org\/{rel}","templated":true}]}}