{"id":5314477,"date":"2026-01-19T14:11:47","date_gmt":"2026-01-19T12:11:47","guid":{"rendered":"https:\/\/gadgettravellers.eu\/shop\/narghile-tsar-nitro-nx-hookah-33cm-tsar-1-1-560\/"},"modified":"2026-04-22T22:33:26","modified_gmt":"2026-04-22T20:33:26","slug":"narghile-tsar-nitro-nx-hookah-33cm-tsar-1-1-560","status":"publish","type":"product","link":"https:\/\/gadgettravellers.eu\/it\/shop\/narghile-tsar-nitro-nx-hookah-33cm-tsar-1-1-560\/","title":{"rendered":"Narghil\u00e8 Tsar Nitro Nx Hookah 33cm Tsar 1.1.560"},"content":{"rendered":"<p>Narghil\u00e8. Marca: Tsar Nitro Nx hookah, prodotto francese. Base: vetro borosilicato artigianale di alta qualit\u00e0. Componenti e bocchino: alluminio duro di alta qualit\u00e0. Tubo: silicone. Possibilit\u00e0 di utilizzo con 2 tubi. Testa (bowl): ceramica 33cm<\/p>\n","protected":false},"excerpt":{"rendered":"<p>Narghil\u00e8. Marca: Tsar Nitro Nx hookah, prodotto francese. Base: vetro borosilicato artigianale di alta qualit\u00e0. Componenti e bocchino: alluminio duro di alta qualit\u00e0. Tubo: silicone. Possibilit\u00e0 di utilizzo con 2 tubi. Testa (bowl): ceramica 33cm<\/p>\n","protected":false},"featured_media":8335,"comment_status":"closed","ping_status":"open","template":"","meta":[],"product_brand":[],"product_cat":[],"product_tag":[15],"class_list":{"0":"post-5314477","1":"product","2":"type-product","3":"status-publish","4":"has-post-thumbnail","6":"product_tag-uncategorized","8":"first","9":"onbackorder","10":"purchasable","11":"product-type-simple"},"jetpack_sharing_enabled":true,"_links":{"self":[{"href":"https:\/\/gadgettravellers.eu\/it\/wp-json\/wp\/v2\/product\/5314477","targetHints":{"allow":["GET"]}}],"collection":[{"href":"https:\/\/gadgettravellers.eu\/it\/wp-json\/wp\/v2\/product"}],"about":[{"href":"https:\/\/gadgettravellers.eu\/it\/wp-json\/wp\/v2\/types\/product"}],"replies":[{"embeddable":true,"href":"https:\/\/gadgettravellers.eu\/it\/wp-json\/wp\/v2\/comments?post=5314477"}],"wp:featuredmedia":[{"embeddable":true,"href":"https:\/\/gadgettravellers.eu\/it\/wp-json\/wp\/v2\/media\/8335"}],"wp:attachment":[{"href":"https:\/\/gadgettravellers.eu\/it\/wp-json\/wp\/v2\/media?parent=5314477"}],"wp:term":[{"taxonomy":"product_brand","embeddable":true,"href":"https:\/\/gadgettravellers.eu\/it\/wp-json\/wp\/v2\/product_brand?post=5314477"},{"taxonomy":"product_cat","embeddable":true,"href":"https:\/\/gadgettravellers.eu\/it\/wp-json\/wp\/v2\/product_cat?post=5314477"},{"taxonomy":"product_tag","embeddable":true,"href":"https:\/\/gadgettravellers.eu\/it\/wp-json\/wp\/v2\/product_tag?post=5314477"}],"curies":[{"name":"wp","href":"https:\/\/api.w.org\/{rel}","templated":true}]}}