{"id":5314522,"date":"2026-01-19T14:12:21","date_gmt":"2026-01-19T12:12:21","guid":{"rendered":"https:\/\/gadgettravellers.eu\/shop\/ciotola-per-tintura-capelli-15x135x5cm-300ml-4teen4ty-431121\/"},"modified":"2026-04-22T22:33:44","modified_gmt":"2026-04-22T20:33:44","slug":"ciotola-per-tintura-capelli-15x135x5cm-300ml-4teen4ty-431121","status":"publish","type":"product","link":"https:\/\/gadgettravellers.eu\/it\/shop\/ciotola-per-tintura-capelli-15x135x5cm-300ml-4teen4ty-431121\/","title":{"rendered":"Ciotola per Tintura Capelli 15&#215;13,5x5cm   300ml 4teen4ty 431121"},"content":{"rendered":"<p>Ciotola per tinta capelli 15&#215;13,5x5cm   300ml<\/p>\n<div class='aiseo-faq-section' style='margin-top:30px; border-top:1px solid #eee; padding-top:20px;'>\n<h3>Domande Frequenti<\/h3>\n<details style='margin-bottom:10px; padding:10px; background:#f9f9f9; border-radius:5px;'>\n<summary style='font-weight:bold; cursor:pointer;'>Qual \u00e8 la capacit\u00e0 di questa ciotola?<\/summary>\n<div style='margin-top:10px; color:#555;'>La capacit\u00e0 \u00e8 di 300 ml.<\/div>\n<\/details>\n<details style='margin-bottom:10px; padding:10px; background:#f9f9f9; border-radius:5px;'>\n<summary style='font-weight:bold; cursor:pointer;'>Quali sono le dimensioni del prodotto?<\/summary>\n<div style='margin-top:10px; color:#555;'>Le dimensioni sono 15 x 13,5 x 5 cm.<\/div>\n<\/details>\n<details style='margin-bottom:10px; padding:10px; background:#f9f9f9; border-radius:5px;'>\n<summary style='font-weight:bold; cursor:pointer;'>Pu\u00f2 essere utilizzato in salone e a casa?<\/summary>\n<div style='margin-top:10px; color:#555;'>S\u00ec, \u00e8 adatto per l&#8217;uso in salone o a casa.<\/div>\n<\/details>\n<details style='margin-bottom:10px; padding:10px; background:#f9f9f9; border-radius:5px;'>\n<summary style='font-weight:bold; cursor:pointer;'>\u00c8 facile da pulire?<\/summary>\n<div style='margin-top:10px; color:#555;'>S\u00ec, la ciotola \u00e8 pratica e facile da pulire.<\/div>\n<\/details>\n<\/div>\n","protected":false},"excerpt":{"rendered":"<p>Ciotola per tinta capelli 15&#215;13,5x5cm 300ml Domande Frequenti Qual \u00e8 la capacit\u00e0 di questa ciotola? La capacit\u00e0 \u00e8 di 300 ml. Quali sono le dimensioni del prodotto? Le dimensioni sono 15 x 13,5 x 5 cm. Pu\u00f2 essere utilizzato in salone e a casa? S\u00ec, \u00e8 adatto per l&#8217;uso in salone o a casa. \u00c8 [&hellip;]<\/p>\n","protected":false},"featured_media":8807,"comment_status":"closed","ping_status":"open","template":"","meta":[],"product_brand":[],"product_cat":[],"product_tag":[15],"class_list":{"0":"post-5314522","1":"product","2":"type-product","3":"status-publish","4":"has-post-thumbnail","6":"product_tag-uncategorized","8":"first","9":"onbackorder","10":"purchasable","11":"product-type-simple"},"jetpack_sharing_enabled":true,"_links":{"self":[{"href":"https:\/\/gadgettravellers.eu\/it\/wp-json\/wp\/v2\/product\/5314522","targetHints":{"allow":["GET"]}}],"collection":[{"href":"https:\/\/gadgettravellers.eu\/it\/wp-json\/wp\/v2\/product"}],"about":[{"href":"https:\/\/gadgettravellers.eu\/it\/wp-json\/wp\/v2\/types\/product"}],"replies":[{"embeddable":true,"href":"https:\/\/gadgettravellers.eu\/it\/wp-json\/wp\/v2\/comments?post=5314522"}],"wp:featuredmedia":[{"embeddable":true,"href":"https:\/\/gadgettravellers.eu\/it\/wp-json\/wp\/v2\/media\/8807"}],"wp:attachment":[{"href":"https:\/\/gadgettravellers.eu\/it\/wp-json\/wp\/v2\/media?parent=5314522"}],"wp:term":[{"taxonomy":"product_brand","embeddable":true,"href":"https:\/\/gadgettravellers.eu\/it\/wp-json\/wp\/v2\/product_brand?post=5314522"},{"taxonomy":"product_cat","embeddable":true,"href":"https:\/\/gadgettravellers.eu\/it\/wp-json\/wp\/v2\/product_cat?post=5314522"},{"taxonomy":"product_tag","embeddable":true,"href":"https:\/\/gadgettravellers.eu\/it\/wp-json\/wp\/v2\/product_tag?post=5314522"}],"curies":[{"name":"wp","href":"https:\/\/api.w.org\/{rel}","templated":true}]}}