{"id":5314547,"date":"2026-01-19T14:12:41","date_gmt":"2026-01-19T12:12:41","guid":{"rendered":"https:\/\/gadgettravellers.eu\/shop\/bandiere-di-plastica-per-feste-monocromatiche-set20pz-30x20cmx10m-carnavalista-231615\/"},"modified":"2026-04-22T22:33:55","modified_gmt":"2026-04-22T20:33:55","slug":"bandiere-di-plastica-per-feste-monocromatiche-set20pz-30x20cmx10m-carnavalista-231615","status":"publish","type":"product","link":"https:\/\/gadgettravellers.eu\/it\/shop\/bandiere-di-plastica-per-feste-monocromatiche-set20pz-30x20cmx10m-carnavalista-231615\/","title":{"rendered":"Bandiere di Plastica per Feste Monocromatiche set=20pz 30x20cmx10m Carnavalista 231615"},"content":{"rendered":"<p>Set=ghirlanda con 20 bandiere 30x20cmx10m<\/p>\n<div class='aiseo-faq-section' style='margin-top:30px; border-top:1px solid #eee; padding-top:20px;'>\n<h3>Domande Frequenti<\/h3>\n<details style='margin-bottom:10px; padding:10px; background:#f9f9f9; border-radius:5px;'>\n<summary style='font-weight:bold; cursor:pointer;'>Quante bandiere include il set?<\/summary>\n<div style='margin-top:10px; color:#555;'>Il set include 20 bandierine di plastica.<\/div>\n<\/details>\n<details style='margin-bottom:10px; padding:10px; background:#f9f9f9; border-radius:5px;'>\n<summary style='font-weight:bold; cursor:pointer;'>Quali sono le dimensioni di ogni bandiera?<\/summary>\n<div style='margin-top:10px; color:#555;'>Ogni bandiera ha dimensioni 30&#215;20 cm.<\/div>\n<\/details>\n<details style='margin-bottom:10px; padding:10px; background:#f9f9f9; border-radius:5px;'>\n<summary style='font-weight:bold; cursor:pointer;'>Qual \u00e8 la lunghezza totale della ghirlanda?<\/summary>\n<div style='margin-top:10px; color:#555;'>La lunghezza totale della ghirlanda \u00e8 di 10 metri.<\/div>\n<\/details>\n<details style='margin-bottom:10px; padding:10px; background:#f9f9f9; border-radius:5px;'>\n<summary style='font-weight:bold; cursor:pointer;'>Pu\u00f2 essere utilizzato anche all&#8217;aperto?<\/summary>\n<div style='margin-top:10px; color:#555;'>S\u00ec, \u00e8 adatta per uso interno ed esterno ed \u00e8 resistente.<\/div>\n<\/details>\n<details style='margin-bottom:10px; padding:10px; background:#f9f9f9; border-radius:5px;'>\n<summary style='font-weight:bold; cursor:pointer;'>\u00c8 facile appendere la ghirlanda?<\/summary>\n<div style='margin-top:10px; color:#555;'>S\u00ec, la ghirlanda \u00e8 facile da appendere.<\/div>\n<\/details>\n<\/div>\n","protected":false},"excerpt":{"rendered":"<p>Set=ghirlanda con 20 bandiere 30x20cmx10m Domande Frequenti Quante bandiere include il set? Il set include 20 bandierine di plastica. Quali sono le dimensioni di ogni bandiera? Ogni bandiera ha dimensioni 30&#215;20 cm. Qual \u00e8 la lunghezza totale della ghirlanda? La lunghezza totale della ghirlanda \u00e8 di 10 metri. Pu\u00f2 essere utilizzato anche all&#8217;aperto? S\u00ec, \u00e8 [&hellip;]<\/p>\n","protected":false},"featured_media":9448,"comment_status":"closed","ping_status":"open","template":"","meta":[],"product_brand":[],"product_cat":[],"product_tag":[15],"class_list":{"0":"post-5314547","1":"product","2":"type-product","3":"status-publish","4":"has-post-thumbnail","6":"product_tag-uncategorized","8":"first","9":"onbackorder","10":"purchasable","11":"product-type-simple"},"jetpack_sharing_enabled":true,"_links":{"self":[{"href":"https:\/\/gadgettravellers.eu\/it\/wp-json\/wp\/v2\/product\/5314547","targetHints":{"allow":["GET"]}}],"collection":[{"href":"https:\/\/gadgettravellers.eu\/it\/wp-json\/wp\/v2\/product"}],"about":[{"href":"https:\/\/gadgettravellers.eu\/it\/wp-json\/wp\/v2\/types\/product"}],"replies":[{"embeddable":true,"href":"https:\/\/gadgettravellers.eu\/it\/wp-json\/wp\/v2\/comments?post=5314547"}],"wp:featuredmedia":[{"embeddable":true,"href":"https:\/\/gadgettravellers.eu\/it\/wp-json\/wp\/v2\/media\/9448"}],"wp:attachment":[{"href":"https:\/\/gadgettravellers.eu\/it\/wp-json\/wp\/v2\/media?parent=5314547"}],"wp:term":[{"taxonomy":"product_brand","embeddable":true,"href":"https:\/\/gadgettravellers.eu\/it\/wp-json\/wp\/v2\/product_brand?post=5314547"},{"taxonomy":"product_cat","embeddable":true,"href":"https:\/\/gadgettravellers.eu\/it\/wp-json\/wp\/v2\/product_cat?post=5314547"},{"taxonomy":"product_tag","embeddable":true,"href":"https:\/\/gadgettravellers.eu\/it\/wp-json\/wp\/v2\/product_tag?post=5314547"}],"curies":[{"name":"wp","href":"https:\/\/api.w.org\/{rel}","templated":true}]}}