{"id":5314562,"date":"2026-01-19T14:12:54","date_gmt":"2026-01-19T12:12:54","guid":{"rendered":"https:\/\/gadgettravellers.eu\/shop\/palloncino-metallizzato-love-101x67cm-carnavalista-232170\/"},"modified":"2026-04-22T22:34:01","modified_gmt":"2026-04-22T20:34:01","slug":"palloncino-metallizzato-love-101x67cm-carnavalista-232170","status":"publish","type":"product","link":"https:\/\/gadgettravellers.eu\/it\/shop\/palloncino-metallizzato-love-101x67cm-carnavalista-232170\/","title":{"rendered":"Palloncino Metallizzato Love 101x67cm Carnavalista 232170"},"content":{"rendered":"<p>Foil 101x67cm<\/p>\n<div class='aiseo-faq-section' style='margin-top:30px; border-top:1px solid #eee; padding-top:20px;'>\n<h3>Domande Frequenti<\/h3>\n<details style='margin-bottom:10px; padding:10px; background:#f9f9f9; border-radius:5px;'>\n<summary style='font-weight:bold; cursor:pointer;'>Qual \u00e8 la dimensione di questo palloncino?<\/summary>\n<div style='margin-top:10px; color:#555;'>Il palloncino ha dimensioni 101&#215;67 cm ed \u00e8 a forma di cuore.<\/div>\n<\/details>\n<details style='margin-bottom:10px; padding:10px; background:#f9f9f9; border-radius:5px;'>\n<summary style='font-weight:bold; cursor:pointer;'>Pu\u00f2 essere riempito con elio?<\/summary>\n<div style='margin-top:10px; color:#555;'>S\u00ec, \u00e8 adatto per essere riempito con elio (helium) o con aria.<\/div>\n<\/details>\n<details style='margin-bottom:10px; padding:10px; background:#f9f9f9; border-radius:5px;'>\n<summary style='font-weight:bold; cursor:pointer;'>Di che materiale \u00e8 fatto?<\/summary>\n<div style='margin-top:10px; color:#555;'>\u00c8 realizzato in resistente foglio con finitura metallica lucida.<\/div>\n<\/details>\n<details style='margin-bottom:10px; padding:10px; background:#f9f9f9; border-radius:5px;'>\n<summary style='font-weight:bold; cursor:pointer;'>\u00c8 riutilizzabile?<\/summary>\n<div style='margin-top:10px; color:#555;'>S\u00ec, \u00e8 riutilizzabile e solitamente auto sigillante per un uso facile.<\/div>\n<\/details>\n<details style='margin-bottom:10px; padding:10px; background:#f9f9f9; border-radius:5px;'>\n<summary style='font-weight:bold; cursor:pointer;'>Per quali eventi \u00e8 consigliato?<\/summary>\n<div style='margin-top:10px; color:#555;'>Ideale per decorare feste, matrimoni e altri eventi speciali.<\/div>\n<\/details>\n<\/div>\n","protected":false},"excerpt":{"rendered":"<p>Foil 101x67cm Domande Frequenti Qual \u00e8 la dimensione di questo palloncino? Il palloncino ha dimensioni 101&#215;67 cm ed \u00e8 a forma di cuore. Pu\u00f2 essere riempito con elio? S\u00ec, \u00e8 adatto per essere riempito con elio (helium) o con aria. Di che materiale \u00e8 fatto? \u00c8 realizzato in resistente foglio con finitura metallica lucida. \u00c8 [&hellip;]<\/p>\n","protected":false},"featured_media":5180487,"comment_status":"closed","ping_status":"open","template":"","meta":[],"product_brand":[],"product_cat":[],"product_tag":[15],"class_list":{"0":"post-5314562","1":"product","2":"type-product","3":"status-publish","4":"has-post-thumbnail","6":"product_tag-uncategorized","8":"first","9":"onbackorder","10":"purchasable","11":"product-type-simple"},"jetpack_sharing_enabled":true,"_links":{"self":[{"href":"https:\/\/gadgettravellers.eu\/it\/wp-json\/wp\/v2\/product\/5314562","targetHints":{"allow":["GET"]}}],"collection":[{"href":"https:\/\/gadgettravellers.eu\/it\/wp-json\/wp\/v2\/product"}],"about":[{"href":"https:\/\/gadgettravellers.eu\/it\/wp-json\/wp\/v2\/types\/product"}],"replies":[{"embeddable":true,"href":"https:\/\/gadgettravellers.eu\/it\/wp-json\/wp\/v2\/comments?post=5314562"}],"wp:featuredmedia":[{"embeddable":true,"href":"https:\/\/gadgettravellers.eu\/it\/wp-json\/wp\/v2\/media\/5180487"}],"wp:attachment":[{"href":"https:\/\/gadgettravellers.eu\/it\/wp-json\/wp\/v2\/media?parent=5314562"}],"wp:term":[{"taxonomy":"product_brand","embeddable":true,"href":"https:\/\/gadgettravellers.eu\/it\/wp-json\/wp\/v2\/product_brand?post=5314562"},{"taxonomy":"product_cat","embeddable":true,"href":"https:\/\/gadgettravellers.eu\/it\/wp-json\/wp\/v2\/product_cat?post=5314562"},{"taxonomy":"product_tag","embeddable":true,"href":"https:\/\/gadgettravellers.eu\/it\/wp-json\/wp\/v2\/product_tag?post=5314562"}],"curies":[{"name":"wp","href":"https:\/\/api.w.org\/{rel}","templated":true}]}}