{"id":5314611,"date":"2026-01-19T14:13:38","date_gmt":"2026-01-19T12:13:38","guid":{"rendered":"https:\/\/gadgettravellers.eu\/shop\/strega-di-stoffa-con-sacchetto-di-dolci-carnavalista-232649\/"},"modified":"2026-04-22T22:34:23","modified_gmt":"2026-04-22T20:34:23","slug":"strega-di-stoffa-con-sacchetto-di-dolci-carnavalista-232649","status":"publish","type":"product","link":"https:\/\/gadgettravellers.eu\/it\/shop\/strega-di-stoffa-con-sacchetto-di-dolci-carnavalista-232649\/","title":{"rendered":"Strega di Stoffa con Sacchetto di Dolci Carnavalista 232649"},"content":{"rendered":"<p>Sacchetto di dolci<\/p>\n<div class='aiseo-faq-section' style='margin-top:30px; border-top:1px solid #eee; padding-top:20px;'>\n<h3>Domande Frequenti<\/h3>\n<details style='margin-bottom:10px; padding:10px; background:#f9f9f9; border-radius:5px;'>\n<summary style='font-weight:bold; cursor:pointer;'>Di che materiale \u00e8 fatto il costume?<\/summary>\n<div style='margin-top:10px; color:#555;'>La tuta \u00e8 realizzata in tessuto con una costruzione leggera.<\/div>\n<\/details>\n<details style='margin-bottom:10px; padding:10px; background:#f9f9f9; border-radius:5px;'>\n<summary style='font-weight:bold; cursor:pointer;'>La borsa \u00e8 integrata o rimovibile?<\/summary>\n<div style='margin-top:10px; color:#555;'>La borsetta \u00e8 integrata nel costume per una facile raccolta di dolci.<\/div>\n<\/details>\n<details style='margin-bottom:10px; padding:10px; background:#f9f9f9; border-radius:5px;'>\n<summary style='font-weight:bold; cursor:pointer;'>Per quali occasioni \u00e8 adatto il costume?<\/summary>\n<div style='margin-top:10px; color:#555;'>Ideale per carnevale, feste di carnevale, spettacoli teatrali e servizi fotografici.<\/div>\n<\/details>\n<details style='margin-bottom:10px; padding:10px; background:#f9f9f9; border-radius:5px;'>\n<summary style='font-weight:bold; cursor:pointer;'>\u00c8 comoda e facile da usare?<\/summary>\n<div style='margin-top:10px; color:#555;'>S\u00ec, la costruzione leggera offre comfort e facilit\u00e0 d&#8217;uso.<\/div>\n<\/details>\n<\/div>\n","protected":false},"excerpt":{"rendered":"<p>Sacchetto di dolci Domande Frequenti Di che materiale \u00e8 fatto il costume? La tuta \u00e8 realizzata in tessuto con una costruzione leggera. La borsa \u00e8 integrata o rimovibile? La borsetta \u00e8 integrata nel costume per una facile raccolta di dolci. Per quali occasioni \u00e8 adatto il costume? Ideale per carnevale, feste di carnevale, spettacoli teatrali [&hellip;]<\/p>\n","protected":false},"featured_media":5180510,"comment_status":"closed","ping_status":"open","template":"","meta":[],"product_brand":[],"product_cat":[],"product_tag":[5102,15],"class_list":{"0":"post-5314611","1":"product","2":"type-product","3":"status-publish","4":"has-post-thumbnail","6":"product_tag-halloween","7":"product_tag-uncategorized","9":"first","10":"onbackorder","11":"purchasable","12":"product-type-simple"},"jetpack_sharing_enabled":true,"_links":{"self":[{"href":"https:\/\/gadgettravellers.eu\/it\/wp-json\/wp\/v2\/product\/5314611","targetHints":{"allow":["GET"]}}],"collection":[{"href":"https:\/\/gadgettravellers.eu\/it\/wp-json\/wp\/v2\/product"}],"about":[{"href":"https:\/\/gadgettravellers.eu\/it\/wp-json\/wp\/v2\/types\/product"}],"replies":[{"embeddable":true,"href":"https:\/\/gadgettravellers.eu\/it\/wp-json\/wp\/v2\/comments?post=5314611"}],"wp:featuredmedia":[{"embeddable":true,"href":"https:\/\/gadgettravellers.eu\/it\/wp-json\/wp\/v2\/media\/5180510"}],"wp:attachment":[{"href":"https:\/\/gadgettravellers.eu\/it\/wp-json\/wp\/v2\/media?parent=5314611"}],"wp:term":[{"taxonomy":"product_brand","embeddable":true,"href":"https:\/\/gadgettravellers.eu\/it\/wp-json\/wp\/v2\/product_brand?post=5314611"},{"taxonomy":"product_cat","embeddable":true,"href":"https:\/\/gadgettravellers.eu\/it\/wp-json\/wp\/v2\/product_cat?post=5314611"},{"taxonomy":"product_tag","embeddable":true,"href":"https:\/\/gadgettravellers.eu\/it\/wp-json\/wp\/v2\/product_tag?post=5314611"}],"curies":[{"name":"wp","href":"https:\/\/api.w.org\/{rel}","templated":true}]}}