{"id":5314614,"date":"2026-01-19T14:13:41","date_gmt":"2026-01-19T12:13:41","guid":{"rendered":"https:\/\/gadgettravellers.eu\/shop\/zucca-decorativa-in-juta-o28cm-carnavalista-232656\/"},"modified":"2026-04-22T22:34:24","modified_gmt":"2026-04-22T20:34:24","slug":"zucca-decorativa-in-juta-o28cm-carnavalista-232656","status":"publish","type":"product","link":"https:\/\/gadgettravellers.eu\/it\/shop\/zucca-decorativa-in-juta-o28cm-carnavalista-232656\/","title":{"rendered":"Zucca decorativa in juta \u00f828cm Carnavalista 232656"},"content":{"rendered":"<p>Appendino in juta \u00f828cm<\/p>\n<div class='aiseo-faq-section' style='margin-top:30px; border-top:1px solid #eee; padding-top:20px;'>\n<h3>Domande Frequenti<\/h3>\n<details style='margin-bottom:10px; padding:10px; background:#f9f9f9; border-radius:5px;'>\n<summary style='font-weight:bold; cursor:pointer;'>Di quale materiale \u00e8 fatta la zucca?<\/summary>\n<div style='margin-top:10px; color:#555;'>\u00c8 realizzata in juta, un tessuto con una texture naturale.<\/div>\n<\/details>\n<details style='margin-bottom:10px; padding:10px; background:#f9f9f9; border-radius:5px;'>\n<summary style='font-weight:bold; cursor:pointer;'>Qual \u00e8 il diametro dell&#8217;oggetto?<\/summary>\n<div style='margin-top:10px; color:#555;'>Il diametro \u00e8 \u00d828cm.<\/div>\n<\/details>\n<details style='margin-bottom:10px; padding:10px; background:#f9f9f9; border-radius:5px;'>\n<summary style='font-weight:bold; cursor:pointer;'>Pu\u00f2 essere utilizzato all&#8217;aperto?<\/summary>\n<div style='margin-top:10px; color:#555;'>\u00c8 destinato principalmente all&#8217;uso interno e probabilmente non resiste a un&#8217;esposizione prolungata alle condizioni atmosferiche esterne.<\/div>\n<\/details>\n<details style='margin-bottom:10px; padding:10px; background:#f9f9f9; border-radius:5px;'>\n<summary style='font-weight:bold; cursor:pointer;'>A che tipo di arredamento si adatta?<\/summary>\n<div style='margin-top:10px; color:#555;'>Si adatta a decorazioni stagionali (Halloween, autunno) con un&#8217;estetica rustica e naturale.<\/div>\n<\/details>\n<\/div>\n","protected":false},"excerpt":{"rendered":"<p>Appendino in juta \u00f828cm Domande Frequenti Di quale materiale \u00e8 fatta la zucca? \u00c8 realizzata in juta, un tessuto con una texture naturale. Qual \u00e8 il diametro dell&#8217;oggetto? Il diametro \u00e8 \u00d828cm. Pu\u00f2 essere utilizzato all&#8217;aperto? \u00c8 destinato principalmente all&#8217;uso interno e probabilmente non resiste a un&#8217;esposizione prolungata alle condizioni atmosferiche esterne. A che tipo [&hellip;]<\/p>\n","protected":false},"featured_media":5180537,"comment_status":"closed","ping_status":"open","template":"","meta":[],"product_brand":[],"product_cat":[],"product_tag":[5102,15],"class_list":{"0":"post-5314614","1":"product","2":"type-product","3":"status-publish","4":"has-post-thumbnail","6":"product_tag-halloween","7":"product_tag-uncategorized","9":"first","10":"onbackorder","11":"purchasable","12":"product-type-simple"},"jetpack_sharing_enabled":true,"_links":{"self":[{"href":"https:\/\/gadgettravellers.eu\/it\/wp-json\/wp\/v2\/product\/5314614","targetHints":{"allow":["GET"]}}],"collection":[{"href":"https:\/\/gadgettravellers.eu\/it\/wp-json\/wp\/v2\/product"}],"about":[{"href":"https:\/\/gadgettravellers.eu\/it\/wp-json\/wp\/v2\/types\/product"}],"replies":[{"embeddable":true,"href":"https:\/\/gadgettravellers.eu\/it\/wp-json\/wp\/v2\/comments?post=5314614"}],"wp:featuredmedia":[{"embeddable":true,"href":"https:\/\/gadgettravellers.eu\/it\/wp-json\/wp\/v2\/media\/5180537"}],"wp:attachment":[{"href":"https:\/\/gadgettravellers.eu\/it\/wp-json\/wp\/v2\/media?parent=5314614"}],"wp:term":[{"taxonomy":"product_brand","embeddable":true,"href":"https:\/\/gadgettravellers.eu\/it\/wp-json\/wp\/v2\/product_brand?post=5314614"},{"taxonomy":"product_cat","embeddable":true,"href":"https:\/\/gadgettravellers.eu\/it\/wp-json\/wp\/v2\/product_cat?post=5314614"},{"taxonomy":"product_tag","embeddable":true,"href":"https:\/\/gadgettravellers.eu\/it\/wp-json\/wp\/v2\/product_tag?post=5314614"}],"curies":[{"name":"wp","href":"https:\/\/api.w.org\/{rel}","templated":true}]}}