{"id":5314636,"date":"2026-01-19T14:14:03","date_gmt":"2026-01-19T12:14:03","guid":{"rendered":"https:\/\/gadgettravellers.eu\/shop\/maschera-fantasma-senza-sangue-carnavalista-23834\/"},"modified":"2026-04-22T22:34:34","modified_gmt":"2026-04-22T20:34:34","slug":"maschera-fantasma-senza-sangue-carnavalista-23834","status":"publish","type":"product","link":"https:\/\/gadgettravellers.eu\/it\/shop\/maschera-fantasma-senza-sangue-carnavalista-23834\/","title":{"rendered":"Maschera Fantasma Senza Sangue Carnavalista 23834"},"content":{"rendered":"<p>Maschera<\/p>\n<div class='aiseo-faq-section' style='margin-top:30px; border-top:1px solid #eee; padding-top:20px;'>\n<h3>Domande Frequenti<\/h3>\n<details style='margin-bottom:10px; padding:10px; background:#f9f9f9; border-radius:5px;'>\n<summary style='font-weight:bold; cursor:pointer;'>Questa maschera \u00e8 adatta per adulti?<\/summary>\n<div style='margin-top:10px; color:#555;'>S\u00ec, dispone di una cinghia regolabile ed \u00e8 progettata per adattarsi alla maggior parte degli adulti.<\/div>\n<\/details>\n<details style='margin-bottom:10px; padding:10px; background:#f9f9f9; border-radius:5px;'>\n<summary style='font-weight:bold; cursor:pointer;'>Include sangue o \u00e8 molto realistica?<\/summary>\n<div style='margin-top:10px; color:#555;'>La maschera \u00e8 senza sangue e offre un aspetto spaventoso ma non eccessivamente realistico.<\/div>\n<\/details>\n<details style='margin-bottom:10px; padding:10px; background:#f9f9f9; border-radius:5px;'>\n<summary style='font-weight:bold; cursor:pointer;'>Posso usarla in spettacoli teatrali e carnevali?<\/summary>\n<div style='margin-top:10px; color:#555;'>S\u00ec, \u00e8 adatta per costumi di Carnevale, carnevali, spettacoli teatrali e feste a tema.<\/div>\n<\/details>\n<details style='margin-bottom:10px; padding:10px; background:#f9f9f9; border-radius:5px;'>\n<summary style='font-weight:bold; cursor:pointer;'>\u00c8 facile da curare e riutilizzabile?<\/summary>\n<div style='margin-top:10px; color:#555;'>S\u00ec, la maschera \u00e8 facile da pulire e riutilizzabile.<\/div>\n<\/details>\n<\/div>\n","protected":false},"excerpt":{"rendered":"<p>Maschera Domande Frequenti Questa maschera \u00e8 adatta per adulti? S\u00ec, dispone di una cinghia regolabile ed \u00e8 progettata per adattarsi alla maggior parte degli adulti. Include sangue o \u00e8 molto realistica? La maschera \u00e8 senza sangue e offre un aspetto spaventoso ma non eccessivamente realistico. Posso usarla in spettacoli teatrali e carnevali? S\u00ec, \u00e8 adatta [&hellip;]<\/p>\n","protected":false},"featured_media":5176840,"comment_status":"closed","ping_status":"open","template":"","meta":[],"product_brand":[],"product_cat":[],"product_tag":[5102,15],"class_list":{"0":"post-5314636","1":"product","2":"type-product","3":"status-publish","4":"has-post-thumbnail","6":"product_tag-halloween","7":"product_tag-uncategorized","9":"first","10":"onbackorder","11":"purchasable","12":"product-type-simple"},"jetpack_sharing_enabled":true,"_links":{"self":[{"href":"https:\/\/gadgettravellers.eu\/it\/wp-json\/wp\/v2\/product\/5314636","targetHints":{"allow":["GET"]}}],"collection":[{"href":"https:\/\/gadgettravellers.eu\/it\/wp-json\/wp\/v2\/product"}],"about":[{"href":"https:\/\/gadgettravellers.eu\/it\/wp-json\/wp\/v2\/types\/product"}],"replies":[{"embeddable":true,"href":"https:\/\/gadgettravellers.eu\/it\/wp-json\/wp\/v2\/comments?post=5314636"}],"wp:featuredmedia":[{"embeddable":true,"href":"https:\/\/gadgettravellers.eu\/it\/wp-json\/wp\/v2\/media\/5176840"}],"wp:attachment":[{"href":"https:\/\/gadgettravellers.eu\/it\/wp-json\/wp\/v2\/media?parent=5314636"}],"wp:term":[{"taxonomy":"product_brand","embeddable":true,"href":"https:\/\/gadgettravellers.eu\/it\/wp-json\/wp\/v2\/product_brand?post=5314636"},{"taxonomy":"product_cat","embeddable":true,"href":"https:\/\/gadgettravellers.eu\/it\/wp-json\/wp\/v2\/product_cat?post=5314636"},{"taxonomy":"product_tag","embeddable":true,"href":"https:\/\/gadgettravellers.eu\/it\/wp-json\/wp\/v2\/product_tag?post=5314636"}],"curies":[{"name":"wp","href":"https:\/\/api.w.org\/{rel}","templated":true}]}}