{"id":5314654,"date":"2026-01-19T14:14:19","date_gmt":"2026-01-19T12:14:19","guid":{"rendered":"https:\/\/gadgettravellers.eu\/shop\/candela-cookies-and-cream-in-barattolo-21h-85gr-netto-7x65cm-homie-57467\/"},"modified":"2026-04-22T22:34:41","modified_gmt":"2026-04-22T20:34:41","slug":"candela-cookies-and-cream-in-barattolo-21h-85gr-netto-7x65cm-homie-57467","status":"publish","type":"product","link":"https:\/\/gadgettravellers.eu\/it\/shop\/candela-cookies-and-cream-in-barattolo-21h-85gr-netto-7x65cm-homie-57467\/","title":{"rendered":"Candela Cookies and Cream in Barattolo 21h 85gr Netto, 7&#215;6,5cm Homie 57467"},"content":{"rendered":"<p>Cookies and cream 21h 85gr net, 7&#215;6,5cm<\/p>\n<div class='aiseo-faq-section' style='margin-top:30px; border-top:1px solid #eee; padding-top:20px;'>\n<h3>Domande Frequenti<\/h3>\n<details style='margin-bottom:10px; padding:10px; background:#f9f9f9; border-radius:5px;'>\n<summary style='font-weight:bold; cursor:pointer;'>Qual \u00e8 la durata della combustione della candela?<\/summary>\n<div style='margin-top:10px; color:#555;'>La durata della combustione \u00e8 di circa 21 ore.<\/div>\n<\/details>\n<details style='margin-bottom:10px; padding:10px; background:#f9f9f9; border-radius:5px;'>\n<summary style='font-weight:bold; cursor:pointer;'>Quanto pesa e quali sono le dimensioni?<\/summary>\n<div style='margin-top:10px; color:#555;'>Peso netto 85gr e dimensioni 7&#215;6,5 cm.<\/div>\n<\/details>\n<details style='margin-bottom:10px; padding:10px; background:#f9f9f9; border-radius:5px;'>\n<summary style='font-weight:bold; cursor:pointer;'>Qual \u00e8 la fragranza della candela?<\/summary>\n<div style='margin-top:10px; color:#555;'>Aroma cookies and cream.<\/div>\n<\/details>\n<details style='margin-bottom:10px; padding:10px; background:#f9f9f9; border-radius:5px;'>\n<summary style='font-weight:bold; cursor:pointer;'>Dove si adatta l&#8217;uso di questa candela?<\/summary>\n<div style='margin-top:10px; color:#555;'>Ideale per profumare e decorare la casa o come regalo.<\/div>\n<\/details>\n<\/div>\n","protected":false},"excerpt":{"rendered":"<p>Cookies and cream 21h 85gr net, 7&#215;6,5cm Domande Frequenti Qual \u00e8 la durata della combustione della candela? La durata della combustione \u00e8 di circa 21 ore. Quanto pesa e quali sono le dimensioni? Peso netto 85gr e dimensioni 7&#215;6,5 cm. Qual \u00e8 la fragranza della candela? Aroma cookies and cream. Dove si adatta l&#8217;uso di [&hellip;]<\/p>\n","protected":false},"featured_media":9988,"comment_status":"closed","ping_status":"open","template":"","meta":[],"product_brand":[],"product_cat":[],"product_tag":[15],"class_list":{"0":"post-5314654","1":"product","2":"type-product","3":"status-publish","4":"has-post-thumbnail","6":"product_tag-uncategorized","8":"first","9":"onbackorder","10":"purchasable","11":"product-type-simple"},"jetpack_sharing_enabled":true,"_links":{"self":[{"href":"https:\/\/gadgettravellers.eu\/it\/wp-json\/wp\/v2\/product\/5314654","targetHints":{"allow":["GET"]}}],"collection":[{"href":"https:\/\/gadgettravellers.eu\/it\/wp-json\/wp\/v2\/product"}],"about":[{"href":"https:\/\/gadgettravellers.eu\/it\/wp-json\/wp\/v2\/types\/product"}],"replies":[{"embeddable":true,"href":"https:\/\/gadgettravellers.eu\/it\/wp-json\/wp\/v2\/comments?post=5314654"}],"wp:featuredmedia":[{"embeddable":true,"href":"https:\/\/gadgettravellers.eu\/it\/wp-json\/wp\/v2\/media\/9988"}],"wp:attachment":[{"href":"https:\/\/gadgettravellers.eu\/it\/wp-json\/wp\/v2\/media?parent=5314654"}],"wp:term":[{"taxonomy":"product_brand","embeddable":true,"href":"https:\/\/gadgettravellers.eu\/it\/wp-json\/wp\/v2\/product_brand?post=5314654"},{"taxonomy":"product_cat","embeddable":true,"href":"https:\/\/gadgettravellers.eu\/it\/wp-json\/wp\/v2\/product_cat?post=5314654"},{"taxonomy":"product_tag","embeddable":true,"href":"https:\/\/gadgettravellers.eu\/it\/wp-json\/wp\/v2\/product_tag?post=5314654"}],"curies":[{"name":"wp","href":"https:\/\/api.w.org\/{rel}","templated":true}]}}