{"id":5314681,"date":"2026-01-19T14:14:40","date_gmt":"2026-01-19T12:14:40","guid":{"rendered":"https:\/\/gadgettravellers.eu\/shop\/candela-alla-citronella-in-barattolo-con-coperchio-6x5cm-105gross-30g-netto-homie-57499\/"},"modified":"2026-04-22T22:34:53","modified_gmt":"2026-04-22T20:34:53","slug":"candela-alla-citronella-in-barattolo-con-coperchio-6x5cm-105gross-30g-netto-homie-57499","status":"publish","type":"product","link":"https:\/\/gadgettravellers.eu\/it\/shop\/candela-alla-citronella-in-barattolo-con-coperchio-6x5cm-105gross-30g-netto-homie-57499\/","title":{"rendered":"Candela alla Citronella in Barattolo con Coperchio 6x5cm 105gross, 30g netto Homie 57499"},"content":{"rendered":"<p>Citronella 6x5cm 105gross, 30g netto<\/p>\n<div class='aiseo-faq-section' style='margin-top:30px; border-top:1px solid #eee; padding-top:20px;'>\n<h3>Domande Frequenti<\/h3>\n<details style='margin-bottom:10px; padding:10px; background:#f9f9f9; border-radius:5px;'>\n<summary style='font-weight:bold; cursor:pointer;'>Qual \u00e8 il peso netto della candela?<\/summary>\n<div style='margin-top:10px; color:#555;'>La cera ha un peso netto di 30 g.<\/div>\n<\/details>\n<details style='margin-bottom:10px; padding:10px; background:#f9f9f9; border-radius:5px;'>\n<summary style='font-weight:bold; cursor:pointer;'>Quali sono le dimensioni del prodotto?<\/summary>\n<div style='margin-top:10px; color:#555;'>Dimensioni 6&#215;5 cm (6 cm x 5 cm).<\/div>\n<\/details>\n<details style='margin-bottom:10px; padding:10px; background:#f9f9f9; border-radius:5px;'>\n<summary style='font-weight:bold; cursor:pointer;'>\u00c8 adatto per uso esterno?<\/summary>\n<div style='margin-top:10px; color:#555;'>S\u00ec, \u00e8 destinato all&#8217;uso esterno per la riduzione degli insetti ed \u00e8 piccolo e portatile.<\/div>\n<\/details>\n<\/div>\n","protected":false},"excerpt":{"rendered":"<p>Citronella 6x5cm 105gross, 30g netto Domande Frequenti Qual \u00e8 il peso netto della candela? La cera ha un peso netto di 30 g. Quali sono le dimensioni del prodotto? Dimensioni 6&#215;5 cm (6 cm x 5 cm). \u00c8 adatto per uso esterno? S\u00ec, \u00e8 destinato all&#8217;uso esterno per la riduzione degli insetti ed \u00e8 piccolo [&hellip;]<\/p>\n","protected":false},"featured_media":10207,"comment_status":"closed","ping_status":"open","template":"","meta":[],"product_brand":[],"product_cat":[],"product_tag":[15],"class_list":{"0":"post-5314681","1":"product","2":"type-product","3":"status-publish","4":"has-post-thumbnail","6":"product_tag-uncategorized","8":"first","9":"onbackorder","10":"purchasable","11":"product-type-simple"},"jetpack_sharing_enabled":true,"_links":{"self":[{"href":"https:\/\/gadgettravellers.eu\/it\/wp-json\/wp\/v2\/product\/5314681","targetHints":{"allow":["GET"]}}],"collection":[{"href":"https:\/\/gadgettravellers.eu\/it\/wp-json\/wp\/v2\/product"}],"about":[{"href":"https:\/\/gadgettravellers.eu\/it\/wp-json\/wp\/v2\/types\/product"}],"replies":[{"embeddable":true,"href":"https:\/\/gadgettravellers.eu\/it\/wp-json\/wp\/v2\/comments?post=5314681"}],"wp:featuredmedia":[{"embeddable":true,"href":"https:\/\/gadgettravellers.eu\/it\/wp-json\/wp\/v2\/media\/10207"}],"wp:attachment":[{"href":"https:\/\/gadgettravellers.eu\/it\/wp-json\/wp\/v2\/media?parent=5314681"}],"wp:term":[{"taxonomy":"product_brand","embeddable":true,"href":"https:\/\/gadgettravellers.eu\/it\/wp-json\/wp\/v2\/product_brand?post=5314681"},{"taxonomy":"product_cat","embeddable":true,"href":"https:\/\/gadgettravellers.eu\/it\/wp-json\/wp\/v2\/product_cat?post=5314681"},{"taxonomy":"product_tag","embeddable":true,"href":"https:\/\/gadgettravellers.eu\/it\/wp-json\/wp\/v2\/product_tag?post=5314681"}],"curies":[{"name":"wp","href":"https:\/\/api.w.org\/{rel}","templated":true}]}}